{"id":3184,"date":"2022-07-01T16:52:17","date_gmt":"2022-07-01T14:52:02","guid":{"rendered":"https:\/\/partneriot.com\/?post_type=product&#038;p=3184"},"modified":"2022-07-01T17:02:36","modified_gmt":"2022-07-01T15:02:36","slug":"estacion-de-contaminantes","status":"publish","type":"product","link":"https:\/\/partneriot.com\/es\/productos-iot\/gestion-medioambiental\/estacion-de-contaminantes\/","title":{"rendered":"Estaci\u00f3n de contaminantes"},"content":{"rendered":"<h2>Soluci\u00f3n IoT para la medici\u00f3n de contaminantes ambientales<\/h2>\n<p>La estaci\u00f3n de contaminantes de Partner IoT integra 11 sensores en un solo dispositivo, ofreciendo una medici\u00f3n precisa con capacidad de detectar: \u200b\u200bgases, part\u00edculas, nivel ac\u00fastico, temperatura y humedad. Un sistema que permite el c\u00e1lculo del \u00edndice de calidad del aire (ICA) de acuerdo con el requerimiento del Real Decreto 102\/2011.<\/p>\n<p>La estaci\u00f3n, calibrada para garantizar la m\u00e1xima fiabilidad en la medici\u00f3n, est\u00e1 fabricada con materiales que permiten mantener la eficiencia y precisi\u00f3n de la medici\u00f3n bajo condiciones clim\u00e1ticas adversas, adm\u00e1s de reducir a cero los costes de mantenimiento.<\/p>\n<p>Establece una red de dispositivos estrat\u00e9gicamente instalados en el terreno para disponer de un sistema eficiente de medici\u00f3n y monitorizaci\u00f3n de los niveles de contaminantes, que te permiten velar por el cumplimiento del marco legislativo europeo, estatal y auton\u00f3mico, relativos a los niveles de emisiones.<\/p>\n<p>Nuestra estaci\u00f3n de contaminantes est\u00e1 equipada con un m\u00f3dulo de comunicaci\u00f3n LoRaWAN, que proporciona conectividad a la plataforma de gesti\u00f3n de Partner IoT. Un sistema mediante el cual los usuarios pueden crear sus propios paneles, personaliz\u00e1ndolos f\u00e1cilmente con m\u00f3dulos de monitorizaci\u00f3n que permiten dise\u00f1ar un cuadro de mando integral seg\u00fan necesidades.<\/p>\n<hr \/>\n<h3>C\u00e1lculo de \u00cdndice de Calidad del Aire (ICA)<\/h3>\n<p>La estaci\u00f3n de contaminantes de Partner IoT es una herramienta eficiente para calcular el \u00cdndice Nacional de Calidad del Aire, el cual informa sobre el estado de la calidad del aire teniendo en cuenta los datos medidos en las estaciones de las redes de calidad del aire.<\/p>\n<p>El ICA se calcula de acuerdo con la media temporal de los siguientes par\u00e0metros:<\/p>\n<ul>\n<li><strong>NO2 i SO2<\/strong>: calcula la concentraci\u00f3n media de la \u00faltima hora.<\/li>\n<li><strong>O3<\/strong>: calcula la media m\u00f3vil de las concentraciones de las \u00faltimas 8 horas.<\/li>\n<li><strong>PM10 y PM2,5<\/strong>: calcula la media m\u00f3vil de las concentraciones de las \u00faltimas 24h.<\/li>\n<\/ul>\n","protected":false},"excerpt":{"rendered":"<p>La estaci\u00f3n de contaminados integra 11 sensores en un solo dispositivo que permite la medici\u00f3n precisa de par\u00e1metros ambientales contaminantes (gases, part\u00edculas, nivel ac\u00fastico, temperatura y humedad).<\/p>\n","protected":false},"featured_media":3183,"template":"","meta":{"om_disable_all_campaigns":false},"product_cat":[71],"product_tag":[83,85],"acf":[],"yoast_head":"<!-- This site is optimized with the Yoast SEO plugin v22.6 - https:\/\/yoast.com\/wordpress\/plugins\/seo\/ -->\n<title>Estaci\u00f3n de contaminantes | Partner IoT<\/title>\n<meta name=\"description\" content=\"La estaci\u00f3n de contaminados integra 11 sensores en un solo dispositivo que permite la medici\u00f3n precisa de par\u00e1metros ambientales contaminantes en entornos urbanos\" \/>\n<meta name=\"robots\" content=\"index, follow, max-snippet:-1, max-image-preview:large, max-video-preview:-1\" \/>\n<link rel=\"canonical\" href=\"https:\/\/partneriot.com\/es\/productos-iot\/gestion-medioambiental\/estacion-de-contaminantes\/\" \/>\n<meta property=\"og:locale\" content=\"es_ES\" \/>\n<meta property=\"og:type\" content=\"article\" \/>\n<meta property=\"og:title\" content=\"Estaci\u00f3n de contaminantes | Partner IoT\" \/>\n<meta property=\"og:description\" content=\"La estaci\u00f3n de contaminados integra 11 sensores en un solo dispositivo que permite la medici\u00f3n precisa de par\u00e1metros ambientales contaminantes en entornos urbanos\" \/>\n<meta property=\"og:url\" content=\"https:\/\/partneriot.com\/es\/productos-iot\/gestion-medioambiental\/estacion-de-contaminantes\/\" \/>\n<meta property=\"og:site_name\" content=\"Partner IoT\" \/>\n<meta property=\"article:modified_time\" content=\"2022-07-01T15:02:36+00:00\" \/>\n<meta property=\"og:image\" content=\"https:\/\/partneriot.com\/wp-content\/uploads\/img-estacio-de-contaminants.jpg\" \/>\n\t<meta property=\"og:image:width\" content=\"720\" \/>\n\t<meta property=\"og:image:height\" content=\"679\" \/>\n\t<meta property=\"og:image:type\" content=\"image\/jpeg\" \/>\n<meta name=\"twitter:card\" content=\"summary_large_image\" \/>\n<meta name=\"twitter:label1\" content=\"Tiempo de lectura\" \/>\n\t<meta name=\"twitter:data1\" content=\"2 minutos\" \/>\n<script type=\"application\/ld+json\" class=\"yoast-schema-graph\">{\"@context\":\"https:\/\/schema.org\",\"@graph\":[{\"@type\":\"WebPage\",\"@id\":\"https:\/\/partneriot.com\/es\/productos-iot\/gestion-medioambiental\/estacion-de-contaminantes\/\",\"url\":\"https:\/\/partneriot.com\/es\/productos-iot\/gestion-medioambiental\/estacion-de-contaminantes\/\",\"name\":\"Estaci\u00f3n de contaminantes | Partner IoT\",\"isPartOf\":{\"@id\":\"https:\/\/partneriot.com\/es\/#website\"},\"primaryImageOfPage\":{\"@id\":\"https:\/\/partneriot.com\/es\/productos-iot\/gestion-medioambiental\/estacion-de-contaminantes\/#primaryimage\"},\"image\":{\"@id\":\"https:\/\/partneriot.com\/es\/productos-iot\/gestion-medioambiental\/estacion-de-contaminantes\/#primaryimage\"},\"thumbnailUrl\":\"https:\/\/partneriot.com\/wp-content\/uploads\/img-estacio-de-contaminants.jpg\",\"datePublished\":\"2022-07-01T14:52:02+00:00\",\"dateModified\":\"2022-07-01T15:02:36+00:00\",\"description\":\"La estaci\u00f3n de contaminados integra 11 sensores en un solo dispositivo que permite la medici\u00f3n precisa de par\u00e1metros ambientales contaminantes en entornos urbanos\",\"breadcrumb\":{\"@id\":\"https:\/\/partneriot.com\/es\/productos-iot\/gestion-medioambiental\/estacion-de-contaminantes\/#breadcrumb\"},\"inLanguage\":\"es\",\"potentialAction\":[{\"@type\":\"ReadAction\",\"target\":[\"https:\/\/partneriot.com\/es\/productos-iot\/gestion-medioambiental\/estacion-de-contaminantes\/\"]}]},{\"@type\":\"ImageObject\",\"inLanguage\":\"es\",\"@id\":\"https:\/\/partneriot.com\/es\/productos-iot\/gestion-medioambiental\/estacion-de-contaminantes\/#primaryimage\",\"url\":\"https:\/\/partneriot.com\/wp-content\/uploads\/img-estacio-de-contaminants.jpg\",\"contentUrl\":\"https:\/\/partneriot.com\/wp-content\/uploads\/img-estacio-de-contaminants.jpg\",\"width\":720,\"height\":679,\"caption\":\"Estaci\u00f3n de contaminantes - productos IoT\"},{\"@type\":\"BreadcrumbList\",\"@id\":\"https:\/\/partneriot.com\/es\/productos-iot\/gestion-medioambiental\/estacion-de-contaminantes\/#breadcrumb\",\"itemListElement\":[{\"@type\":\"ListItem\",\"position\":1,\"name\":\"Productes IoT\",\"item\":\"https:\/\/partneriot.com\/productes-iot\/\"},{\"@type\":\"ListItem\",\"position\":2,\"name\":\"Estaci\u00f3n de contaminantes\"}]},{\"@type\":\"WebSite\",\"@id\":\"https:\/\/partneriot.com\/es\/#website\",\"url\":\"https:\/\/partneriot.com\/es\/\",\"name\":\"Partner IoT\",\"description\":\"Soluciones IoT para Smart Cities e Industria 4.0\",\"publisher\":{\"@id\":\"https:\/\/partneriot.com\/es\/#organization\"},\"potentialAction\":[{\"@type\":\"SearchAction\",\"target\":{\"@type\":\"EntryPoint\",\"urlTemplate\":\"https:\/\/partneriot.com\/es\/?s={search_term_string}\"},\"query-input\":\"required name=search_term_string\"}],\"inLanguage\":\"es\"},{\"@type\":\"Organization\",\"@id\":\"https:\/\/partneriot.com\/es\/#organization\",\"name\":\"Partner IoT\",\"url\":\"https:\/\/partneriot.com\/es\/\",\"logo\":{\"@type\":\"ImageObject\",\"inLanguage\":\"es\",\"@id\":\"https:\/\/partneriot.com\/es\/#\/schema\/logo\/image\/\",\"url\":\"https:\/\/partneriot.com\/wp-content\/uploads\/ParnerIoT-logo.svg\",\"contentUrl\":\"https:\/\/partneriot.com\/wp-content\/uploads\/ParnerIoT-logo.svg\",\"width\":1,\"height\":1,\"caption\":\"Partner IoT\"},\"image\":{\"@id\":\"https:\/\/partneriot.com\/es\/#\/schema\/logo\/image\/\"}}]}<\/script>\n<!-- \/ Yoast SEO plugin. -->","yoast_head_json":{"title":"Estaci\u00f3n de contaminantes | Partner IoT","description":"La estaci\u00f3n de contaminados integra 11 sensores en un solo dispositivo que permite la medici\u00f3n precisa de par\u00e1metros ambientales contaminantes en entornos urbanos","robots":{"index":"index","follow":"follow","max-snippet":"max-snippet:-1","max-image-preview":"max-image-preview:large","max-video-preview":"max-video-preview:-1"},"canonical":"https:\/\/partneriot.com\/es\/productos-iot\/gestion-medioambiental\/estacion-de-contaminantes\/","og_locale":"es_ES","og_type":"article","og_title":"Estaci\u00f3n de contaminantes | Partner IoT","og_description":"La estaci\u00f3n de contaminados integra 11 sensores en un solo dispositivo que permite la medici\u00f3n precisa de par\u00e1metros ambientales contaminantes en entornos urbanos","og_url":"https:\/\/partneriot.com\/es\/productos-iot\/gestion-medioambiental\/estacion-de-contaminantes\/","og_site_name":"Partner IoT","article_modified_time":"2022-07-01T15:02:36+00:00","og_image":[{"width":720,"height":679,"url":"https:\/\/partneriot.com\/wp-content\/uploads\/img-estacio-de-contaminants.jpg","type":"image\/jpeg"}],"twitter_card":"summary_large_image","twitter_misc":{"Tiempo de lectura":"2 minutos"},"schema":{"@context":"https:\/\/schema.org","@graph":[{"@type":"WebPage","@id":"https:\/\/partneriot.com\/es\/productos-iot\/gestion-medioambiental\/estacion-de-contaminantes\/","url":"https:\/\/partneriot.com\/es\/productos-iot\/gestion-medioambiental\/estacion-de-contaminantes\/","name":"Estaci\u00f3n de contaminantes | Partner IoT","isPartOf":{"@id":"https:\/\/partneriot.com\/es\/#website"},"primaryImageOfPage":{"@id":"https:\/\/partneriot.com\/es\/productos-iot\/gestion-medioambiental\/estacion-de-contaminantes\/#primaryimage"},"image":{"@id":"https:\/\/partneriot.com\/es\/productos-iot\/gestion-medioambiental\/estacion-de-contaminantes\/#primaryimage"},"thumbnailUrl":"https:\/\/partneriot.com\/wp-content\/uploads\/img-estacio-de-contaminants.jpg","datePublished":"2022-07-01T14:52:02+00:00","dateModified":"2022-07-01T15:02:36+00:00","description":"La estaci\u00f3n de contaminados integra 11 sensores en un solo dispositivo que permite la medici\u00f3n precisa de par\u00e1metros ambientales contaminantes en entornos urbanos","breadcrumb":{"@id":"https:\/\/partneriot.com\/es\/productos-iot\/gestion-medioambiental\/estacion-de-contaminantes\/#breadcrumb"},"inLanguage":"es","potentialAction":[{"@type":"ReadAction","target":["https:\/\/partneriot.com\/es\/productos-iot\/gestion-medioambiental\/estacion-de-contaminantes\/"]}]},{"@type":"ImageObject","inLanguage":"es","@id":"https:\/\/partneriot.com\/es\/productos-iot\/gestion-medioambiental\/estacion-de-contaminantes\/#primaryimage","url":"https:\/\/partneriot.com\/wp-content\/uploads\/img-estacio-de-contaminants.jpg","contentUrl":"https:\/\/partneriot.com\/wp-content\/uploads\/img-estacio-de-contaminants.jpg","width":720,"height":679,"caption":"Estaci\u00f3n de contaminantes - productos IoT"},{"@type":"BreadcrumbList","@id":"https:\/\/partneriot.com\/es\/productos-iot\/gestion-medioambiental\/estacion-de-contaminantes\/#breadcrumb","itemListElement":[{"@type":"ListItem","position":1,"name":"Productes IoT","item":"https:\/\/partneriot.com\/productes-iot\/"},{"@type":"ListItem","position":2,"name":"Estaci\u00f3n de contaminantes"}]},{"@type":"WebSite","@id":"https:\/\/partneriot.com\/es\/#website","url":"https:\/\/partneriot.com\/es\/","name":"Partner IoT","description":"Soluciones IoT para Smart Cities e Industria 4.0","publisher":{"@id":"https:\/\/partneriot.com\/es\/#organization"},"potentialAction":[{"@type":"SearchAction","target":{"@type":"EntryPoint","urlTemplate":"https:\/\/partneriot.com\/es\/?s={search_term_string}"},"query-input":"required name=search_term_string"}],"inLanguage":"es"},{"@type":"Organization","@id":"https:\/\/partneriot.com\/es\/#organization","name":"Partner IoT","url":"https:\/\/partneriot.com\/es\/","logo":{"@type":"ImageObject","inLanguage":"es","@id":"https:\/\/partneriot.com\/es\/#\/schema\/logo\/image\/","url":"https:\/\/partneriot.com\/wp-content\/uploads\/ParnerIoT-logo.svg","contentUrl":"https:\/\/partneriot.com\/wp-content\/uploads\/ParnerIoT-logo.svg","width":1,"height":1,"caption":"Partner IoT"},"image":{"@id":"https:\/\/partneriot.com\/es\/#\/schema\/logo\/image\/"}}]}},"_links":{"self":[{"href":"https:\/\/partneriot.com\/es\/wp-json\/wp\/v2\/product\/3184"}],"collection":[{"href":"https:\/\/partneriot.com\/es\/wp-json\/wp\/v2\/product"}],"about":[{"href":"https:\/\/partneriot.com\/es\/wp-json\/wp\/v2\/types\/product"}],"wp:featuredmedia":[{"embeddable":true,"href":"https:\/\/partneriot.com\/es\/wp-json\/wp\/v2\/media\/3183"}],"wp:attachment":[{"href":"https:\/\/partneriot.com\/es\/wp-json\/wp\/v2\/media?parent=3184"}],"wp:term":[{"taxonomy":"product_cat","embeddable":true,"href":"https:\/\/partneriot.com\/es\/wp-json\/wp\/v2\/product_cat?post=3184"},{"taxonomy":"product_tag","embeddable":true,"href":"https:\/\/partneriot.com\/es\/wp-json\/wp\/v2\/product_tag?post=3184"}],"curies":[{"name":"wp","href":"https:\/\/api.w.org\/{rel}","templated":true}]}}