{"id":3056,"date":"2022-06-09T10:42:40","date_gmt":"2022-06-09T08:42:40","guid":{"rendered":"https:\/\/partneriot.com\/productes-iot\/sin%20categor\u00eda\/sistema-obertura-contenidors-iot\/"},"modified":"2022-06-09T15:27:42","modified_gmt":"2022-06-09T13:27:42","slug":"sistema-apertura-contenedores-iot","status":"publish","type":"product","link":"https:\/\/partneriot.com\/es\/productos-iot\/gestion-medioambiental\/sistema-apertura-contenedores-iot\/","title":{"rendered":"Obertura de contenidors intel\u00b7ligents"},"content":{"rendered":"<h2>Sistema de apertura de contenedores inteligentes<\/h2>\n<p>El m\u00f3dulo de apertura de contenedores inteligentes de Partner IoT funciona mediante un peque\u00f1o dispositivo de comunicaci\u00f3n independiente y de f\u00e1cil instalaci\u00f3n en contenedores, que incrementa la eficiencia en la gesti\u00f3n de residuos urbanos, aumentando la optimizaci\u00f3n de los recursos y la seguridad.<\/p>\n<p>Un factor clave para beneficiarse del potencial aportado por la transformaci\u00f3n digital de los n\u00facleos urbanos y la transici\u00f3n hacia sistemas m\u00e1s sostenibles.<\/p>\n<p>Los datos obtenidos son enviados a la nube y accesibles desde la App de gesti\u00f3n IoT, equipada con un panel de gesti\u00f3n que facilita la comprensi\u00f3n de la informaci\u00f3n recibida para extraer datos valiosos que permiten mejorar las decisiones de gesti\u00f3n.<\/p>\n<h3>Control de llenado<\/h3>\n<p>Porcentaje de cumplimentado de contenedores. Optimiza la frecuencia de recogida y gesti\u00f3n en mantenimiento, atendiendo a necesidades reales, seg\u00fan zonas urbanas y franjas horarias.<\/p>\n<h3>Identificaci\u00f3n de usuarios NFC y RFID<\/h3>\n<p>Apertura de contenedores para depositar los residuos mediante identificaci\u00f3n de usuario con tecnolog\u00eda NFC y RFID y control de recogida selectiva.<\/p>\n<h3>Pesaje<\/h3>\n<p>Sistema de pesaje de contenedores. Aporta datos de los usuarios que reciclan y el peso total de residuos depositados por usuario, zona y franja horaria.<\/p>\n","protected":false},"excerpt":{"rendered":"<p>Sistema de apertura de contenedores inteligentes de f\u00e1cil instalaci\u00f3n para incrementar la eficiencia en la gesti\u00f3n de residuos urbanos.<\/p>\n","protected":false},"featured_media":3024,"template":"","meta":{"om_disable_all_campaigns":false},"product_cat":[71],"product_tag":[83,81],"acf":[],"yoast_head":"<!-- This site is optimized with the Yoast SEO plugin v22.6 - https:\/\/yoast.com\/wordpress\/plugins\/seo\/ -->\n<title>Obertura de contenidors intel\u00b7ligents | Partner IoT<\/title>\n<meta name=\"description\" content=\"Sistema d&#039;obertura de contenidors intel\u00b7ligents\u00a0de f\u00e0cil instal\u00b7laci\u00f3 per incrementar l\u2019efici\u00e8ncia en la gesti\u00f3 de residus urbans.\" \/>\n<meta name=\"robots\" content=\"index, follow, max-snippet:-1, max-image-preview:large, max-video-preview:-1\" \/>\n<link rel=\"canonical\" href=\"https:\/\/partneriot.com\/es\/productos-iot\/gestion-medioambiental\/sistema-apertura-contenedores-iot\/\" \/>\n<meta property=\"og:locale\" content=\"es_ES\" \/>\n<meta property=\"og:type\" content=\"article\" \/>\n<meta property=\"og:title\" content=\"Obertura de contenidors intel\u00b7ligents | Partner IoT\" \/>\n<meta property=\"og:description\" content=\"Sistema d&#039;obertura de contenidors intel\u00b7ligents\u00a0de f\u00e0cil instal\u00b7laci\u00f3 per incrementar l\u2019efici\u00e8ncia en la gesti\u00f3 de residus urbans.\" \/>\n<meta property=\"og:url\" content=\"https:\/\/partneriot.com\/es\/productos-iot\/gestion-medioambiental\/sistema-apertura-contenedores-iot\/\" \/>\n<meta property=\"og:site_name\" content=\"Partner IoT\" \/>\n<meta property=\"article:modified_time\" content=\"2022-06-09T13:27:42+00:00\" \/>\n<meta property=\"og:image\" content=\"https:\/\/partneriot.com\/wp-content\/uploads\/sistema-obertura-contenidors-iot.jpg\" \/>\n\t<meta property=\"og:image:width\" content=\"1024\" \/>\n\t<meta property=\"og:image:height\" content=\"1024\" \/>\n\t<meta property=\"og:image:type\" content=\"image\/jpeg\" \/>\n<meta name=\"twitter:card\" content=\"summary_large_image\" \/>\n<meta name=\"twitter:label1\" content=\"Tiempo de lectura\" \/>\n\t<meta name=\"twitter:data1\" content=\"1 minuto\" \/>\n<script type=\"application\/ld+json\" class=\"yoast-schema-graph\">{\"@context\":\"https:\/\/schema.org\",\"@graph\":[{\"@type\":\"WebPage\",\"@id\":\"https:\/\/partneriot.com\/es\/productos-iot\/gestion-medioambiental\/sistema-apertura-contenedores-iot\/\",\"url\":\"https:\/\/partneriot.com\/es\/productos-iot\/gestion-medioambiental\/sistema-apertura-contenedores-iot\/\",\"name\":\"Obertura de contenidors intel\u00b7ligents | Partner IoT\",\"isPartOf\":{\"@id\":\"https:\/\/partneriot.com\/es\/#website\"},\"primaryImageOfPage\":{\"@id\":\"https:\/\/partneriot.com\/es\/productos-iot\/gestion-medioambiental\/sistema-apertura-contenedores-iot\/#primaryimage\"},\"image\":{\"@id\":\"https:\/\/partneriot.com\/es\/productos-iot\/gestion-medioambiental\/sistema-apertura-contenedores-iot\/#primaryimage\"},\"thumbnailUrl\":\"https:\/\/partneriot.com\/wp-content\/uploads\/sistema-obertura-contenidors-iot.jpg\",\"datePublished\":\"2022-06-09T08:42:40+00:00\",\"dateModified\":\"2022-06-09T13:27:42+00:00\",\"description\":\"Sistema d'obertura de contenidors intel\u00b7ligents\u00a0de f\u00e0cil instal\u00b7laci\u00f3 per incrementar l\u2019efici\u00e8ncia en la gesti\u00f3 de residus urbans.\",\"breadcrumb\":{\"@id\":\"https:\/\/partneriot.com\/es\/productos-iot\/gestion-medioambiental\/sistema-apertura-contenedores-iot\/#breadcrumb\"},\"inLanguage\":\"es\",\"potentialAction\":[{\"@type\":\"ReadAction\",\"target\":[\"https:\/\/partneriot.com\/es\/productos-iot\/gestion-medioambiental\/sistema-apertura-contenedores-iot\/\"]}]},{\"@type\":\"ImageObject\",\"inLanguage\":\"es\",\"@id\":\"https:\/\/partneriot.com\/es\/productos-iot\/gestion-medioambiental\/sistema-apertura-contenedores-iot\/#primaryimage\",\"url\":\"https:\/\/partneriot.com\/wp-content\/uploads\/sistema-obertura-contenidors-iot.jpg\",\"contentUrl\":\"https:\/\/partneriot.com\/wp-content\/uploads\/sistema-obertura-contenidors-iot.jpg\",\"width\":1024,\"height\":1024,\"caption\":\"M\u00f3dulo de apertura de contenedores - productos IoT\"},{\"@type\":\"BreadcrumbList\",\"@id\":\"https:\/\/partneriot.com\/es\/productos-iot\/gestion-medioambiental\/sistema-apertura-contenedores-iot\/#breadcrumb\",\"itemListElement\":[{\"@type\":\"ListItem\",\"position\":1,\"name\":\"Productes IoT\",\"item\":\"https:\/\/partneriot.com\/productes-iot\/\"},{\"@type\":\"ListItem\",\"position\":2,\"name\":\"Obertura de contenidors intel\u00b7ligents\"}]},{\"@type\":\"WebSite\",\"@id\":\"https:\/\/partneriot.com\/es\/#website\",\"url\":\"https:\/\/partneriot.com\/es\/\",\"name\":\"Partner IoT\",\"description\":\"Soluciones IoT para Smart Cities e Industria 4.0\",\"publisher\":{\"@id\":\"https:\/\/partneriot.com\/es\/#organization\"},\"potentialAction\":[{\"@type\":\"SearchAction\",\"target\":{\"@type\":\"EntryPoint\",\"urlTemplate\":\"https:\/\/partneriot.com\/es\/?s={search_term_string}\"},\"query-input\":\"required name=search_term_string\"}],\"inLanguage\":\"es\"},{\"@type\":\"Organization\",\"@id\":\"https:\/\/partneriot.com\/es\/#organization\",\"name\":\"Partner IoT\",\"url\":\"https:\/\/partneriot.com\/es\/\",\"logo\":{\"@type\":\"ImageObject\",\"inLanguage\":\"es\",\"@id\":\"https:\/\/partneriot.com\/es\/#\/schema\/logo\/image\/\",\"url\":\"https:\/\/partneriot.com\/wp-content\/uploads\/ParnerIoT-logo.svg\",\"contentUrl\":\"https:\/\/partneriot.com\/wp-content\/uploads\/ParnerIoT-logo.svg\",\"width\":1,\"height\":1,\"caption\":\"Partner IoT\"},\"image\":{\"@id\":\"https:\/\/partneriot.com\/es\/#\/schema\/logo\/image\/\"}}]}<\/script>\n<!-- \/ Yoast SEO plugin. -->","yoast_head_json":{"title":"Obertura de contenidors intel\u00b7ligents | Partner IoT","description":"Sistema d'obertura de contenidors intel\u00b7ligents\u00a0de f\u00e0cil instal\u00b7laci\u00f3 per incrementar l\u2019efici\u00e8ncia en la gesti\u00f3 de residus urbans.","robots":{"index":"index","follow":"follow","max-snippet":"max-snippet:-1","max-image-preview":"max-image-preview:large","max-video-preview":"max-video-preview:-1"},"canonical":"https:\/\/partneriot.com\/es\/productos-iot\/gestion-medioambiental\/sistema-apertura-contenedores-iot\/","og_locale":"es_ES","og_type":"article","og_title":"Obertura de contenidors intel\u00b7ligents | Partner IoT","og_description":"Sistema d'obertura de contenidors intel\u00b7ligents\u00a0de f\u00e0cil instal\u00b7laci\u00f3 per incrementar l\u2019efici\u00e8ncia en la gesti\u00f3 de residus urbans.","og_url":"https:\/\/partneriot.com\/es\/productos-iot\/gestion-medioambiental\/sistema-apertura-contenedores-iot\/","og_site_name":"Partner IoT","article_modified_time":"2022-06-09T13:27:42+00:00","og_image":[{"width":1024,"height":1024,"url":"https:\/\/partneriot.com\/wp-content\/uploads\/sistema-obertura-contenidors-iot.jpg","type":"image\/jpeg"}],"twitter_card":"summary_large_image","twitter_misc":{"Tiempo de lectura":"1 minuto"},"schema":{"@context":"https:\/\/schema.org","@graph":[{"@type":"WebPage","@id":"https:\/\/partneriot.com\/es\/productos-iot\/gestion-medioambiental\/sistema-apertura-contenedores-iot\/","url":"https:\/\/partneriot.com\/es\/productos-iot\/gestion-medioambiental\/sistema-apertura-contenedores-iot\/","name":"Obertura de contenidors intel\u00b7ligents | Partner IoT","isPartOf":{"@id":"https:\/\/partneriot.com\/es\/#website"},"primaryImageOfPage":{"@id":"https:\/\/partneriot.com\/es\/productos-iot\/gestion-medioambiental\/sistema-apertura-contenedores-iot\/#primaryimage"},"image":{"@id":"https:\/\/partneriot.com\/es\/productos-iot\/gestion-medioambiental\/sistema-apertura-contenedores-iot\/#primaryimage"},"thumbnailUrl":"https:\/\/partneriot.com\/wp-content\/uploads\/sistema-obertura-contenidors-iot.jpg","datePublished":"2022-06-09T08:42:40+00:00","dateModified":"2022-06-09T13:27:42+00:00","description":"Sistema d'obertura de contenidors intel\u00b7ligents\u00a0de f\u00e0cil instal\u00b7laci\u00f3 per incrementar l\u2019efici\u00e8ncia en la gesti\u00f3 de residus urbans.","breadcrumb":{"@id":"https:\/\/partneriot.com\/es\/productos-iot\/gestion-medioambiental\/sistema-apertura-contenedores-iot\/#breadcrumb"},"inLanguage":"es","potentialAction":[{"@type":"ReadAction","target":["https:\/\/partneriot.com\/es\/productos-iot\/gestion-medioambiental\/sistema-apertura-contenedores-iot\/"]}]},{"@type":"ImageObject","inLanguage":"es","@id":"https:\/\/partneriot.com\/es\/productos-iot\/gestion-medioambiental\/sistema-apertura-contenedores-iot\/#primaryimage","url":"https:\/\/partneriot.com\/wp-content\/uploads\/sistema-obertura-contenidors-iot.jpg","contentUrl":"https:\/\/partneriot.com\/wp-content\/uploads\/sistema-obertura-contenidors-iot.jpg","width":1024,"height":1024,"caption":"M\u00f3dulo de apertura de contenedores - productos IoT"},{"@type":"BreadcrumbList","@id":"https:\/\/partneriot.com\/es\/productos-iot\/gestion-medioambiental\/sistema-apertura-contenedores-iot\/#breadcrumb","itemListElement":[{"@type":"ListItem","position":1,"name":"Productes IoT","item":"https:\/\/partneriot.com\/productes-iot\/"},{"@type":"ListItem","position":2,"name":"Obertura de contenidors intel\u00b7ligents"}]},{"@type":"WebSite","@id":"https:\/\/partneriot.com\/es\/#website","url":"https:\/\/partneriot.com\/es\/","name":"Partner IoT","description":"Soluciones IoT para Smart Cities e Industria 4.0","publisher":{"@id":"https:\/\/partneriot.com\/es\/#organization"},"potentialAction":[{"@type":"SearchAction","target":{"@type":"EntryPoint","urlTemplate":"https:\/\/partneriot.com\/es\/?s={search_term_string}"},"query-input":"required name=search_term_string"}],"inLanguage":"es"},{"@type":"Organization","@id":"https:\/\/partneriot.com\/es\/#organization","name":"Partner IoT","url":"https:\/\/partneriot.com\/es\/","logo":{"@type":"ImageObject","inLanguage":"es","@id":"https:\/\/partneriot.com\/es\/#\/schema\/logo\/image\/","url":"https:\/\/partneriot.com\/wp-content\/uploads\/ParnerIoT-logo.svg","contentUrl":"https:\/\/partneriot.com\/wp-content\/uploads\/ParnerIoT-logo.svg","width":1,"height":1,"caption":"Partner IoT"},"image":{"@id":"https:\/\/partneriot.com\/es\/#\/schema\/logo\/image\/"}}]}},"_links":{"self":[{"href":"https:\/\/partneriot.com\/es\/wp-json\/wp\/v2\/product\/3056"}],"collection":[{"href":"https:\/\/partneriot.com\/es\/wp-json\/wp\/v2\/product"}],"about":[{"href":"https:\/\/partneriot.com\/es\/wp-json\/wp\/v2\/types\/product"}],"wp:featuredmedia":[{"embeddable":true,"href":"https:\/\/partneriot.com\/es\/wp-json\/wp\/v2\/media\/3024"}],"wp:attachment":[{"href":"https:\/\/partneriot.com\/es\/wp-json\/wp\/v2\/media?parent=3056"}],"wp:term":[{"taxonomy":"product_cat","embeddable":true,"href":"https:\/\/partneriot.com\/es\/wp-json\/wp\/v2\/product_cat?post=3056"},{"taxonomy":"product_tag","embeddable":true,"href":"https:\/\/partneriot.com\/es\/wp-json\/wp\/v2\/product_tag?post=3056"}],"curies":[{"name":"wp","href":"https:\/\/api.w.org\/{rel}","templated":true}]}}