{"id":3050,"date":"2022-06-09T10:42:46","date_gmt":"2022-06-09T08:42:46","guid":{"rendered":"https:\/\/partneriot.com\/productes-iot\/sin%20categor\u00eda\/sensors-acustics\/"},"modified":"2022-06-09T15:26:39","modified_gmt":"2022-06-09T13:26:39","slug":"sensores-acusticos","status":"publish","type":"product","link":"https:\/\/partneriot.com\/es\/productos-iot\/gestion-medioambiental\/sensores-acusticos\/","title":{"rendered":"Sensores ac\u00fasticos"},"content":{"rendered":"<h2>Sistema IoT para controlar i reducir los niveles de contaminaci\u00f3n ac\u00fastica<\/h2>\n<p>Sensores ac\u00fasticos para controlar los niveles de emisiones por zonas en el entorno urbano, permitiendo la prevenci\u00f3n de la contaminaci\u00f3n medioambiental.<\/p>\n<p>Los sensores ac\u00fasticos de Partner IoT permite controlar y visualizar en tiempo real los niveles de emisiones por zonas del entorno urbano, proporcionando datos de valor que faciliten la prevenci\u00f3n de la contaminaci\u00f3n medioambiental.<\/p>\n<p>Establecen una red de dispositivos que vela por el cumplimiento del marco legislativo europeo, estatal y auton\u00f3mico relativo a los niveles de emisiones.<\/p>\n<p>Los sensores de Partener IoT son aut\u00f3nomos y de f\u00e1cil instalaci\u00f3n. Desarrollados con materiales que garantizan la m\u00e1xima protecci\u00f3n contra agentes externos como la lluvia, el viento, insectos o animales, aportando precisi\u00f3n sostenida y estable en la medici\u00f3n de emisiones medioambientales y reduciendo a cero el mantenimiento de la infraestructura.<\/p>\n<h3>\u00c1mbitos de aplicaci\u00f3n<\/h3>\n<p>Dispositivos completamente integrables en el paisaje urbano, que aportan una soluci\u00f3n que facilita la gesti\u00f3n de las Smart Cities y del sector industrial (ocio, medio ambiente, puertos y aeropuertos, carreteras, parques naturales, refugios clim\u00e1ticos&#8230;).<\/p>\n","protected":false},"excerpt":{"rendered":"<p>Sensores por la prevenci\u00f3n de la contaminaci\u00f3n medioambiental del entorno urbano, que permiten controlar y visualizar los niveles de emisiones por zonas.<\/p>\n","protected":false},"featured_media":3106,"template":"","meta":{"om_disable_all_campaigns":false},"product_cat":[71],"product_tag":[85],"acf":[],"yoast_head":"<!-- This site is optimized with the Yoast SEO plugin v22.6 - https:\/\/yoast.com\/wordpress\/plugins\/seo\/ -->\n<title>Sensores ac\u00fasticos | Partner IoT<\/title>\n<meta name=\"description\" content=\"Sensores ac\u00fasticos para controlar los niveles de emisiones por zonas en el entorno urbano, permitiendo la prevenci\u00f3n de la contaminaci\u00f3n medioambiental.\" \/>\n<meta name=\"robots\" content=\"index, follow, max-snippet:-1, max-image-preview:large, max-video-preview:-1\" \/>\n<link rel=\"canonical\" href=\"https:\/\/partneriot.com\/es\/productos-iot\/gestion-medioambiental\/sensores-acusticos\/\" \/>\n<meta property=\"og:locale\" content=\"es_ES\" \/>\n<meta property=\"og:type\" content=\"article\" \/>\n<meta property=\"og:title\" content=\"Sensores ac\u00fasticos | Partner IoT\" \/>\n<meta property=\"og:description\" content=\"Sensores ac\u00fasticos para controlar los niveles de emisiones por zonas en el entorno urbano, permitiendo la prevenci\u00f3n de la contaminaci\u00f3n medioambiental.\" \/>\n<meta property=\"og:url\" content=\"https:\/\/partneriot.com\/es\/productos-iot\/gestion-medioambiental\/sensores-acusticos\/\" \/>\n<meta property=\"og:site_name\" content=\"Partner IoT\" \/>\n<meta property=\"article:modified_time\" content=\"2022-06-09T13:26:39+00:00\" \/>\n<meta property=\"og:image\" content=\"https:\/\/partneriot.com\/wp-content\/uploads\/sensors-acustics.jpg\" \/>\n\t<meta property=\"og:image:width\" content=\"1024\" \/>\n\t<meta property=\"og:image:height\" content=\"1024\" \/>\n\t<meta property=\"og:image:type\" content=\"image\/jpeg\" \/>\n<meta name=\"twitter:card\" content=\"summary_large_image\" \/>\n<meta name=\"twitter:label1\" content=\"Tiempo de lectura\" \/>\n\t<meta name=\"twitter:data1\" content=\"1 minuto\" \/>\n<script type=\"application\/ld+json\" class=\"yoast-schema-graph\">{\"@context\":\"https:\/\/schema.org\",\"@graph\":[{\"@type\":\"WebPage\",\"@id\":\"https:\/\/partneriot.com\/es\/productos-iot\/gestion-medioambiental\/sensores-acusticos\/\",\"url\":\"https:\/\/partneriot.com\/es\/productos-iot\/gestion-medioambiental\/sensores-acusticos\/\",\"name\":\"Sensores ac\u00fasticos | Partner IoT\",\"isPartOf\":{\"@id\":\"https:\/\/partneriot.com\/es\/#website\"},\"primaryImageOfPage\":{\"@id\":\"https:\/\/partneriot.com\/es\/productos-iot\/gestion-medioambiental\/sensores-acusticos\/#primaryimage\"},\"image\":{\"@id\":\"https:\/\/partneriot.com\/es\/productos-iot\/gestion-medioambiental\/sensores-acusticos\/#primaryimage\"},\"thumbnailUrl\":\"https:\/\/partneriot.com\/wp-content\/uploads\/sensors-acustics.jpg\",\"datePublished\":\"2022-06-09T08:42:46+00:00\",\"dateModified\":\"2022-06-09T13:26:39+00:00\",\"description\":\"Sensores ac\u00fasticos para controlar los niveles de emisiones por zonas en el entorno urbano, permitiendo la prevenci\u00f3n de la contaminaci\u00f3n medioambiental.\",\"breadcrumb\":{\"@id\":\"https:\/\/partneriot.com\/es\/productos-iot\/gestion-medioambiental\/sensores-acusticos\/#breadcrumb\"},\"inLanguage\":\"es\",\"potentialAction\":[{\"@type\":\"ReadAction\",\"target\":[\"https:\/\/partneriot.com\/es\/productos-iot\/gestion-medioambiental\/sensores-acusticos\/\"]}]},{\"@type\":\"ImageObject\",\"inLanguage\":\"es\",\"@id\":\"https:\/\/partneriot.com\/es\/productos-iot\/gestion-medioambiental\/sensores-acusticos\/#primaryimage\",\"url\":\"https:\/\/partneriot.com\/wp-content\/uploads\/sensors-acustics.jpg\",\"contentUrl\":\"https:\/\/partneriot.com\/wp-content\/uploads\/sensors-acustics.jpg\",\"width\":1024,\"height\":1024,\"caption\":\"Sensores ac\u00fasticos - productos IoT\"},{\"@type\":\"BreadcrumbList\",\"@id\":\"https:\/\/partneriot.com\/es\/productos-iot\/gestion-medioambiental\/sensores-acusticos\/#breadcrumb\",\"itemListElement\":[{\"@type\":\"ListItem\",\"position\":1,\"name\":\"Productes IoT\",\"item\":\"https:\/\/partneriot.com\/productes-iot\/\"},{\"@type\":\"ListItem\",\"position\":2,\"name\":\"Sensores ac\u00fasticos\"}]},{\"@type\":\"WebSite\",\"@id\":\"https:\/\/partneriot.com\/es\/#website\",\"url\":\"https:\/\/partneriot.com\/es\/\",\"name\":\"Partner IoT\",\"description\":\"Soluciones IoT para Smart Cities e Industria 4.0\",\"publisher\":{\"@id\":\"https:\/\/partneriot.com\/es\/#organization\"},\"potentialAction\":[{\"@type\":\"SearchAction\",\"target\":{\"@type\":\"EntryPoint\",\"urlTemplate\":\"https:\/\/partneriot.com\/es\/?s={search_term_string}\"},\"query-input\":\"required name=search_term_string\"}],\"inLanguage\":\"es\"},{\"@type\":\"Organization\",\"@id\":\"https:\/\/partneriot.com\/es\/#organization\",\"name\":\"Partner IoT\",\"url\":\"https:\/\/partneriot.com\/es\/\",\"logo\":{\"@type\":\"ImageObject\",\"inLanguage\":\"es\",\"@id\":\"https:\/\/partneriot.com\/es\/#\/schema\/logo\/image\/\",\"url\":\"https:\/\/partneriot.com\/wp-content\/uploads\/ParnerIoT-logo.svg\",\"contentUrl\":\"https:\/\/partneriot.com\/wp-content\/uploads\/ParnerIoT-logo.svg\",\"width\":1,\"height\":1,\"caption\":\"Partner IoT\"},\"image\":{\"@id\":\"https:\/\/partneriot.com\/es\/#\/schema\/logo\/image\/\"}}]}<\/script>\n<!-- \/ Yoast SEO plugin. -->","yoast_head_json":{"title":"Sensores ac\u00fasticos | Partner IoT","description":"Sensores ac\u00fasticos para controlar los niveles de emisiones por zonas en el entorno urbano, permitiendo la prevenci\u00f3n de la contaminaci\u00f3n medioambiental.","robots":{"index":"index","follow":"follow","max-snippet":"max-snippet:-1","max-image-preview":"max-image-preview:large","max-video-preview":"max-video-preview:-1"},"canonical":"https:\/\/partneriot.com\/es\/productos-iot\/gestion-medioambiental\/sensores-acusticos\/","og_locale":"es_ES","og_type":"article","og_title":"Sensores ac\u00fasticos | Partner IoT","og_description":"Sensores ac\u00fasticos para controlar los niveles de emisiones por zonas en el entorno urbano, permitiendo la prevenci\u00f3n de la contaminaci\u00f3n medioambiental.","og_url":"https:\/\/partneriot.com\/es\/productos-iot\/gestion-medioambiental\/sensores-acusticos\/","og_site_name":"Partner IoT","article_modified_time":"2022-06-09T13:26:39+00:00","og_image":[{"width":1024,"height":1024,"url":"https:\/\/partneriot.com\/wp-content\/uploads\/sensors-acustics.jpg","type":"image\/jpeg"}],"twitter_card":"summary_large_image","twitter_misc":{"Tiempo de lectura":"1 minuto"},"schema":{"@context":"https:\/\/schema.org","@graph":[{"@type":"WebPage","@id":"https:\/\/partneriot.com\/es\/productos-iot\/gestion-medioambiental\/sensores-acusticos\/","url":"https:\/\/partneriot.com\/es\/productos-iot\/gestion-medioambiental\/sensores-acusticos\/","name":"Sensores ac\u00fasticos | Partner IoT","isPartOf":{"@id":"https:\/\/partneriot.com\/es\/#website"},"primaryImageOfPage":{"@id":"https:\/\/partneriot.com\/es\/productos-iot\/gestion-medioambiental\/sensores-acusticos\/#primaryimage"},"image":{"@id":"https:\/\/partneriot.com\/es\/productos-iot\/gestion-medioambiental\/sensores-acusticos\/#primaryimage"},"thumbnailUrl":"https:\/\/partneriot.com\/wp-content\/uploads\/sensors-acustics.jpg","datePublished":"2022-06-09T08:42:46+00:00","dateModified":"2022-06-09T13:26:39+00:00","description":"Sensores ac\u00fasticos para controlar los niveles de emisiones por zonas en el entorno urbano, permitiendo la prevenci\u00f3n de la contaminaci\u00f3n medioambiental.","breadcrumb":{"@id":"https:\/\/partneriot.com\/es\/productos-iot\/gestion-medioambiental\/sensores-acusticos\/#breadcrumb"},"inLanguage":"es","potentialAction":[{"@type":"ReadAction","target":["https:\/\/partneriot.com\/es\/productos-iot\/gestion-medioambiental\/sensores-acusticos\/"]}]},{"@type":"ImageObject","inLanguage":"es","@id":"https:\/\/partneriot.com\/es\/productos-iot\/gestion-medioambiental\/sensores-acusticos\/#primaryimage","url":"https:\/\/partneriot.com\/wp-content\/uploads\/sensors-acustics.jpg","contentUrl":"https:\/\/partneriot.com\/wp-content\/uploads\/sensors-acustics.jpg","width":1024,"height":1024,"caption":"Sensores ac\u00fasticos - productos IoT"},{"@type":"BreadcrumbList","@id":"https:\/\/partneriot.com\/es\/productos-iot\/gestion-medioambiental\/sensores-acusticos\/#breadcrumb","itemListElement":[{"@type":"ListItem","position":1,"name":"Productes IoT","item":"https:\/\/partneriot.com\/productes-iot\/"},{"@type":"ListItem","position":2,"name":"Sensores ac\u00fasticos"}]},{"@type":"WebSite","@id":"https:\/\/partneriot.com\/es\/#website","url":"https:\/\/partneriot.com\/es\/","name":"Partner IoT","description":"Soluciones IoT para Smart Cities e Industria 4.0","publisher":{"@id":"https:\/\/partneriot.com\/es\/#organization"},"potentialAction":[{"@type":"SearchAction","target":{"@type":"EntryPoint","urlTemplate":"https:\/\/partneriot.com\/es\/?s={search_term_string}"},"query-input":"required name=search_term_string"}],"inLanguage":"es"},{"@type":"Organization","@id":"https:\/\/partneriot.com\/es\/#organization","name":"Partner IoT","url":"https:\/\/partneriot.com\/es\/","logo":{"@type":"ImageObject","inLanguage":"es","@id":"https:\/\/partneriot.com\/es\/#\/schema\/logo\/image\/","url":"https:\/\/partneriot.com\/wp-content\/uploads\/ParnerIoT-logo.svg","contentUrl":"https:\/\/partneriot.com\/wp-content\/uploads\/ParnerIoT-logo.svg","width":1,"height":1,"caption":"Partner IoT"},"image":{"@id":"https:\/\/partneriot.com\/es\/#\/schema\/logo\/image\/"}}]}},"_links":{"self":[{"href":"https:\/\/partneriot.com\/es\/wp-json\/wp\/v2\/product\/3050"}],"collection":[{"href":"https:\/\/partneriot.com\/es\/wp-json\/wp\/v2\/product"}],"about":[{"href":"https:\/\/partneriot.com\/es\/wp-json\/wp\/v2\/types\/product"}],"wp:featuredmedia":[{"embeddable":true,"href":"https:\/\/partneriot.com\/es\/wp-json\/wp\/v2\/media\/3106"}],"wp:attachment":[{"href":"https:\/\/partneriot.com\/es\/wp-json\/wp\/v2\/media?parent=3050"}],"wp:term":[{"taxonomy":"product_cat","embeddable":true,"href":"https:\/\/partneriot.com\/es\/wp-json\/wp\/v2\/product_cat?post=3050"},{"taxonomy":"product_tag","embeddable":true,"href":"https:\/\/partneriot.com\/es\/wp-json\/wp\/v2\/product_tag?post=3050"}],"curies":[{"name":"wp","href":"https:\/\/api.w.org\/{rel}","templated":true}]}}