{"id":3034,"date":"2022-06-09T10:42:56","date_gmt":"2022-06-09T08:42:56","guid":{"rendered":"https:\/\/partneriot.com\/productes-iot\/sin%20categor\u00eda\/sensor-humectacion-de-hoja\/"},"modified":"2022-06-09T16:38:49","modified_gmt":"2022-06-09T14:38:49","slug":"sensor-humectacion-de-hoja","status":"publish","type":"product","link":"https:\/\/partneriot.com\/es\/productos-iot\/gestion-medioambiental\/sensor-humectacion-de-hoja\/","title":{"rendered":"Sensor humectaci\u00f3n de hoja"},"content":{"rendered":"<h2>Medici\u00f3n de la humidad acumulada en las hojas<\/h2>\n<p>El sensor de humectaci\u00f3n de fulla de Partner IoT <span class=\"Y2IQFc\" lang=\"es\">es una soluci\u00f3n de alta precisi\u00f3n estandarizada y calibrada que proporciona datos precisos para controlar el grado de humedad acumulado en las hojas de las plantas. Un factor imprescindible para la prevenci\u00f3n de plagas y enfermedades foliares (como roya y tiz\u00f3n), determinar el mejor momento para la fumigaci\u00f3n, o para la optimizaci\u00f3n del tipo de riego en nuestros cultivos.<\/span><\/p>\n<p id=\"tw-target-text\" class=\"tw-data-text tw-text-large tw-ta\" dir=\"ltr\" data-placeholder=\"Traducci\u00f3n\"><span class=\"Y2IQFc\" lang=\"es\">El sensor de humectaci\u00f3n IoT de Partner IoT es un sistema compacto y f\u00e1cil de instalar con conectividad LoRaWAN que aporta a los profesionales del campo e ingenieros agrarios, medidas precisas y fiables de sus cultivos. Se puede implementar como una red de dispositivos dispuestos estrat\u00e9gicamente en un \u00e1rea, para obtener una mayor visi\u00f3n del estado global de las parcelas.<\/span><\/p>\n<h3>Instalaci\u00f3n<\/h3>\n<p>Es un dispositivo de f\u00e1cil instalaci\u00f3n, s\u00f3lo debe disponer el sensor entre las hojas de su cultivo en las \u00e1reas m\u00e1s expuestas a la humedad. Su dise\u00f1o en forma foliar, imitando una hoja, permite una medici\u00f3n m\u00e1s realista para aportar datos m\u00e1s fiables.<\/p>\n<h3>Conectividad<\/h3>\n<p>La conectividad LoRaWAN proporciona una red de amplio alcance y bajo consumo, haci\u00e9ndolo un dispositivo IoT perfecto para la integraci\u00f3n con software y soluciones tecnol\u00f3gicamente avanzadas.<\/p>\n","protected":false},"excerpt":{"rendered":"<p>El sensor humectaci\u00f3n de hoja es un dispositivo IoT que permite medir el grado de humedad superficial acumulada en las hojas.<\/p>\n","protected":false},"featured_media":3020,"template":"","meta":{"om_disable_all_campaigns":false},"product_cat":[71],"product_tag":[82],"acf":[],"yoast_head":"<!-- This site is optimized with the Yoast SEO plugin v22.6 - https:\/\/yoast.com\/wordpress\/plugins\/seo\/ -->\n<title>Sensor humectaci\u00f3n de hoja | Partner IoT<\/title>\n<meta name=\"description\" content=\"El sensor de humectaci\u00f3n de hoja de Partner IoT proporciona datos precisos para controlar el grado de humidad acumulado en las hojas de las plantas.\" \/>\n<meta name=\"robots\" content=\"index, follow, max-snippet:-1, max-image-preview:large, max-video-preview:-1\" \/>\n<link rel=\"canonical\" href=\"https:\/\/partneriot.com\/es\/productos-iot\/gestion-medioambiental\/sensor-humectacion-de-hoja\/\" \/>\n<meta property=\"og:locale\" content=\"es_ES\" \/>\n<meta property=\"og:type\" content=\"article\" \/>\n<meta property=\"og:title\" content=\"Sensor humectaci\u00f3n de hoja | Partner IoT\" \/>\n<meta property=\"og:description\" content=\"El sensor de humectaci\u00f3n de hoja de Partner IoT proporciona datos precisos para controlar el grado de humidad acumulado en las hojas de las plantas.\" \/>\n<meta property=\"og:url\" content=\"https:\/\/partneriot.com\/es\/productos-iot\/gestion-medioambiental\/sensor-humectacion-de-hoja\/\" \/>\n<meta property=\"og:site_name\" content=\"Partner IoT\" \/>\n<meta property=\"article:modified_time\" content=\"2022-06-09T14:38:49+00:00\" \/>\n<meta property=\"og:image\" content=\"https:\/\/partneriot.com\/wp-content\/uploads\/sensor-humectacio-fulla.jpg\" \/>\n\t<meta property=\"og:image:width\" content=\"1024\" \/>\n\t<meta property=\"og:image:height\" content=\"1024\" \/>\n\t<meta property=\"og:image:type\" content=\"image\/jpeg\" \/>\n<meta name=\"twitter:card\" content=\"summary_large_image\" \/>\n<meta name=\"twitter:label1\" content=\"Tiempo de lectura\" \/>\n\t<meta name=\"twitter:data1\" content=\"2 minutos\" \/>\n<script type=\"application\/ld+json\" class=\"yoast-schema-graph\">{\"@context\":\"https:\/\/schema.org\",\"@graph\":[{\"@type\":\"WebPage\",\"@id\":\"https:\/\/partneriot.com\/es\/productos-iot\/gestion-medioambiental\/sensor-humectacion-de-hoja\/\",\"url\":\"https:\/\/partneriot.com\/es\/productos-iot\/gestion-medioambiental\/sensor-humectacion-de-hoja\/\",\"name\":\"Sensor humectaci\u00f3n de hoja | Partner IoT\",\"isPartOf\":{\"@id\":\"https:\/\/partneriot.com\/es\/#website\"},\"primaryImageOfPage\":{\"@id\":\"https:\/\/partneriot.com\/es\/productos-iot\/gestion-medioambiental\/sensor-humectacion-de-hoja\/#primaryimage\"},\"image\":{\"@id\":\"https:\/\/partneriot.com\/es\/productos-iot\/gestion-medioambiental\/sensor-humectacion-de-hoja\/#primaryimage\"},\"thumbnailUrl\":\"https:\/\/partneriot.com\/wp-content\/uploads\/sensor-humectacio-fulla.jpg\",\"datePublished\":\"2022-06-09T08:42:56+00:00\",\"dateModified\":\"2022-06-09T14:38:49+00:00\",\"description\":\"El sensor de humectaci\u00f3n de hoja de Partner IoT proporciona datos precisos para controlar el grado de humidad acumulado en las hojas de las plantas.\",\"breadcrumb\":{\"@id\":\"https:\/\/partneriot.com\/es\/productos-iot\/gestion-medioambiental\/sensor-humectacion-de-hoja\/#breadcrumb\"},\"inLanguage\":\"es\",\"potentialAction\":[{\"@type\":\"ReadAction\",\"target\":[\"https:\/\/partneriot.com\/es\/productos-iot\/gestion-medioambiental\/sensor-humectacion-de-hoja\/\"]}]},{\"@type\":\"ImageObject\",\"inLanguage\":\"es\",\"@id\":\"https:\/\/partneriot.com\/es\/productos-iot\/gestion-medioambiental\/sensor-humectacion-de-hoja\/#primaryimage\",\"url\":\"https:\/\/partneriot.com\/wp-content\/uploads\/sensor-humectacio-fulla.jpg\",\"contentUrl\":\"https:\/\/partneriot.com\/wp-content\/uploads\/sensor-humectacio-fulla.jpg\",\"width\":1024,\"height\":1024,\"caption\":\"Sensor humectaci\u00f3n de hoja - productos IoT\"},{\"@type\":\"BreadcrumbList\",\"@id\":\"https:\/\/partneriot.com\/es\/productos-iot\/gestion-medioambiental\/sensor-humectacion-de-hoja\/#breadcrumb\",\"itemListElement\":[{\"@type\":\"ListItem\",\"position\":1,\"name\":\"Productes IoT\",\"item\":\"https:\/\/partneriot.com\/productes-iot\/\"},{\"@type\":\"ListItem\",\"position\":2,\"name\":\"Sensor humectaci\u00f3n de hoja\"}]},{\"@type\":\"WebSite\",\"@id\":\"https:\/\/partneriot.com\/es\/#website\",\"url\":\"https:\/\/partneriot.com\/es\/\",\"name\":\"Partner IoT\",\"description\":\"Soluciones IoT para Smart Cities e Industria 4.0\",\"publisher\":{\"@id\":\"https:\/\/partneriot.com\/es\/#organization\"},\"potentialAction\":[{\"@type\":\"SearchAction\",\"target\":{\"@type\":\"EntryPoint\",\"urlTemplate\":\"https:\/\/partneriot.com\/es\/?s={search_term_string}\"},\"query-input\":\"required name=search_term_string\"}],\"inLanguage\":\"es\"},{\"@type\":\"Organization\",\"@id\":\"https:\/\/partneriot.com\/es\/#organization\",\"name\":\"Partner IoT\",\"url\":\"https:\/\/partneriot.com\/es\/\",\"logo\":{\"@type\":\"ImageObject\",\"inLanguage\":\"es\",\"@id\":\"https:\/\/partneriot.com\/es\/#\/schema\/logo\/image\/\",\"url\":\"https:\/\/partneriot.com\/wp-content\/uploads\/ParnerIoT-logo.svg\",\"contentUrl\":\"https:\/\/partneriot.com\/wp-content\/uploads\/ParnerIoT-logo.svg\",\"width\":1,\"height\":1,\"caption\":\"Partner IoT\"},\"image\":{\"@id\":\"https:\/\/partneriot.com\/es\/#\/schema\/logo\/image\/\"}}]}<\/script>\n<!-- \/ Yoast SEO plugin. -->","yoast_head_json":{"title":"Sensor humectaci\u00f3n de hoja | Partner IoT","description":"El sensor de humectaci\u00f3n de hoja de Partner IoT proporciona datos precisos para controlar el grado de humidad acumulado en las hojas de las plantas.","robots":{"index":"index","follow":"follow","max-snippet":"max-snippet:-1","max-image-preview":"max-image-preview:large","max-video-preview":"max-video-preview:-1"},"canonical":"https:\/\/partneriot.com\/es\/productos-iot\/gestion-medioambiental\/sensor-humectacion-de-hoja\/","og_locale":"es_ES","og_type":"article","og_title":"Sensor humectaci\u00f3n de hoja | Partner IoT","og_description":"El sensor de humectaci\u00f3n de hoja de Partner IoT proporciona datos precisos para controlar el grado de humidad acumulado en las hojas de las plantas.","og_url":"https:\/\/partneriot.com\/es\/productos-iot\/gestion-medioambiental\/sensor-humectacion-de-hoja\/","og_site_name":"Partner IoT","article_modified_time":"2022-06-09T14:38:49+00:00","og_image":[{"width":1024,"height":1024,"url":"https:\/\/partneriot.com\/wp-content\/uploads\/sensor-humectacio-fulla.jpg","type":"image\/jpeg"}],"twitter_card":"summary_large_image","twitter_misc":{"Tiempo de lectura":"2 minutos"},"schema":{"@context":"https:\/\/schema.org","@graph":[{"@type":"WebPage","@id":"https:\/\/partneriot.com\/es\/productos-iot\/gestion-medioambiental\/sensor-humectacion-de-hoja\/","url":"https:\/\/partneriot.com\/es\/productos-iot\/gestion-medioambiental\/sensor-humectacion-de-hoja\/","name":"Sensor humectaci\u00f3n de hoja | Partner IoT","isPartOf":{"@id":"https:\/\/partneriot.com\/es\/#website"},"primaryImageOfPage":{"@id":"https:\/\/partneriot.com\/es\/productos-iot\/gestion-medioambiental\/sensor-humectacion-de-hoja\/#primaryimage"},"image":{"@id":"https:\/\/partneriot.com\/es\/productos-iot\/gestion-medioambiental\/sensor-humectacion-de-hoja\/#primaryimage"},"thumbnailUrl":"https:\/\/partneriot.com\/wp-content\/uploads\/sensor-humectacio-fulla.jpg","datePublished":"2022-06-09T08:42:56+00:00","dateModified":"2022-06-09T14:38:49+00:00","description":"El sensor de humectaci\u00f3n de hoja de Partner IoT proporciona datos precisos para controlar el grado de humidad acumulado en las hojas de las plantas.","breadcrumb":{"@id":"https:\/\/partneriot.com\/es\/productos-iot\/gestion-medioambiental\/sensor-humectacion-de-hoja\/#breadcrumb"},"inLanguage":"es","potentialAction":[{"@type":"ReadAction","target":["https:\/\/partneriot.com\/es\/productos-iot\/gestion-medioambiental\/sensor-humectacion-de-hoja\/"]}]},{"@type":"ImageObject","inLanguage":"es","@id":"https:\/\/partneriot.com\/es\/productos-iot\/gestion-medioambiental\/sensor-humectacion-de-hoja\/#primaryimage","url":"https:\/\/partneriot.com\/wp-content\/uploads\/sensor-humectacio-fulla.jpg","contentUrl":"https:\/\/partneriot.com\/wp-content\/uploads\/sensor-humectacio-fulla.jpg","width":1024,"height":1024,"caption":"Sensor humectaci\u00f3n de hoja - productos IoT"},{"@type":"BreadcrumbList","@id":"https:\/\/partneriot.com\/es\/productos-iot\/gestion-medioambiental\/sensor-humectacion-de-hoja\/#breadcrumb","itemListElement":[{"@type":"ListItem","position":1,"name":"Productes IoT","item":"https:\/\/partneriot.com\/productes-iot\/"},{"@type":"ListItem","position":2,"name":"Sensor humectaci\u00f3n de hoja"}]},{"@type":"WebSite","@id":"https:\/\/partneriot.com\/es\/#website","url":"https:\/\/partneriot.com\/es\/","name":"Partner IoT","description":"Soluciones IoT para Smart Cities e Industria 4.0","publisher":{"@id":"https:\/\/partneriot.com\/es\/#organization"},"potentialAction":[{"@type":"SearchAction","target":{"@type":"EntryPoint","urlTemplate":"https:\/\/partneriot.com\/es\/?s={search_term_string}"},"query-input":"required name=search_term_string"}],"inLanguage":"es"},{"@type":"Organization","@id":"https:\/\/partneriot.com\/es\/#organization","name":"Partner IoT","url":"https:\/\/partneriot.com\/es\/","logo":{"@type":"ImageObject","inLanguage":"es","@id":"https:\/\/partneriot.com\/es\/#\/schema\/logo\/image\/","url":"https:\/\/partneriot.com\/wp-content\/uploads\/ParnerIoT-logo.svg","contentUrl":"https:\/\/partneriot.com\/wp-content\/uploads\/ParnerIoT-logo.svg","width":1,"height":1,"caption":"Partner IoT"},"image":{"@id":"https:\/\/partneriot.com\/es\/#\/schema\/logo\/image\/"}}]}},"_links":{"self":[{"href":"https:\/\/partneriot.com\/es\/wp-json\/wp\/v2\/product\/3034"}],"collection":[{"href":"https:\/\/partneriot.com\/es\/wp-json\/wp\/v2\/product"}],"about":[{"href":"https:\/\/partneriot.com\/es\/wp-json\/wp\/v2\/types\/product"}],"wp:featuredmedia":[{"embeddable":true,"href":"https:\/\/partneriot.com\/es\/wp-json\/wp\/v2\/media\/3020"}],"wp:attachment":[{"href":"https:\/\/partneriot.com\/es\/wp-json\/wp\/v2\/media?parent=3034"}],"wp:term":[{"taxonomy":"product_cat","embeddable":true,"href":"https:\/\/partneriot.com\/es\/wp-json\/wp\/v2\/product_cat?post=3034"},{"taxonomy":"product_tag","embeddable":true,"href":"https:\/\/partneriot.com\/es\/wp-json\/wp\/v2\/product_tag?post=3034"}],"curies":[{"name":"wp","href":"https:\/\/api.w.org\/{rel}","templated":true}]}}