{"id":2982,"date":"2022-06-09T09:27:23","date_gmt":"2022-06-09T07:27:23","guid":{"rendered":"https:\/\/partneriot.com\/productes-iot\/sin%20categor\u00eda\/sensor-de-pressio-industrial\/"},"modified":"2022-06-09T11:26:29","modified_gmt":"2022-06-09T09:26:29","slug":"sensor-de-presion-industrial","status":"publish","type":"product","link":"https:\/\/partneriot.com\/es\/productos-iot\/infraestructuras\/sensor-de-presion-industrial\/","title":{"rendered":"Sensor de presi\u00f3n industrial"},"content":{"rendered":"<h2>Sensor de presi\u00f3n industrial para el mesuramiento de presi\u00f3n i nivel de fluidos<\/h2>\n<p>El sensor de presi\u00f3n industrial de Partner IoT es un transmisor de presi\u00f3n y nivel, con dos variantes de producto: la est\u00e1ndar, con fijaci\u00f3n mediante rosca, y la de diafragma de lavado sanitario, especialmente desarrollado para su uso en el sector alimentario.<\/p>\n<p>Est\u00e1 dise\u00f1ado para soportar altas temperaturas, incluido el proceso de esterilizaci\u00f3n, y para la medici\u00f3n de medios que pueden ver obstruido el canal de presi\u00f3n de las conexiones debido a los procesos realizados.<\/p>\n<p>Todas las conexiones del transmisor est\u00e1n fabricadas con acero inoxidable y totalmente soldadas para aislar el medio de la medici\u00f3n de presi\u00f3n. A trav\u00e9s de su dise\u00f1o optimizado, la conexi\u00f3n del\u00a0 proceso de lavado permite la limpieza con el diafragma h\u00famedo integrado en el proceso, proporcionando una medici\u00f3n de presi\u00f3n eficiente y de bajo mantenimiento.<\/p>\n<p>La estaci\u00f3n ambiental integra un m\u00f3dulo de comunicaci\u00f3n LoRaWAN o NB-IoT, que permite el env\u00edo de los datos a la plataforma de gesti\u00f3n IoT para su monitorizaci\u00f3n, proporciona visibilidad en tiempo real a datos de valor.<\/p>\n","protected":false},"excerpt":{"rendered":"<p>Sensor de presi\u00f3n industrial por la medici\u00f3n de presi\u00f3n y nivel de fluidos con rosca o de diafragma de lavado sanitario.<\/p>\n","protected":false},"featured_media":2976,"template":"","meta":{"om_disable_all_campaigns":false},"product_cat":[67],"product_tag":[80],"acf":[],"yoast_head":"<!-- This site is optimized with the Yoast SEO plugin v22.6 - https:\/\/yoast.com\/wordpress\/plugins\/seo\/ -->\n<title>Sensor de presi\u00f3n industrial | Partner IoT<\/title>\n<meta name=\"description\" content=\"Sensor de presi\u00f3n industrial por la medici\u00f3n de presi\u00f3n y nivel de fluidos con rosca o de diafragma de lavado sanitario.\" \/>\n<meta name=\"robots\" content=\"index, follow, max-snippet:-1, max-image-preview:large, max-video-preview:-1\" \/>\n<link rel=\"canonical\" href=\"https:\/\/partneriot.com\/es\/productos-iot\/infraestructuras\/sensor-de-presion-industrial\/\" \/>\n<meta property=\"og:locale\" content=\"es_ES\" \/>\n<meta property=\"og:type\" content=\"article\" \/>\n<meta property=\"og:title\" content=\"Sensor de presi\u00f3n industrial | Partner IoT\" \/>\n<meta property=\"og:description\" content=\"Sensor de presi\u00f3n industrial por la medici\u00f3n de presi\u00f3n y nivel de fluidos con rosca o de diafragma de lavado sanitario.\" \/>\n<meta property=\"og:url\" content=\"https:\/\/partneriot.com\/es\/productos-iot\/infraestructuras\/sensor-de-presion-industrial\/\" \/>\n<meta property=\"og:site_name\" content=\"Partner IoT\" \/>\n<meta property=\"article:modified_time\" content=\"2022-06-09T09:26:29+00:00\" \/>\n<meta property=\"og:image\" content=\"https:\/\/partneriot.com\/wp-content\/uploads\/sensor-presio-industrial-01.jpg\" \/>\n\t<meta property=\"og:image:width\" content=\"1024\" \/>\n\t<meta property=\"og:image:height\" content=\"1024\" \/>\n\t<meta property=\"og:image:type\" content=\"image\/jpeg\" \/>\n<meta name=\"twitter:card\" content=\"summary_large_image\" \/>\n<meta name=\"twitter:label1\" content=\"Tiempo de lectura\" \/>\n\t<meta name=\"twitter:data1\" content=\"1 minuto\" \/>\n<script type=\"application\/ld+json\" class=\"yoast-schema-graph\">{\"@context\":\"https:\/\/schema.org\",\"@graph\":[{\"@type\":\"WebPage\",\"@id\":\"https:\/\/partneriot.com\/es\/productos-iot\/infraestructuras\/sensor-de-presion-industrial\/\",\"url\":\"https:\/\/partneriot.com\/es\/productos-iot\/infraestructuras\/sensor-de-presion-industrial\/\",\"name\":\"Sensor de presi\u00f3n industrial | Partner IoT\",\"isPartOf\":{\"@id\":\"https:\/\/partneriot.com\/es\/#website\"},\"primaryImageOfPage\":{\"@id\":\"https:\/\/partneriot.com\/es\/productos-iot\/infraestructuras\/sensor-de-presion-industrial\/#primaryimage\"},\"image\":{\"@id\":\"https:\/\/partneriot.com\/es\/productos-iot\/infraestructuras\/sensor-de-presion-industrial\/#primaryimage\"},\"thumbnailUrl\":\"https:\/\/partneriot.com\/wp-content\/uploads\/sensor-presio-industrial-01.jpg\",\"datePublished\":\"2022-06-09T07:27:23+00:00\",\"dateModified\":\"2022-06-09T09:26:29+00:00\",\"description\":\"Sensor de presi\u00f3n industrial por la medici\u00f3n de presi\u00f3n y nivel de fluidos con rosca o de diafragma de lavado sanitario.\",\"breadcrumb\":{\"@id\":\"https:\/\/partneriot.com\/es\/productos-iot\/infraestructuras\/sensor-de-presion-industrial\/#breadcrumb\"},\"inLanguage\":\"es\",\"potentialAction\":[{\"@type\":\"ReadAction\",\"target\":[\"https:\/\/partneriot.com\/es\/productos-iot\/infraestructuras\/sensor-de-presion-industrial\/\"]}]},{\"@type\":\"ImageObject\",\"inLanguage\":\"es\",\"@id\":\"https:\/\/partneriot.com\/es\/productos-iot\/infraestructuras\/sensor-de-presion-industrial\/#primaryimage\",\"url\":\"https:\/\/partneriot.com\/wp-content\/uploads\/sensor-presio-industrial-01.jpg\",\"contentUrl\":\"https:\/\/partneriot.com\/wp-content\/uploads\/sensor-presio-industrial-01.jpg\",\"width\":1024,\"height\":1024,\"caption\":\"Sensores de pressi\u00f3n industrial - productos IoT\"},{\"@type\":\"BreadcrumbList\",\"@id\":\"https:\/\/partneriot.com\/es\/productos-iot\/infraestructuras\/sensor-de-presion-industrial\/#breadcrumb\",\"itemListElement\":[{\"@type\":\"ListItem\",\"position\":1,\"name\":\"Productes IoT\",\"item\":\"https:\/\/partneriot.com\/productes-iot\/\"},{\"@type\":\"ListItem\",\"position\":2,\"name\":\"Sensor de presi\u00f3n industrial\"}]},{\"@type\":\"WebSite\",\"@id\":\"https:\/\/partneriot.com\/es\/#website\",\"url\":\"https:\/\/partneriot.com\/es\/\",\"name\":\"Partner IoT\",\"description\":\"Soluciones IoT para Smart Cities e Industria 4.0\",\"publisher\":{\"@id\":\"https:\/\/partneriot.com\/es\/#organization\"},\"potentialAction\":[{\"@type\":\"SearchAction\",\"target\":{\"@type\":\"EntryPoint\",\"urlTemplate\":\"https:\/\/partneriot.com\/es\/?s={search_term_string}\"},\"query-input\":\"required name=search_term_string\"}],\"inLanguage\":\"es\"},{\"@type\":\"Organization\",\"@id\":\"https:\/\/partneriot.com\/es\/#organization\",\"name\":\"Partner IoT\",\"url\":\"https:\/\/partneriot.com\/es\/\",\"logo\":{\"@type\":\"ImageObject\",\"inLanguage\":\"es\",\"@id\":\"https:\/\/partneriot.com\/es\/#\/schema\/logo\/image\/\",\"url\":\"https:\/\/partneriot.com\/wp-content\/uploads\/ParnerIoT-logo.svg\",\"contentUrl\":\"https:\/\/partneriot.com\/wp-content\/uploads\/ParnerIoT-logo.svg\",\"width\":1,\"height\":1,\"caption\":\"Partner IoT\"},\"image\":{\"@id\":\"https:\/\/partneriot.com\/es\/#\/schema\/logo\/image\/\"}}]}<\/script>\n<!-- \/ Yoast SEO plugin. -->","yoast_head_json":{"title":"Sensor de presi\u00f3n industrial | Partner IoT","description":"Sensor de presi\u00f3n industrial por la medici\u00f3n de presi\u00f3n y nivel de fluidos con rosca o de diafragma de lavado sanitario.","robots":{"index":"index","follow":"follow","max-snippet":"max-snippet:-1","max-image-preview":"max-image-preview:large","max-video-preview":"max-video-preview:-1"},"canonical":"https:\/\/partneriot.com\/es\/productos-iot\/infraestructuras\/sensor-de-presion-industrial\/","og_locale":"es_ES","og_type":"article","og_title":"Sensor de presi\u00f3n industrial | Partner IoT","og_description":"Sensor de presi\u00f3n industrial por la medici\u00f3n de presi\u00f3n y nivel de fluidos con rosca o de diafragma de lavado sanitario.","og_url":"https:\/\/partneriot.com\/es\/productos-iot\/infraestructuras\/sensor-de-presion-industrial\/","og_site_name":"Partner IoT","article_modified_time":"2022-06-09T09:26:29+00:00","og_image":[{"width":1024,"height":1024,"url":"https:\/\/partneriot.com\/wp-content\/uploads\/sensor-presio-industrial-01.jpg","type":"image\/jpeg"}],"twitter_card":"summary_large_image","twitter_misc":{"Tiempo de lectura":"1 minuto"},"schema":{"@context":"https:\/\/schema.org","@graph":[{"@type":"WebPage","@id":"https:\/\/partneriot.com\/es\/productos-iot\/infraestructuras\/sensor-de-presion-industrial\/","url":"https:\/\/partneriot.com\/es\/productos-iot\/infraestructuras\/sensor-de-presion-industrial\/","name":"Sensor de presi\u00f3n industrial | Partner IoT","isPartOf":{"@id":"https:\/\/partneriot.com\/es\/#website"},"primaryImageOfPage":{"@id":"https:\/\/partneriot.com\/es\/productos-iot\/infraestructuras\/sensor-de-presion-industrial\/#primaryimage"},"image":{"@id":"https:\/\/partneriot.com\/es\/productos-iot\/infraestructuras\/sensor-de-presion-industrial\/#primaryimage"},"thumbnailUrl":"https:\/\/partneriot.com\/wp-content\/uploads\/sensor-presio-industrial-01.jpg","datePublished":"2022-06-09T07:27:23+00:00","dateModified":"2022-06-09T09:26:29+00:00","description":"Sensor de presi\u00f3n industrial por la medici\u00f3n de presi\u00f3n y nivel de fluidos con rosca o de diafragma de lavado sanitario.","breadcrumb":{"@id":"https:\/\/partneriot.com\/es\/productos-iot\/infraestructuras\/sensor-de-presion-industrial\/#breadcrumb"},"inLanguage":"es","potentialAction":[{"@type":"ReadAction","target":["https:\/\/partneriot.com\/es\/productos-iot\/infraestructuras\/sensor-de-presion-industrial\/"]}]},{"@type":"ImageObject","inLanguage":"es","@id":"https:\/\/partneriot.com\/es\/productos-iot\/infraestructuras\/sensor-de-presion-industrial\/#primaryimage","url":"https:\/\/partneriot.com\/wp-content\/uploads\/sensor-presio-industrial-01.jpg","contentUrl":"https:\/\/partneriot.com\/wp-content\/uploads\/sensor-presio-industrial-01.jpg","width":1024,"height":1024,"caption":"Sensores de pressi\u00f3n industrial - productos IoT"},{"@type":"BreadcrumbList","@id":"https:\/\/partneriot.com\/es\/productos-iot\/infraestructuras\/sensor-de-presion-industrial\/#breadcrumb","itemListElement":[{"@type":"ListItem","position":1,"name":"Productes IoT","item":"https:\/\/partneriot.com\/productes-iot\/"},{"@type":"ListItem","position":2,"name":"Sensor de presi\u00f3n industrial"}]},{"@type":"WebSite","@id":"https:\/\/partneriot.com\/es\/#website","url":"https:\/\/partneriot.com\/es\/","name":"Partner IoT","description":"Soluciones IoT para Smart Cities e Industria 4.0","publisher":{"@id":"https:\/\/partneriot.com\/es\/#organization"},"potentialAction":[{"@type":"SearchAction","target":{"@type":"EntryPoint","urlTemplate":"https:\/\/partneriot.com\/es\/?s={search_term_string}"},"query-input":"required name=search_term_string"}],"inLanguage":"es"},{"@type":"Organization","@id":"https:\/\/partneriot.com\/es\/#organization","name":"Partner IoT","url":"https:\/\/partneriot.com\/es\/","logo":{"@type":"ImageObject","inLanguage":"es","@id":"https:\/\/partneriot.com\/es\/#\/schema\/logo\/image\/","url":"https:\/\/partneriot.com\/wp-content\/uploads\/ParnerIoT-logo.svg","contentUrl":"https:\/\/partneriot.com\/wp-content\/uploads\/ParnerIoT-logo.svg","width":1,"height":1,"caption":"Partner IoT"},"image":{"@id":"https:\/\/partneriot.com\/es\/#\/schema\/logo\/image\/"}}]}},"_links":{"self":[{"href":"https:\/\/partneriot.com\/es\/wp-json\/wp\/v2\/product\/2982"}],"collection":[{"href":"https:\/\/partneriot.com\/es\/wp-json\/wp\/v2\/product"}],"about":[{"href":"https:\/\/partneriot.com\/es\/wp-json\/wp\/v2\/types\/product"}],"wp:featuredmedia":[{"embeddable":true,"href":"https:\/\/partneriot.com\/es\/wp-json\/wp\/v2\/media\/2976"}],"wp:attachment":[{"href":"https:\/\/partneriot.com\/es\/wp-json\/wp\/v2\/media?parent=2982"}],"wp:term":[{"taxonomy":"product_cat","embeddable":true,"href":"https:\/\/partneriot.com\/es\/wp-json\/wp\/v2\/product_cat?post=2982"},{"taxonomy":"product_tag","embeddable":true,"href":"https:\/\/partneriot.com\/es\/wp-json\/wp\/v2\/product_tag?post=2982"}],"curies":[{"name":"wp","href":"https:\/\/api.w.org\/{rel}","templated":true}]}}