{"id":2863,"date":"2022-06-02T13:49:08","date_gmt":"2022-06-02T11:49:08","guid":{"rendered":"https:\/\/partneriot.com\/productes-iot\/sin%20categor\u00eda\/psicrometre\/"},"modified":"2022-06-09T16:35:40","modified_gmt":"2022-06-09T14:35:40","slug":"psicrometro","status":"publish","type":"product","link":"https:\/\/partneriot.com\/es\/productos-iot\/gestion-medioambiental\/psicrometro\/","title":{"rendered":"Psicr\u00f3metro"},"content":{"rendered":"<h2>Soluci\u00f3n IoT de alta precisi\u00f3n para la detecci\u00f3n y previsi\u00f3n de heladas<\/h2>\n<p>El dispositivo de detecci\u00f3n de heladas de Partner IoT es un sensor de alta precisi\u00f3n, integrado en un \u00fanico dispositivo compacto y resistente, que se entrega preconfigurado y calibrado.<\/p>\n<p>Junto a la plataforma, donde se realiza la relaci\u00f3n entre los par\u00e1metros obtenidos y las tablas psicom\u00e9tricas, el psicr\u00f3metro es una herramienta eficaz para la previsi\u00f3n de heladas.<\/p>\n<p>Este dispositivo integra un m\u00f3dulo de comunicaci\u00f3n LoRaWAN o NB-IoT, que permite el env\u00edo de los datos a la plataforma de gesti\u00f3n IoT, proporcionando visibilidad en tiempo real del estado de los dispositivos y de los niveles medidos.<\/p>\n","protected":false},"excerpt":{"rendered":"<p>El psicr\u00f3metro es un dispositivo IoT de alta precisi\u00f3n, compacto y resistente que permite la detecci\u00f3n y previsi\u00f3n de heladas.<\/p>\n","protected":false},"featured_media":2862,"template":"","meta":{"om_disable_all_campaigns":false},"product_cat":[71],"product_tag":[82],"acf":[],"yoast_head":"<!-- This site is optimized with the Yoast SEO plugin v22.6 - https:\/\/yoast.com\/wordpress\/plugins\/seo\/ -->\n<title>Psicr\u00f3metro | Partner IoT<\/title>\n<meta name=\"description\" content=\"El psicr\u00f3metro es una soluci\u00f3n IoT de alta precisi\u00f3n por la detecci\u00f3n y previsi\u00f3n de heladas.\" \/>\n<meta name=\"robots\" content=\"index, follow, max-snippet:-1, max-image-preview:large, max-video-preview:-1\" \/>\n<link rel=\"canonical\" href=\"https:\/\/partneriot.com\/es\/productos-iot\/gestion-medioambiental\/psicrometro\/\" \/>\n<meta property=\"og:locale\" content=\"es_ES\" \/>\n<meta property=\"og:type\" content=\"article\" \/>\n<meta property=\"og:title\" content=\"Psicr\u00f3metro | Partner IoT\" \/>\n<meta property=\"og:description\" content=\"El psicr\u00f3metro es una soluci\u00f3n IoT de alta precisi\u00f3n por la detecci\u00f3n y previsi\u00f3n de heladas.\" \/>\n<meta property=\"og:url\" content=\"https:\/\/partneriot.com\/es\/productos-iot\/gestion-medioambiental\/psicrometro\/\" \/>\n<meta property=\"og:site_name\" content=\"Partner IoT\" \/>\n<meta property=\"article:modified_time\" content=\"2022-06-09T14:35:40+00:00\" \/>\n<meta property=\"og:image\" content=\"https:\/\/partneriot.com\/wp-content\/uploads\/psicometre.jpg\" \/>\n\t<meta property=\"og:image:width\" content=\"720\" \/>\n\t<meta property=\"og:image:height\" content=\"679\" \/>\n\t<meta property=\"og:image:type\" content=\"image\/jpeg\" \/>\n<meta name=\"twitter:card\" content=\"summary_large_image\" \/>\n<meta name=\"twitter:label1\" content=\"Tiempo de lectura\" \/>\n\t<meta name=\"twitter:data1\" content=\"1 minuto\" \/>\n<script type=\"application\/ld+json\" class=\"yoast-schema-graph\">{\"@context\":\"https:\/\/schema.org\",\"@graph\":[{\"@type\":\"WebPage\",\"@id\":\"https:\/\/partneriot.com\/es\/productos-iot\/gestion-medioambiental\/psicrometro\/\",\"url\":\"https:\/\/partneriot.com\/es\/productos-iot\/gestion-medioambiental\/psicrometro\/\",\"name\":\"Psicr\u00f3metro | Partner IoT\",\"isPartOf\":{\"@id\":\"https:\/\/partneriot.com\/es\/#website\"},\"primaryImageOfPage\":{\"@id\":\"https:\/\/partneriot.com\/es\/productos-iot\/gestion-medioambiental\/psicrometro\/#primaryimage\"},\"image\":{\"@id\":\"https:\/\/partneriot.com\/es\/productos-iot\/gestion-medioambiental\/psicrometro\/#primaryimage\"},\"thumbnailUrl\":\"https:\/\/partneriot.com\/wp-content\/uploads\/psicometre.jpg\",\"datePublished\":\"2022-06-02T11:49:08+00:00\",\"dateModified\":\"2022-06-09T14:35:40+00:00\",\"description\":\"El psicr\u00f3metro es una soluci\u00f3n IoT de alta precisi\u00f3n por la detecci\u00f3n y previsi\u00f3n de heladas.\",\"breadcrumb\":{\"@id\":\"https:\/\/partneriot.com\/es\/productos-iot\/gestion-medioambiental\/psicrometro\/#breadcrumb\"},\"inLanguage\":\"es\",\"potentialAction\":[{\"@type\":\"ReadAction\",\"target\":[\"https:\/\/partneriot.com\/es\/productos-iot\/gestion-medioambiental\/psicrometro\/\"]}]},{\"@type\":\"ImageObject\",\"inLanguage\":\"es\",\"@id\":\"https:\/\/partneriot.com\/es\/productos-iot\/gestion-medioambiental\/psicrometro\/#primaryimage\",\"url\":\"https:\/\/partneriot.com\/wp-content\/uploads\/psicometre.jpg\",\"contentUrl\":\"https:\/\/partneriot.com\/wp-content\/uploads\/psicometre.jpg\",\"width\":720,\"height\":679,\"caption\":\"Psicr\u00f2metre - productes IoT\"},{\"@type\":\"BreadcrumbList\",\"@id\":\"https:\/\/partneriot.com\/es\/productos-iot\/gestion-medioambiental\/psicrometro\/#breadcrumb\",\"itemListElement\":[{\"@type\":\"ListItem\",\"position\":1,\"name\":\"Productes IoT\",\"item\":\"https:\/\/partneriot.com\/productes-iot\/\"},{\"@type\":\"ListItem\",\"position\":2,\"name\":\"Psicr\u00f3metro\"}]},{\"@type\":\"WebSite\",\"@id\":\"https:\/\/partneriot.com\/es\/#website\",\"url\":\"https:\/\/partneriot.com\/es\/\",\"name\":\"Partner IoT\",\"description\":\"Soluciones IoT para Smart Cities e Industria 4.0\",\"publisher\":{\"@id\":\"https:\/\/partneriot.com\/es\/#organization\"},\"potentialAction\":[{\"@type\":\"SearchAction\",\"target\":{\"@type\":\"EntryPoint\",\"urlTemplate\":\"https:\/\/partneriot.com\/es\/?s={search_term_string}\"},\"query-input\":\"required name=search_term_string\"}],\"inLanguage\":\"es\"},{\"@type\":\"Organization\",\"@id\":\"https:\/\/partneriot.com\/es\/#organization\",\"name\":\"Partner IoT\",\"url\":\"https:\/\/partneriot.com\/es\/\",\"logo\":{\"@type\":\"ImageObject\",\"inLanguage\":\"es\",\"@id\":\"https:\/\/partneriot.com\/es\/#\/schema\/logo\/image\/\",\"url\":\"https:\/\/partneriot.com\/wp-content\/uploads\/ParnerIoT-logo.svg\",\"contentUrl\":\"https:\/\/partneriot.com\/wp-content\/uploads\/ParnerIoT-logo.svg\",\"width\":1,\"height\":1,\"caption\":\"Partner IoT\"},\"image\":{\"@id\":\"https:\/\/partneriot.com\/es\/#\/schema\/logo\/image\/\"}}]}<\/script>\n<!-- \/ Yoast SEO plugin. -->","yoast_head_json":{"title":"Psicr\u00f3metro | Partner IoT","description":"El psicr\u00f3metro es una soluci\u00f3n IoT de alta precisi\u00f3n por la detecci\u00f3n y previsi\u00f3n de heladas.","robots":{"index":"index","follow":"follow","max-snippet":"max-snippet:-1","max-image-preview":"max-image-preview:large","max-video-preview":"max-video-preview:-1"},"canonical":"https:\/\/partneriot.com\/es\/productos-iot\/gestion-medioambiental\/psicrometro\/","og_locale":"es_ES","og_type":"article","og_title":"Psicr\u00f3metro | Partner IoT","og_description":"El psicr\u00f3metro es una soluci\u00f3n IoT de alta precisi\u00f3n por la detecci\u00f3n y previsi\u00f3n de heladas.","og_url":"https:\/\/partneriot.com\/es\/productos-iot\/gestion-medioambiental\/psicrometro\/","og_site_name":"Partner IoT","article_modified_time":"2022-06-09T14:35:40+00:00","og_image":[{"width":720,"height":679,"url":"https:\/\/partneriot.com\/wp-content\/uploads\/psicometre.jpg","type":"image\/jpeg"}],"twitter_card":"summary_large_image","twitter_misc":{"Tiempo de lectura":"1 minuto"},"schema":{"@context":"https:\/\/schema.org","@graph":[{"@type":"WebPage","@id":"https:\/\/partneriot.com\/es\/productos-iot\/gestion-medioambiental\/psicrometro\/","url":"https:\/\/partneriot.com\/es\/productos-iot\/gestion-medioambiental\/psicrometro\/","name":"Psicr\u00f3metro | Partner IoT","isPartOf":{"@id":"https:\/\/partneriot.com\/es\/#website"},"primaryImageOfPage":{"@id":"https:\/\/partneriot.com\/es\/productos-iot\/gestion-medioambiental\/psicrometro\/#primaryimage"},"image":{"@id":"https:\/\/partneriot.com\/es\/productos-iot\/gestion-medioambiental\/psicrometro\/#primaryimage"},"thumbnailUrl":"https:\/\/partneriot.com\/wp-content\/uploads\/psicometre.jpg","datePublished":"2022-06-02T11:49:08+00:00","dateModified":"2022-06-09T14:35:40+00:00","description":"El psicr\u00f3metro es una soluci\u00f3n IoT de alta precisi\u00f3n por la detecci\u00f3n y previsi\u00f3n de heladas.","breadcrumb":{"@id":"https:\/\/partneriot.com\/es\/productos-iot\/gestion-medioambiental\/psicrometro\/#breadcrumb"},"inLanguage":"es","potentialAction":[{"@type":"ReadAction","target":["https:\/\/partneriot.com\/es\/productos-iot\/gestion-medioambiental\/psicrometro\/"]}]},{"@type":"ImageObject","inLanguage":"es","@id":"https:\/\/partneriot.com\/es\/productos-iot\/gestion-medioambiental\/psicrometro\/#primaryimage","url":"https:\/\/partneriot.com\/wp-content\/uploads\/psicometre.jpg","contentUrl":"https:\/\/partneriot.com\/wp-content\/uploads\/psicometre.jpg","width":720,"height":679,"caption":"Psicr\u00f2metre - productes IoT"},{"@type":"BreadcrumbList","@id":"https:\/\/partneriot.com\/es\/productos-iot\/gestion-medioambiental\/psicrometro\/#breadcrumb","itemListElement":[{"@type":"ListItem","position":1,"name":"Productes IoT","item":"https:\/\/partneriot.com\/productes-iot\/"},{"@type":"ListItem","position":2,"name":"Psicr\u00f3metro"}]},{"@type":"WebSite","@id":"https:\/\/partneriot.com\/es\/#website","url":"https:\/\/partneriot.com\/es\/","name":"Partner IoT","description":"Soluciones IoT para Smart Cities e Industria 4.0","publisher":{"@id":"https:\/\/partneriot.com\/es\/#organization"},"potentialAction":[{"@type":"SearchAction","target":{"@type":"EntryPoint","urlTemplate":"https:\/\/partneriot.com\/es\/?s={search_term_string}"},"query-input":"required name=search_term_string"}],"inLanguage":"es"},{"@type":"Organization","@id":"https:\/\/partneriot.com\/es\/#organization","name":"Partner IoT","url":"https:\/\/partneriot.com\/es\/","logo":{"@type":"ImageObject","inLanguage":"es","@id":"https:\/\/partneriot.com\/es\/#\/schema\/logo\/image\/","url":"https:\/\/partneriot.com\/wp-content\/uploads\/ParnerIoT-logo.svg","contentUrl":"https:\/\/partneriot.com\/wp-content\/uploads\/ParnerIoT-logo.svg","width":1,"height":1,"caption":"Partner IoT"},"image":{"@id":"https:\/\/partneriot.com\/es\/#\/schema\/logo\/image\/"}}]}},"_links":{"self":[{"href":"https:\/\/partneriot.com\/es\/wp-json\/wp\/v2\/product\/2863"}],"collection":[{"href":"https:\/\/partneriot.com\/es\/wp-json\/wp\/v2\/product"}],"about":[{"href":"https:\/\/partneriot.com\/es\/wp-json\/wp\/v2\/types\/product"}],"wp:featuredmedia":[{"embeddable":true,"href":"https:\/\/partneriot.com\/es\/wp-json\/wp\/v2\/media\/2862"}],"wp:attachment":[{"href":"https:\/\/partneriot.com\/es\/wp-json\/wp\/v2\/media?parent=2863"}],"wp:term":[{"taxonomy":"product_cat","embeddable":true,"href":"https:\/\/partneriot.com\/es\/wp-json\/wp\/v2\/product_cat?post=2863"},{"taxonomy":"product_tag","embeddable":true,"href":"https:\/\/partneriot.com\/es\/wp-json\/wp\/v2\/product_tag?post=2863"}],"curies":[{"name":"wp","href":"https:\/\/api.w.org\/{rel}","templated":true}]}}