{"id":2858,"date":"2022-06-02T13:34:39","date_gmt":"2022-06-02T11:34:39","guid":{"rendered":"https:\/\/partneriot.com\/productes-iot\/sin%20categor\u00eda\/trampes-intelligents\/"},"modified":"2022-06-09T16:35:50","modified_gmt":"2022-06-09T14:35:50","slug":"trampas-de-roedores","status":"publish","type":"product","link":"https:\/\/partneriot.com\/es\/productos-iot\/infraestructuras\/trampas-de-roedores\/","title":{"rendered":"Trampas de roedores"},"content":{"rendered":"<h2>Soluci\u00f3n IoT eficiente y sostenible para el control de plagas<\/h2>\n<p>Las trampas de roedores de Partner IoT permiten la monitorizaci\u00f3n del estado de las capturas gracias a una avanzada tecnolog\u00eda de sensores, proporcionando una soluci\u00f3n eficiente y sostenible para el control de plagas.<\/p>\n<p>Mediante tecnolog\u00eda LoRaWAN, el m\u00f3dulo de comunicaci\u00f3n integrado env\u00eda peri\u00f3dicamente alertas de estado de las trampas (abierta o capturada) y permite la conexi\u00f3n y el acceso a distancia desde m\u00f3viles, tablets y ordenadores al sistema de monitorizaci\u00f3n.<\/p>\n<p>La Plataforma IoT proporciona visibilidad a alertas instant\u00e1neas de captura e hist\u00f3ricos de todas las capturas en puntos o trampas, facilitando el despliegue y la gesti\u00f3n de una red de dispositivos para actuar de forma eficiente en el terreno.<\/p>\n","protected":false},"excerpt":{"rendered":"<p>Las trampas de roedores son una soluci\u00f3n IoT eficiente y sostenible para el control de plagas, que permiten la monitorizaci\u00f3n remota y en tiempo real del estado de las capturas.<\/p>\n","protected":false},"featured_media":2857,"template":"","meta":{"om_disable_all_campaigns":false},"product_cat":[67],"product_tag":[82,90,83,85],"acf":[],"yoast_head":"<!-- This site is optimized with the Yoast SEO plugin v22.6 - https:\/\/yoast.com\/wordpress\/plugins\/seo\/ -->\n<title>Trampas de roedores | Partner IoT<\/title>\n<meta name=\"description\" content=\"Las trampas de roedores son una soluci\u00f3n IoT eficiente y sostenible para el control de plagas, permiten la monitorizaci\u00f3n remota del estado de las capturas\" \/>\n<meta name=\"robots\" content=\"index, follow, max-snippet:-1, max-image-preview:large, max-video-preview:-1\" \/>\n<link rel=\"canonical\" href=\"https:\/\/partneriot.com\/es\/productos-iot\/infraestructuras\/trampas-de-roedores\/\" \/>\n<meta property=\"og:locale\" content=\"es_ES\" \/>\n<meta property=\"og:type\" content=\"article\" \/>\n<meta property=\"og:title\" content=\"Trampas de roedores | Partner IoT\" \/>\n<meta property=\"og:description\" content=\"Las trampas de roedores son una soluci\u00f3n IoT eficiente y sostenible para el control de plagas, permiten la monitorizaci\u00f3n remota del estado de las capturas\" \/>\n<meta property=\"og:url\" content=\"https:\/\/partneriot.com\/es\/productos-iot\/infraestructuras\/trampas-de-roedores\/\" \/>\n<meta property=\"og:site_name\" content=\"Partner IoT\" \/>\n<meta property=\"article:modified_time\" content=\"2022-06-09T14:35:50+00:00\" \/>\n<meta property=\"og:image\" content=\"https:\/\/partneriot.com\/wp-content\/uploads\/trampes-de-rosegadors.jpg\" \/>\n\t<meta property=\"og:image:width\" content=\"720\" \/>\n\t<meta property=\"og:image:height\" content=\"679\" \/>\n\t<meta property=\"og:image:type\" content=\"image\/jpeg\" \/>\n<meta name=\"twitter:card\" content=\"summary_large_image\" \/>\n<meta name=\"twitter:label1\" content=\"Tiempo de lectura\" \/>\n\t<meta name=\"twitter:data1\" content=\"1 minuto\" \/>\n<script type=\"application\/ld+json\" class=\"yoast-schema-graph\">{\"@context\":\"https:\/\/schema.org\",\"@graph\":[{\"@type\":\"WebPage\",\"@id\":\"https:\/\/partneriot.com\/es\/productos-iot\/infraestructuras\/trampas-de-roedores\/\",\"url\":\"https:\/\/partneriot.com\/es\/productos-iot\/infraestructuras\/trampas-de-roedores\/\",\"name\":\"Trampas de roedores | Partner IoT\",\"isPartOf\":{\"@id\":\"https:\/\/partneriot.com\/es\/#website\"},\"primaryImageOfPage\":{\"@id\":\"https:\/\/partneriot.com\/es\/productos-iot\/infraestructuras\/trampas-de-roedores\/#primaryimage\"},\"image\":{\"@id\":\"https:\/\/partneriot.com\/es\/productos-iot\/infraestructuras\/trampas-de-roedores\/#primaryimage\"},\"thumbnailUrl\":\"https:\/\/partneriot.com\/wp-content\/uploads\/trampes-de-rosegadors.jpg\",\"datePublished\":\"2022-06-02T11:34:39+00:00\",\"dateModified\":\"2022-06-09T14:35:50+00:00\",\"description\":\"Las trampas de roedores son una soluci\u00f3n IoT eficiente y sostenible para el control de plagas, permiten la monitorizaci\u00f3n remota del estado de las capturas\",\"breadcrumb\":{\"@id\":\"https:\/\/partneriot.com\/es\/productos-iot\/infraestructuras\/trampas-de-roedores\/#breadcrumb\"},\"inLanguage\":\"es\",\"potentialAction\":[{\"@type\":\"ReadAction\",\"target\":[\"https:\/\/partneriot.com\/es\/productos-iot\/infraestructuras\/trampas-de-roedores\/\"]}]},{\"@type\":\"ImageObject\",\"inLanguage\":\"es\",\"@id\":\"https:\/\/partneriot.com\/es\/productos-iot\/infraestructuras\/trampas-de-roedores\/#primaryimage\",\"url\":\"https:\/\/partneriot.com\/wp-content\/uploads\/trampes-de-rosegadors.jpg\",\"contentUrl\":\"https:\/\/partneriot.com\/wp-content\/uploads\/trampes-de-rosegadors.jpg\",\"width\":720,\"height\":679,\"caption\":\"Trampas inteligentes - productos IoT\"},{\"@type\":\"BreadcrumbList\",\"@id\":\"https:\/\/partneriot.com\/es\/productos-iot\/infraestructuras\/trampas-de-roedores\/#breadcrumb\",\"itemListElement\":[{\"@type\":\"ListItem\",\"position\":1,\"name\":\"Productes IoT\",\"item\":\"https:\/\/partneriot.com\/productes-iot\/\"},{\"@type\":\"ListItem\",\"position\":2,\"name\":\"Trampas de roedores\"}]},{\"@type\":\"WebSite\",\"@id\":\"https:\/\/partneriot.com\/es\/#website\",\"url\":\"https:\/\/partneriot.com\/es\/\",\"name\":\"Partner IoT\",\"description\":\"Soluciones IoT para Smart Cities e Industria 4.0\",\"publisher\":{\"@id\":\"https:\/\/partneriot.com\/es\/#organization\"},\"potentialAction\":[{\"@type\":\"SearchAction\",\"target\":{\"@type\":\"EntryPoint\",\"urlTemplate\":\"https:\/\/partneriot.com\/es\/?s={search_term_string}\"},\"query-input\":\"required name=search_term_string\"}],\"inLanguage\":\"es\"},{\"@type\":\"Organization\",\"@id\":\"https:\/\/partneriot.com\/es\/#organization\",\"name\":\"Partner IoT\",\"url\":\"https:\/\/partneriot.com\/es\/\",\"logo\":{\"@type\":\"ImageObject\",\"inLanguage\":\"es\",\"@id\":\"https:\/\/partneriot.com\/es\/#\/schema\/logo\/image\/\",\"url\":\"https:\/\/partneriot.com\/wp-content\/uploads\/ParnerIoT-logo.svg\",\"contentUrl\":\"https:\/\/partneriot.com\/wp-content\/uploads\/ParnerIoT-logo.svg\",\"width\":1,\"height\":1,\"caption\":\"Partner IoT\"},\"image\":{\"@id\":\"https:\/\/partneriot.com\/es\/#\/schema\/logo\/image\/\"}}]}<\/script>\n<!-- \/ Yoast SEO plugin. -->","yoast_head_json":{"title":"Trampas de roedores | Partner IoT","description":"Las trampas de roedores son una soluci\u00f3n IoT eficiente y sostenible para el control de plagas, permiten la monitorizaci\u00f3n remota del estado de las capturas","robots":{"index":"index","follow":"follow","max-snippet":"max-snippet:-1","max-image-preview":"max-image-preview:large","max-video-preview":"max-video-preview:-1"},"canonical":"https:\/\/partneriot.com\/es\/productos-iot\/infraestructuras\/trampas-de-roedores\/","og_locale":"es_ES","og_type":"article","og_title":"Trampas de roedores | Partner IoT","og_description":"Las trampas de roedores son una soluci\u00f3n IoT eficiente y sostenible para el control de plagas, permiten la monitorizaci\u00f3n remota del estado de las capturas","og_url":"https:\/\/partneriot.com\/es\/productos-iot\/infraestructuras\/trampas-de-roedores\/","og_site_name":"Partner IoT","article_modified_time":"2022-06-09T14:35:50+00:00","og_image":[{"width":720,"height":679,"url":"https:\/\/partneriot.com\/wp-content\/uploads\/trampes-de-rosegadors.jpg","type":"image\/jpeg"}],"twitter_card":"summary_large_image","twitter_misc":{"Tiempo de lectura":"1 minuto"},"schema":{"@context":"https:\/\/schema.org","@graph":[{"@type":"WebPage","@id":"https:\/\/partneriot.com\/es\/productos-iot\/infraestructuras\/trampas-de-roedores\/","url":"https:\/\/partneriot.com\/es\/productos-iot\/infraestructuras\/trampas-de-roedores\/","name":"Trampas de roedores | Partner IoT","isPartOf":{"@id":"https:\/\/partneriot.com\/es\/#website"},"primaryImageOfPage":{"@id":"https:\/\/partneriot.com\/es\/productos-iot\/infraestructuras\/trampas-de-roedores\/#primaryimage"},"image":{"@id":"https:\/\/partneriot.com\/es\/productos-iot\/infraestructuras\/trampas-de-roedores\/#primaryimage"},"thumbnailUrl":"https:\/\/partneriot.com\/wp-content\/uploads\/trampes-de-rosegadors.jpg","datePublished":"2022-06-02T11:34:39+00:00","dateModified":"2022-06-09T14:35:50+00:00","description":"Las trampas de roedores son una soluci\u00f3n IoT eficiente y sostenible para el control de plagas, permiten la monitorizaci\u00f3n remota del estado de las capturas","breadcrumb":{"@id":"https:\/\/partneriot.com\/es\/productos-iot\/infraestructuras\/trampas-de-roedores\/#breadcrumb"},"inLanguage":"es","potentialAction":[{"@type":"ReadAction","target":["https:\/\/partneriot.com\/es\/productos-iot\/infraestructuras\/trampas-de-roedores\/"]}]},{"@type":"ImageObject","inLanguage":"es","@id":"https:\/\/partneriot.com\/es\/productos-iot\/infraestructuras\/trampas-de-roedores\/#primaryimage","url":"https:\/\/partneriot.com\/wp-content\/uploads\/trampes-de-rosegadors.jpg","contentUrl":"https:\/\/partneriot.com\/wp-content\/uploads\/trampes-de-rosegadors.jpg","width":720,"height":679,"caption":"Trampas inteligentes - productos IoT"},{"@type":"BreadcrumbList","@id":"https:\/\/partneriot.com\/es\/productos-iot\/infraestructuras\/trampas-de-roedores\/#breadcrumb","itemListElement":[{"@type":"ListItem","position":1,"name":"Productes IoT","item":"https:\/\/partneriot.com\/productes-iot\/"},{"@type":"ListItem","position":2,"name":"Trampas de roedores"}]},{"@type":"WebSite","@id":"https:\/\/partneriot.com\/es\/#website","url":"https:\/\/partneriot.com\/es\/","name":"Partner IoT","description":"Soluciones IoT para Smart Cities e Industria 4.0","publisher":{"@id":"https:\/\/partneriot.com\/es\/#organization"},"potentialAction":[{"@type":"SearchAction","target":{"@type":"EntryPoint","urlTemplate":"https:\/\/partneriot.com\/es\/?s={search_term_string}"},"query-input":"required name=search_term_string"}],"inLanguage":"es"},{"@type":"Organization","@id":"https:\/\/partneriot.com\/es\/#organization","name":"Partner IoT","url":"https:\/\/partneriot.com\/es\/","logo":{"@type":"ImageObject","inLanguage":"es","@id":"https:\/\/partneriot.com\/es\/#\/schema\/logo\/image\/","url":"https:\/\/partneriot.com\/wp-content\/uploads\/ParnerIoT-logo.svg","contentUrl":"https:\/\/partneriot.com\/wp-content\/uploads\/ParnerIoT-logo.svg","width":1,"height":1,"caption":"Partner IoT"},"image":{"@id":"https:\/\/partneriot.com\/es\/#\/schema\/logo\/image\/"}}]}},"_links":{"self":[{"href":"https:\/\/partneriot.com\/es\/wp-json\/wp\/v2\/product\/2858"}],"collection":[{"href":"https:\/\/partneriot.com\/es\/wp-json\/wp\/v2\/product"}],"about":[{"href":"https:\/\/partneriot.com\/es\/wp-json\/wp\/v2\/types\/product"}],"wp:featuredmedia":[{"embeddable":true,"href":"https:\/\/partneriot.com\/es\/wp-json\/wp\/v2\/media\/2857"}],"wp:attachment":[{"href":"https:\/\/partneriot.com\/es\/wp-json\/wp\/v2\/media?parent=2858"}],"wp:term":[{"taxonomy":"product_cat","embeddable":true,"href":"https:\/\/partneriot.com\/es\/wp-json\/wp\/v2\/product_cat?post=2858"},{"taxonomy":"product_tag","embeddable":true,"href":"https:\/\/partneriot.com\/es\/wp-json\/wp\/v2\/product_tag?post=2858"}],"curies":[{"name":"wp","href":"https:\/\/api.w.org\/{rel}","templated":true}]}}