{"id":2853,"date":"2022-06-02T13:19:40","date_gmt":"2022-06-02T11:19:40","guid":{"rendered":"https:\/\/partneriot.com\/productes-iot\/sin%20categor\u00eda\/sensors-de-co2\/"},"modified":"2022-06-09T16:35:52","modified_gmt":"2022-06-09T14:35:52","slug":"sensores-co2","status":"publish","type":"product","link":"https:\/\/partneriot.com\/es\/productos-iot\/sanidad-y-educacion\/sensores-co2\/","title":{"rendered":"Sensores CO2"},"content":{"rendered":"<h2>Soluci\u00f3n IoT por la detecci\u00f3n y monitorizaci\u00f3n de la concentraci\u00f3n de di\u00f3xido de carbono en el aire<\/h2>\n<p>Los sensores de CO2 de Partner IoT permiten la detecci\u00f3n y visualizaci\u00f3n en tiempo real de la concentraci\u00f3n de di\u00f3xido de carbono (CO2) en el aire.<\/p>\n<p>Este dispositivo permite controlar la calidad del aire en espacios cerrados y lugares en los que se dan aglomeraciones de personas, aportando un indicador clave que determina la necesidad de renovaci\u00f3n del aire. Este dispositivo facilita el cumplimiento del reglamento de calidad del aire y permite generar entornos m\u00e1s saludables.<\/p>\n<p>El sensor de CO2 integra un m\u00f3dulo de comunicaci\u00f3n con conectividad LoRaWAN, que permite el env\u00edo de los datos a la plataforma IoT.<\/p>\n<p>La plataforma de gesti\u00f3n IoT proporciona visibilidad en tiempo real del estado de los dispositivos y de los niveles medidos, facilitando la gesti\u00f3n integrada de toda la red de dispositivos instalados.<\/p>\n","protected":false},"excerpt":{"rendered":"<p>Los sensores de CO2 son una soluci\u00f3n IoT que permiten la detecci\u00f3n y monitorizaci\u00f3n de la concentraci\u00f3n de di\u00f3xido de carbono en aire.<\/p>\n","protected":false},"featured_media":2852,"template":"","meta":{"om_disable_all_campaigns":false},"product_cat":[69],"product_tag":[83,85],"acf":[],"yoast_head":"<!-- This site is optimized with the Yoast SEO plugin v22.6 - https:\/\/yoast.com\/wordpress\/plugins\/seo\/ -->\n<title>Sensores CO2 | Partner IoT<\/title>\n<meta name=\"description\" content=\"Los sensores de CO2 son un dispositivo IoT que permiten la detecci\u00f3n y monitorizaci\u00f3n de la concentraci\u00f3n de di\u00f3xido de carbono en aire\" \/>\n<meta name=\"robots\" content=\"index, follow, max-snippet:-1, max-image-preview:large, max-video-preview:-1\" \/>\n<link rel=\"canonical\" href=\"https:\/\/partneriot.com\/es\/productos-iot\/sanidad-y-educacion\/sensores-co2\/\" \/>\n<meta property=\"og:locale\" content=\"es_ES\" \/>\n<meta property=\"og:type\" content=\"article\" \/>\n<meta property=\"og:title\" content=\"Sensores CO2 | Partner IoT\" \/>\n<meta property=\"og:description\" content=\"Los sensores de CO2 son un dispositivo IoT que permiten la detecci\u00f3n y monitorizaci\u00f3n de la concentraci\u00f3n de di\u00f3xido de carbono en aire\" \/>\n<meta property=\"og:url\" content=\"https:\/\/partneriot.com\/es\/productos-iot\/sanidad-y-educacion\/sensores-co2\/\" \/>\n<meta property=\"og:site_name\" content=\"Partner IoT\" \/>\n<meta property=\"article:modified_time\" content=\"2022-06-09T14:35:52+00:00\" \/>\n<meta property=\"og:image\" content=\"https:\/\/partneriot.com\/wp-content\/uploads\/sensors-c02.jpg\" \/>\n\t<meta property=\"og:image:width\" content=\"720\" \/>\n\t<meta property=\"og:image:height\" content=\"679\" \/>\n\t<meta property=\"og:image:type\" content=\"image\/jpeg\" \/>\n<meta name=\"twitter:card\" content=\"summary_large_image\" \/>\n<meta name=\"twitter:label1\" content=\"Tiempo de lectura\" \/>\n\t<meta name=\"twitter:data1\" content=\"1 minuto\" \/>\n<script type=\"application\/ld+json\" class=\"yoast-schema-graph\">{\"@context\":\"https:\/\/schema.org\",\"@graph\":[{\"@type\":\"WebPage\",\"@id\":\"https:\/\/partneriot.com\/es\/productos-iot\/sanidad-y-educacion\/sensores-co2\/\",\"url\":\"https:\/\/partneriot.com\/es\/productos-iot\/sanidad-y-educacion\/sensores-co2\/\",\"name\":\"Sensores CO2 | Partner IoT\",\"isPartOf\":{\"@id\":\"https:\/\/partneriot.com\/es\/#website\"},\"primaryImageOfPage\":{\"@id\":\"https:\/\/partneriot.com\/es\/productos-iot\/sanidad-y-educacion\/sensores-co2\/#primaryimage\"},\"image\":{\"@id\":\"https:\/\/partneriot.com\/es\/productos-iot\/sanidad-y-educacion\/sensores-co2\/#primaryimage\"},\"thumbnailUrl\":\"https:\/\/partneriot.com\/wp-content\/uploads\/sensors-c02.jpg\",\"datePublished\":\"2022-06-02T11:19:40+00:00\",\"dateModified\":\"2022-06-09T14:35:52+00:00\",\"description\":\"Los sensores de CO2 son un dispositivo IoT que permiten la detecci\u00f3n y monitorizaci\u00f3n de la concentraci\u00f3n de di\u00f3xido de carbono en aire\",\"breadcrumb\":{\"@id\":\"https:\/\/partneriot.com\/es\/productos-iot\/sanidad-y-educacion\/sensores-co2\/#breadcrumb\"},\"inLanguage\":\"es\",\"potentialAction\":[{\"@type\":\"ReadAction\",\"target\":[\"https:\/\/partneriot.com\/es\/productos-iot\/sanidad-y-educacion\/sensores-co2\/\"]}]},{\"@type\":\"ImageObject\",\"inLanguage\":\"es\",\"@id\":\"https:\/\/partneriot.com\/es\/productos-iot\/sanidad-y-educacion\/sensores-co2\/#primaryimage\",\"url\":\"https:\/\/partneriot.com\/wp-content\/uploads\/sensors-c02.jpg\",\"contentUrl\":\"https:\/\/partneriot.com\/wp-content\/uploads\/sensors-c02.jpg\",\"width\":720,\"height\":679,\"caption\":\"Sensores de CO2 - productos IoT\"},{\"@type\":\"BreadcrumbList\",\"@id\":\"https:\/\/partneriot.com\/es\/productos-iot\/sanidad-y-educacion\/sensores-co2\/#breadcrumb\",\"itemListElement\":[{\"@type\":\"ListItem\",\"position\":1,\"name\":\"Productes IoT\",\"item\":\"https:\/\/partneriot.com\/productes-iot\/\"},{\"@type\":\"ListItem\",\"position\":2,\"name\":\"Sensores CO2\"}]},{\"@type\":\"WebSite\",\"@id\":\"https:\/\/partneriot.com\/es\/#website\",\"url\":\"https:\/\/partneriot.com\/es\/\",\"name\":\"Partner IoT\",\"description\":\"Soluciones IoT para Smart Cities e Industria 4.0\",\"publisher\":{\"@id\":\"https:\/\/partneriot.com\/es\/#organization\"},\"potentialAction\":[{\"@type\":\"SearchAction\",\"target\":{\"@type\":\"EntryPoint\",\"urlTemplate\":\"https:\/\/partneriot.com\/es\/?s={search_term_string}\"},\"query-input\":\"required name=search_term_string\"}],\"inLanguage\":\"es\"},{\"@type\":\"Organization\",\"@id\":\"https:\/\/partneriot.com\/es\/#organization\",\"name\":\"Partner IoT\",\"url\":\"https:\/\/partneriot.com\/es\/\",\"logo\":{\"@type\":\"ImageObject\",\"inLanguage\":\"es\",\"@id\":\"https:\/\/partneriot.com\/es\/#\/schema\/logo\/image\/\",\"url\":\"https:\/\/partneriot.com\/wp-content\/uploads\/ParnerIoT-logo.svg\",\"contentUrl\":\"https:\/\/partneriot.com\/wp-content\/uploads\/ParnerIoT-logo.svg\",\"width\":1,\"height\":1,\"caption\":\"Partner IoT\"},\"image\":{\"@id\":\"https:\/\/partneriot.com\/es\/#\/schema\/logo\/image\/\"}}]}<\/script>\n<!-- \/ Yoast SEO plugin. -->","yoast_head_json":{"title":"Sensores CO2 | Partner IoT","description":"Los sensores de CO2 son un dispositivo IoT que permiten la detecci\u00f3n y monitorizaci\u00f3n de la concentraci\u00f3n de di\u00f3xido de carbono en aire","robots":{"index":"index","follow":"follow","max-snippet":"max-snippet:-1","max-image-preview":"max-image-preview:large","max-video-preview":"max-video-preview:-1"},"canonical":"https:\/\/partneriot.com\/es\/productos-iot\/sanidad-y-educacion\/sensores-co2\/","og_locale":"es_ES","og_type":"article","og_title":"Sensores CO2 | Partner IoT","og_description":"Los sensores de CO2 son un dispositivo IoT que permiten la detecci\u00f3n y monitorizaci\u00f3n de la concentraci\u00f3n de di\u00f3xido de carbono en aire","og_url":"https:\/\/partneriot.com\/es\/productos-iot\/sanidad-y-educacion\/sensores-co2\/","og_site_name":"Partner IoT","article_modified_time":"2022-06-09T14:35:52+00:00","og_image":[{"width":720,"height":679,"url":"https:\/\/partneriot.com\/wp-content\/uploads\/sensors-c02.jpg","type":"image\/jpeg"}],"twitter_card":"summary_large_image","twitter_misc":{"Tiempo de lectura":"1 minuto"},"schema":{"@context":"https:\/\/schema.org","@graph":[{"@type":"WebPage","@id":"https:\/\/partneriot.com\/es\/productos-iot\/sanidad-y-educacion\/sensores-co2\/","url":"https:\/\/partneriot.com\/es\/productos-iot\/sanidad-y-educacion\/sensores-co2\/","name":"Sensores CO2 | Partner IoT","isPartOf":{"@id":"https:\/\/partneriot.com\/es\/#website"},"primaryImageOfPage":{"@id":"https:\/\/partneriot.com\/es\/productos-iot\/sanidad-y-educacion\/sensores-co2\/#primaryimage"},"image":{"@id":"https:\/\/partneriot.com\/es\/productos-iot\/sanidad-y-educacion\/sensores-co2\/#primaryimage"},"thumbnailUrl":"https:\/\/partneriot.com\/wp-content\/uploads\/sensors-c02.jpg","datePublished":"2022-06-02T11:19:40+00:00","dateModified":"2022-06-09T14:35:52+00:00","description":"Los sensores de CO2 son un dispositivo IoT que permiten la detecci\u00f3n y monitorizaci\u00f3n de la concentraci\u00f3n de di\u00f3xido de carbono en aire","breadcrumb":{"@id":"https:\/\/partneriot.com\/es\/productos-iot\/sanidad-y-educacion\/sensores-co2\/#breadcrumb"},"inLanguage":"es","potentialAction":[{"@type":"ReadAction","target":["https:\/\/partneriot.com\/es\/productos-iot\/sanidad-y-educacion\/sensores-co2\/"]}]},{"@type":"ImageObject","inLanguage":"es","@id":"https:\/\/partneriot.com\/es\/productos-iot\/sanidad-y-educacion\/sensores-co2\/#primaryimage","url":"https:\/\/partneriot.com\/wp-content\/uploads\/sensors-c02.jpg","contentUrl":"https:\/\/partneriot.com\/wp-content\/uploads\/sensors-c02.jpg","width":720,"height":679,"caption":"Sensores de CO2 - productos IoT"},{"@type":"BreadcrumbList","@id":"https:\/\/partneriot.com\/es\/productos-iot\/sanidad-y-educacion\/sensores-co2\/#breadcrumb","itemListElement":[{"@type":"ListItem","position":1,"name":"Productes IoT","item":"https:\/\/partneriot.com\/productes-iot\/"},{"@type":"ListItem","position":2,"name":"Sensores CO2"}]},{"@type":"WebSite","@id":"https:\/\/partneriot.com\/es\/#website","url":"https:\/\/partneriot.com\/es\/","name":"Partner IoT","description":"Soluciones IoT para Smart Cities e Industria 4.0","publisher":{"@id":"https:\/\/partneriot.com\/es\/#organization"},"potentialAction":[{"@type":"SearchAction","target":{"@type":"EntryPoint","urlTemplate":"https:\/\/partneriot.com\/es\/?s={search_term_string}"},"query-input":"required name=search_term_string"}],"inLanguage":"es"},{"@type":"Organization","@id":"https:\/\/partneriot.com\/es\/#organization","name":"Partner IoT","url":"https:\/\/partneriot.com\/es\/","logo":{"@type":"ImageObject","inLanguage":"es","@id":"https:\/\/partneriot.com\/es\/#\/schema\/logo\/image\/","url":"https:\/\/partneriot.com\/wp-content\/uploads\/ParnerIoT-logo.svg","contentUrl":"https:\/\/partneriot.com\/wp-content\/uploads\/ParnerIoT-logo.svg","width":1,"height":1,"caption":"Partner IoT"},"image":{"@id":"https:\/\/partneriot.com\/es\/#\/schema\/logo\/image\/"}}]}},"_links":{"self":[{"href":"https:\/\/partneriot.com\/es\/wp-json\/wp\/v2\/product\/2853"}],"collection":[{"href":"https:\/\/partneriot.com\/es\/wp-json\/wp\/v2\/product"}],"about":[{"href":"https:\/\/partneriot.com\/es\/wp-json\/wp\/v2\/types\/product"}],"wp:featuredmedia":[{"embeddable":true,"href":"https:\/\/partneriot.com\/es\/wp-json\/wp\/v2\/media\/2852"}],"wp:attachment":[{"href":"https:\/\/partneriot.com\/es\/wp-json\/wp\/v2\/media?parent=2853"}],"wp:term":[{"taxonomy":"product_cat","embeddable":true,"href":"https:\/\/partneriot.com\/es\/wp-json\/wp\/v2\/product_cat?post=2853"},{"taxonomy":"product_tag","embeddable":true,"href":"https:\/\/partneriot.com\/es\/wp-json\/wp\/v2\/product_tag?post=2853"}],"curies":[{"name":"wp","href":"https:\/\/api.w.org\/{rel}","templated":true}]}}