{"id":2848,"date":"2022-06-02T13:03:00","date_gmt":"2022-06-02T11:03:00","guid":{"rendered":"https:\/\/partneriot.com\/productes-iot\/sin%20categor\u00eda\/mesurament-de-gasos\/"},"modified":"2022-06-09T16:35:55","modified_gmt":"2022-06-09T14:35:55","slug":"medicion-de-gases","status":"publish","type":"product","link":"https:\/\/partneriot.com\/es\/productos-iot\/gestion-medioambiental\/medicion-de-gases\/","title":{"rendered":"Medici\u00f3n de gases"},"content":{"rendered":"<h2>Dispositivo IoT para la medici\u00f3n y monitorizaci\u00f3n de la concentraci\u00f3n de gases en aire<\/h2>\n<p>El sistema de medici\u00f3n y monitorizaci\u00f3n de gases de Partner IoT est\u00e1 formado por un conjunto de sensores electroqu\u00edmicos que miden la concentraci\u00f3n de gases en el aire, permitiendo la consulta y recepci\u00f3n de alertas de niveles fuera de lo establecido y minimizando el riesgo de accidentes derivados del exceso de gases, humedad o temperatura.<\/p>\n<p>El sensor de medici\u00f3n de gases integra un m\u00f3dulo de comunicaci\u00f3n con conectividad LoRaWAN, que permite el acceso a distancia desde m\u00f3viles, tablets y ordenadores al sistema de monitorizaci\u00f3n.<\/p>\n<p>La plataforma de gesti\u00f3n IoT mejora la fiabilidad de los datos obtenidos y aporta informaci\u00f3n \u00fatil para el seguimiento del estado de puntos cr\u00edticos, permitiendo consultar todos los niveles y la visualizaci\u00f3n de datos en formato gr\u00e1fico. Adem\u00e1s, posibilita el seguimiento centralizado y en tiempo real del nivel de concentraci\u00f3n de gases en todos los puntos monitorizados por la red desplegada de dispositivos.<\/p>\n<h4>Par\u00e1metros de detecci\u00f3n<\/h4>\n<p>Para elegir el sensor debe tenerse en cuenta el rango de gas que queremos medir y la precisi\u00f3n que deseamos obtener. Fabricamos sensores individuales, para medir un gas, o sensores duales, para medir dos gases mediante en un \u00fanico dispositivo.<br \/>\nHacemos el estudio en profundidad en cada caso, para encontrar la mejor soluci\u00f3n de sensores IoT.<\/p>\n","protected":false},"excerpt":{"rendered":"<p>Dispositivo IoT para medici\u00f3n y monitorizaci\u00f3n de la concentraci\u00f3n de gases en aire.<\/p>\n","protected":false},"featured_media":2846,"template":"","meta":{"om_disable_all_campaigns":false},"product_cat":[71],"product_tag":[83],"acf":[],"yoast_head":"<!-- This site is optimized with the Yoast SEO plugin v22.6 - https:\/\/yoast.com\/wordpress\/plugins\/seo\/ -->\n<title>Medici\u00f3n de gases | Partner IoT<\/title>\n<meta name=\"description\" content=\"Dispositivo IoT para medici\u00f3n y monitorizaci\u00f3n de la concentraci\u00f3n de gases en aire\" \/>\n<meta name=\"robots\" content=\"index, follow, max-snippet:-1, max-image-preview:large, max-video-preview:-1\" \/>\n<link rel=\"canonical\" href=\"https:\/\/partneriot.com\/es\/productos-iot\/gestion-medioambiental\/medicion-de-gases\/\" \/>\n<meta property=\"og:locale\" content=\"es_ES\" \/>\n<meta property=\"og:type\" content=\"article\" \/>\n<meta property=\"og:title\" content=\"Medici\u00f3n de gases | Partner IoT\" \/>\n<meta property=\"og:description\" content=\"Dispositivo IoT para medici\u00f3n y monitorizaci\u00f3n de la concentraci\u00f3n de gases en aire\" \/>\n<meta property=\"og:url\" content=\"https:\/\/partneriot.com\/es\/productos-iot\/gestion-medioambiental\/medicion-de-gases\/\" \/>\n<meta property=\"og:site_name\" content=\"Partner IoT\" \/>\n<meta property=\"article:modified_time\" content=\"2022-06-09T14:35:55+00:00\" \/>\n<meta property=\"og:image\" content=\"https:\/\/partneriot.com\/wp-content\/uploads\/sensor-mesurament-gasos.jpg\" \/>\n\t<meta property=\"og:image:width\" content=\"720\" \/>\n\t<meta property=\"og:image:height\" content=\"679\" \/>\n\t<meta property=\"og:image:type\" content=\"image\/jpeg\" \/>\n<meta name=\"twitter:card\" content=\"summary_large_image\" \/>\n<meta name=\"twitter:label1\" content=\"Tiempo de lectura\" \/>\n\t<meta name=\"twitter:data1\" content=\"1 minuto\" \/>\n<script type=\"application\/ld+json\" class=\"yoast-schema-graph\">{\"@context\":\"https:\/\/schema.org\",\"@graph\":[{\"@type\":\"WebPage\",\"@id\":\"https:\/\/partneriot.com\/es\/productos-iot\/gestion-medioambiental\/medicion-de-gases\/\",\"url\":\"https:\/\/partneriot.com\/es\/productos-iot\/gestion-medioambiental\/medicion-de-gases\/\",\"name\":\"Medici\u00f3n de gases | Partner IoT\",\"isPartOf\":{\"@id\":\"https:\/\/partneriot.com\/es\/#website\"},\"primaryImageOfPage\":{\"@id\":\"https:\/\/partneriot.com\/es\/productos-iot\/gestion-medioambiental\/medicion-de-gases\/#primaryimage\"},\"image\":{\"@id\":\"https:\/\/partneriot.com\/es\/productos-iot\/gestion-medioambiental\/medicion-de-gases\/#primaryimage\"},\"thumbnailUrl\":\"https:\/\/partneriot.com\/wp-content\/uploads\/sensor-mesurament-gasos.jpg\",\"datePublished\":\"2022-06-02T11:03:00+00:00\",\"dateModified\":\"2022-06-09T14:35:55+00:00\",\"description\":\"Dispositivo IoT para medici\u00f3n y monitorizaci\u00f3n de la concentraci\u00f3n de gases en aire\",\"breadcrumb\":{\"@id\":\"https:\/\/partneriot.com\/es\/productos-iot\/gestion-medioambiental\/medicion-de-gases\/#breadcrumb\"},\"inLanguage\":\"es\",\"potentialAction\":[{\"@type\":\"ReadAction\",\"target\":[\"https:\/\/partneriot.com\/es\/productos-iot\/gestion-medioambiental\/medicion-de-gases\/\"]}]},{\"@type\":\"ImageObject\",\"inLanguage\":\"es\",\"@id\":\"https:\/\/partneriot.com\/es\/productos-iot\/gestion-medioambiental\/medicion-de-gases\/#primaryimage\",\"url\":\"https:\/\/partneriot.com\/wp-content\/uploads\/sensor-mesurament-gasos.jpg\",\"contentUrl\":\"https:\/\/partneriot.com\/wp-content\/uploads\/sensor-mesurament-gasos.jpg\",\"width\":720,\"height\":679,\"caption\":\"Medici\u00f3n de gases - productes IoT\"},{\"@type\":\"BreadcrumbList\",\"@id\":\"https:\/\/partneriot.com\/es\/productos-iot\/gestion-medioambiental\/medicion-de-gases\/#breadcrumb\",\"itemListElement\":[{\"@type\":\"ListItem\",\"position\":1,\"name\":\"Productes IoT\",\"item\":\"https:\/\/partneriot.com\/productes-iot\/\"},{\"@type\":\"ListItem\",\"position\":2,\"name\":\"Medici\u00f3n de gases\"}]},{\"@type\":\"WebSite\",\"@id\":\"https:\/\/partneriot.com\/es\/#website\",\"url\":\"https:\/\/partneriot.com\/es\/\",\"name\":\"Partner IoT\",\"description\":\"Soluciones IoT para Smart Cities e Industria 4.0\",\"publisher\":{\"@id\":\"https:\/\/partneriot.com\/es\/#organization\"},\"potentialAction\":[{\"@type\":\"SearchAction\",\"target\":{\"@type\":\"EntryPoint\",\"urlTemplate\":\"https:\/\/partneriot.com\/es\/?s={search_term_string}\"},\"query-input\":\"required name=search_term_string\"}],\"inLanguage\":\"es\"},{\"@type\":\"Organization\",\"@id\":\"https:\/\/partneriot.com\/es\/#organization\",\"name\":\"Partner IoT\",\"url\":\"https:\/\/partneriot.com\/es\/\",\"logo\":{\"@type\":\"ImageObject\",\"inLanguage\":\"es\",\"@id\":\"https:\/\/partneriot.com\/es\/#\/schema\/logo\/image\/\",\"url\":\"https:\/\/partneriot.com\/wp-content\/uploads\/ParnerIoT-logo.svg\",\"contentUrl\":\"https:\/\/partneriot.com\/wp-content\/uploads\/ParnerIoT-logo.svg\",\"width\":1,\"height\":1,\"caption\":\"Partner IoT\"},\"image\":{\"@id\":\"https:\/\/partneriot.com\/es\/#\/schema\/logo\/image\/\"}}]}<\/script>\n<!-- \/ Yoast SEO plugin. -->","yoast_head_json":{"title":"Medici\u00f3n de gases | Partner IoT","description":"Dispositivo IoT para medici\u00f3n y monitorizaci\u00f3n de la concentraci\u00f3n de gases en aire","robots":{"index":"index","follow":"follow","max-snippet":"max-snippet:-1","max-image-preview":"max-image-preview:large","max-video-preview":"max-video-preview:-1"},"canonical":"https:\/\/partneriot.com\/es\/productos-iot\/gestion-medioambiental\/medicion-de-gases\/","og_locale":"es_ES","og_type":"article","og_title":"Medici\u00f3n de gases | Partner IoT","og_description":"Dispositivo IoT para medici\u00f3n y monitorizaci\u00f3n de la concentraci\u00f3n de gases en aire","og_url":"https:\/\/partneriot.com\/es\/productos-iot\/gestion-medioambiental\/medicion-de-gases\/","og_site_name":"Partner IoT","article_modified_time":"2022-06-09T14:35:55+00:00","og_image":[{"width":720,"height":679,"url":"https:\/\/partneriot.com\/wp-content\/uploads\/sensor-mesurament-gasos.jpg","type":"image\/jpeg"}],"twitter_card":"summary_large_image","twitter_misc":{"Tiempo de lectura":"1 minuto"},"schema":{"@context":"https:\/\/schema.org","@graph":[{"@type":"WebPage","@id":"https:\/\/partneriot.com\/es\/productos-iot\/gestion-medioambiental\/medicion-de-gases\/","url":"https:\/\/partneriot.com\/es\/productos-iot\/gestion-medioambiental\/medicion-de-gases\/","name":"Medici\u00f3n de gases | Partner IoT","isPartOf":{"@id":"https:\/\/partneriot.com\/es\/#website"},"primaryImageOfPage":{"@id":"https:\/\/partneriot.com\/es\/productos-iot\/gestion-medioambiental\/medicion-de-gases\/#primaryimage"},"image":{"@id":"https:\/\/partneriot.com\/es\/productos-iot\/gestion-medioambiental\/medicion-de-gases\/#primaryimage"},"thumbnailUrl":"https:\/\/partneriot.com\/wp-content\/uploads\/sensor-mesurament-gasos.jpg","datePublished":"2022-06-02T11:03:00+00:00","dateModified":"2022-06-09T14:35:55+00:00","description":"Dispositivo IoT para medici\u00f3n y monitorizaci\u00f3n de la concentraci\u00f3n de gases en aire","breadcrumb":{"@id":"https:\/\/partneriot.com\/es\/productos-iot\/gestion-medioambiental\/medicion-de-gases\/#breadcrumb"},"inLanguage":"es","potentialAction":[{"@type":"ReadAction","target":["https:\/\/partneriot.com\/es\/productos-iot\/gestion-medioambiental\/medicion-de-gases\/"]}]},{"@type":"ImageObject","inLanguage":"es","@id":"https:\/\/partneriot.com\/es\/productos-iot\/gestion-medioambiental\/medicion-de-gases\/#primaryimage","url":"https:\/\/partneriot.com\/wp-content\/uploads\/sensor-mesurament-gasos.jpg","contentUrl":"https:\/\/partneriot.com\/wp-content\/uploads\/sensor-mesurament-gasos.jpg","width":720,"height":679,"caption":"Medici\u00f3n de gases - productes IoT"},{"@type":"BreadcrumbList","@id":"https:\/\/partneriot.com\/es\/productos-iot\/gestion-medioambiental\/medicion-de-gases\/#breadcrumb","itemListElement":[{"@type":"ListItem","position":1,"name":"Productes IoT","item":"https:\/\/partneriot.com\/productes-iot\/"},{"@type":"ListItem","position":2,"name":"Medici\u00f3n de gases"}]},{"@type":"WebSite","@id":"https:\/\/partneriot.com\/es\/#website","url":"https:\/\/partneriot.com\/es\/","name":"Partner IoT","description":"Soluciones IoT para Smart Cities e Industria 4.0","publisher":{"@id":"https:\/\/partneriot.com\/es\/#organization"},"potentialAction":[{"@type":"SearchAction","target":{"@type":"EntryPoint","urlTemplate":"https:\/\/partneriot.com\/es\/?s={search_term_string}"},"query-input":"required name=search_term_string"}],"inLanguage":"es"},{"@type":"Organization","@id":"https:\/\/partneriot.com\/es\/#organization","name":"Partner IoT","url":"https:\/\/partneriot.com\/es\/","logo":{"@type":"ImageObject","inLanguage":"es","@id":"https:\/\/partneriot.com\/es\/#\/schema\/logo\/image\/","url":"https:\/\/partneriot.com\/wp-content\/uploads\/ParnerIoT-logo.svg","contentUrl":"https:\/\/partneriot.com\/wp-content\/uploads\/ParnerIoT-logo.svg","width":1,"height":1,"caption":"Partner IoT"},"image":{"@id":"https:\/\/partneriot.com\/es\/#\/schema\/logo\/image\/"}}]}},"_links":{"self":[{"href":"https:\/\/partneriot.com\/es\/wp-json\/wp\/v2\/product\/2848"}],"collection":[{"href":"https:\/\/partneriot.com\/es\/wp-json\/wp\/v2\/product"}],"about":[{"href":"https:\/\/partneriot.com\/es\/wp-json\/wp\/v2\/types\/product"}],"wp:featuredmedia":[{"embeddable":true,"href":"https:\/\/partneriot.com\/es\/wp-json\/wp\/v2\/media\/2846"}],"wp:attachment":[{"href":"https:\/\/partneriot.com\/es\/wp-json\/wp\/v2\/media?parent=2848"}],"wp:term":[{"taxonomy":"product_cat","embeddable":true,"href":"https:\/\/partneriot.com\/es\/wp-json\/wp\/v2\/product_cat?post=2848"},{"taxonomy":"product_tag","embeddable":true,"href":"https:\/\/partneriot.com\/es\/wp-json\/wp\/v2\/product_tag?post=2848"}],"curies":[{"name":"wp","href":"https:\/\/api.w.org\/{rel}","templated":true}]}}