{"id":2841,"date":"2022-06-02T12:45:38","date_gmt":"2022-06-02T10:45:38","guid":{"rendered":"https:\/\/partneriot.com\/productes-iot\/sin%20categor\u00eda\/mesurament-amoniac-en-aire\/"},"modified":"2022-06-09T16:35:58","modified_gmt":"2022-06-09T14:35:58","slug":"medicion-amoniaco-en-aire","status":"publish","type":"product","link":"https:\/\/partneriot.com\/es\/productos-iot\/gestion-medioambiental\/medicion-amoniaco-en-aire\/","title":{"rendered":"Medici\u00f3n de amon\u00edaco en aire"},"content":{"rendered":"<h2>Dispositivo IoT para la detecci\u00f3n de amon\u00edaco<\/h2>\n<p>El dispositivo de detecci\u00f3n de amon\u00edaco de Partner IoT est\u00e1 desarrollado especialmente para soportar entornos con altas cantidades de gas.<\/p>\n<p>Contiene un sensor de gas de electrolito s\u00f3lido, que destaca por su larga vida \u00fatil y robustez. Adem\u00e1s, el dispositivo de detecci\u00f3n de NH3 ofrece una tecnolog\u00eda de detecci\u00f3n de gas de alta precisi\u00f3n.<\/p>\n<p>La estaci\u00f3n ambiental integra un m\u00f3dulo de comunicaci\u00f3n con conectividad LoRaWAN, que permite el env\u00edo de los datos a la plataforma de gesti\u00f3n IoT.<\/p>\n<p>Accede a distancia desde m\u00f3viles, tablets y ordenadores al sistema de monitorizaci\u00f3n para la visualizaci\u00f3n en tiempo real del estado de la red de dispositivos instalados y de los niveles medidos.<\/p>\n<p>La plataforma IoT mejora la fiabilidad de los datos obtenidos, aportando informaci\u00f3n de valor y facilitando el control de los niveles de NH3.<\/p>\n","protected":false},"excerpt":{"rendered":"<p>Dispositivo para la detecci\u00f3n de amon\u00edaco desarrollado especialmente para soportar entornos con altas cantidades de gas.<\/p>\n","protected":false},"featured_media":2840,"template":"","meta":{"om_disable_all_campaigns":false},"product_cat":[71],"product_tag":[83],"acf":[],"yoast_head":"<!-- This site is optimized with the Yoast SEO plugin v22.6 - https:\/\/yoast.com\/wordpress\/plugins\/seo\/ -->\n<title>Medici\u00f3n de amon\u00edaco en aire | Partner IoT<\/title>\n<meta name=\"description\" content=\"Dispositivo IoT para la detecci\u00f3n de amon\u00edaco en aire desarrollado especialmente para soportar entornos con altas cantidades de gas\" \/>\n<meta name=\"robots\" content=\"index, follow, max-snippet:-1, max-image-preview:large, max-video-preview:-1\" \/>\n<link rel=\"canonical\" href=\"https:\/\/partneriot.com\/es\/productos-iot\/gestion-medioambiental\/medicion-amoniaco-en-aire\/\" \/>\n<meta property=\"og:locale\" content=\"es_ES\" \/>\n<meta property=\"og:type\" content=\"article\" \/>\n<meta property=\"og:title\" content=\"Medici\u00f3n de amon\u00edaco en aire | Partner IoT\" \/>\n<meta property=\"og:description\" content=\"Dispositivo IoT para la detecci\u00f3n de amon\u00edaco en aire desarrollado especialmente para soportar entornos con altas cantidades de gas\" \/>\n<meta property=\"og:url\" content=\"https:\/\/partneriot.com\/es\/productos-iot\/gestion-medioambiental\/medicion-amoniaco-en-aire\/\" \/>\n<meta property=\"og:site_name\" content=\"Partner IoT\" \/>\n<meta property=\"article:modified_time\" content=\"2022-06-09T14:35:58+00:00\" \/>\n<meta property=\"og:image\" content=\"https:\/\/partneriot.com\/wp-content\/uploads\/deteccio-amoniac.jpg\" \/>\n\t<meta property=\"og:image:width\" content=\"720\" \/>\n\t<meta property=\"og:image:height\" content=\"679\" \/>\n\t<meta property=\"og:image:type\" content=\"image\/jpeg\" \/>\n<meta name=\"twitter:card\" content=\"summary_large_image\" \/>\n<meta name=\"twitter:label1\" content=\"Tiempo de lectura\" \/>\n\t<meta name=\"twitter:data1\" content=\"1 minuto\" \/>\n<script type=\"application\/ld+json\" class=\"yoast-schema-graph\">{\"@context\":\"https:\/\/schema.org\",\"@graph\":[{\"@type\":\"WebPage\",\"@id\":\"https:\/\/partneriot.com\/es\/productos-iot\/gestion-medioambiental\/medicion-amoniaco-en-aire\/\",\"url\":\"https:\/\/partneriot.com\/es\/productos-iot\/gestion-medioambiental\/medicion-amoniaco-en-aire\/\",\"name\":\"Medici\u00f3n de amon\u00edaco en aire | Partner IoT\",\"isPartOf\":{\"@id\":\"https:\/\/partneriot.com\/es\/#website\"},\"primaryImageOfPage\":{\"@id\":\"https:\/\/partneriot.com\/es\/productos-iot\/gestion-medioambiental\/medicion-amoniaco-en-aire\/#primaryimage\"},\"image\":{\"@id\":\"https:\/\/partneriot.com\/es\/productos-iot\/gestion-medioambiental\/medicion-amoniaco-en-aire\/#primaryimage\"},\"thumbnailUrl\":\"https:\/\/partneriot.com\/wp-content\/uploads\/deteccio-amoniac.jpg\",\"datePublished\":\"2022-06-02T10:45:38+00:00\",\"dateModified\":\"2022-06-09T14:35:58+00:00\",\"description\":\"Dispositivo IoT para la detecci\u00f3n de amon\u00edaco en aire desarrollado especialmente para soportar entornos con altas cantidades de gas\",\"breadcrumb\":{\"@id\":\"https:\/\/partneriot.com\/es\/productos-iot\/gestion-medioambiental\/medicion-amoniaco-en-aire\/#breadcrumb\"},\"inLanguage\":\"es\",\"potentialAction\":[{\"@type\":\"ReadAction\",\"target\":[\"https:\/\/partneriot.com\/es\/productos-iot\/gestion-medioambiental\/medicion-amoniaco-en-aire\/\"]}]},{\"@type\":\"ImageObject\",\"inLanguage\":\"es\",\"@id\":\"https:\/\/partneriot.com\/es\/productos-iot\/gestion-medioambiental\/medicion-amoniaco-en-aire\/#primaryimage\",\"url\":\"https:\/\/partneriot.com\/wp-content\/uploads\/deteccio-amoniac.jpg\",\"contentUrl\":\"https:\/\/partneriot.com\/wp-content\/uploads\/deteccio-amoniac.jpg\",\"width\":720,\"height\":679,\"caption\":\"Detecci\u00f3n de amon\u00edaco en aire - productos IoT\"},{\"@type\":\"BreadcrumbList\",\"@id\":\"https:\/\/partneriot.com\/es\/productos-iot\/gestion-medioambiental\/medicion-amoniaco-en-aire\/#breadcrumb\",\"itemListElement\":[{\"@type\":\"ListItem\",\"position\":1,\"name\":\"Productes IoT\",\"item\":\"https:\/\/partneriot.com\/productes-iot\/\"},{\"@type\":\"ListItem\",\"position\":2,\"name\":\"Medici\u00f3n de amon\u00edaco en aire\"}]},{\"@type\":\"WebSite\",\"@id\":\"https:\/\/partneriot.com\/es\/#website\",\"url\":\"https:\/\/partneriot.com\/es\/\",\"name\":\"Partner IoT\",\"description\":\"Soluciones IoT para Smart Cities e Industria 4.0\",\"publisher\":{\"@id\":\"https:\/\/partneriot.com\/es\/#organization\"},\"potentialAction\":[{\"@type\":\"SearchAction\",\"target\":{\"@type\":\"EntryPoint\",\"urlTemplate\":\"https:\/\/partneriot.com\/es\/?s={search_term_string}\"},\"query-input\":\"required name=search_term_string\"}],\"inLanguage\":\"es\"},{\"@type\":\"Organization\",\"@id\":\"https:\/\/partneriot.com\/es\/#organization\",\"name\":\"Partner IoT\",\"url\":\"https:\/\/partneriot.com\/es\/\",\"logo\":{\"@type\":\"ImageObject\",\"inLanguage\":\"es\",\"@id\":\"https:\/\/partneriot.com\/es\/#\/schema\/logo\/image\/\",\"url\":\"https:\/\/partneriot.com\/wp-content\/uploads\/ParnerIoT-logo.svg\",\"contentUrl\":\"https:\/\/partneriot.com\/wp-content\/uploads\/ParnerIoT-logo.svg\",\"width\":1,\"height\":1,\"caption\":\"Partner IoT\"},\"image\":{\"@id\":\"https:\/\/partneriot.com\/es\/#\/schema\/logo\/image\/\"}}]}<\/script>\n<!-- \/ Yoast SEO plugin. -->","yoast_head_json":{"title":"Medici\u00f3n de amon\u00edaco en aire | Partner IoT","description":"Dispositivo IoT para la detecci\u00f3n de amon\u00edaco en aire desarrollado especialmente para soportar entornos con altas cantidades de gas","robots":{"index":"index","follow":"follow","max-snippet":"max-snippet:-1","max-image-preview":"max-image-preview:large","max-video-preview":"max-video-preview:-1"},"canonical":"https:\/\/partneriot.com\/es\/productos-iot\/gestion-medioambiental\/medicion-amoniaco-en-aire\/","og_locale":"es_ES","og_type":"article","og_title":"Medici\u00f3n de amon\u00edaco en aire | Partner IoT","og_description":"Dispositivo IoT para la detecci\u00f3n de amon\u00edaco en aire desarrollado especialmente para soportar entornos con altas cantidades de gas","og_url":"https:\/\/partneriot.com\/es\/productos-iot\/gestion-medioambiental\/medicion-amoniaco-en-aire\/","og_site_name":"Partner IoT","article_modified_time":"2022-06-09T14:35:58+00:00","og_image":[{"width":720,"height":679,"url":"https:\/\/partneriot.com\/wp-content\/uploads\/deteccio-amoniac.jpg","type":"image\/jpeg"}],"twitter_card":"summary_large_image","twitter_misc":{"Tiempo de lectura":"1 minuto"},"schema":{"@context":"https:\/\/schema.org","@graph":[{"@type":"WebPage","@id":"https:\/\/partneriot.com\/es\/productos-iot\/gestion-medioambiental\/medicion-amoniaco-en-aire\/","url":"https:\/\/partneriot.com\/es\/productos-iot\/gestion-medioambiental\/medicion-amoniaco-en-aire\/","name":"Medici\u00f3n de amon\u00edaco en aire | Partner IoT","isPartOf":{"@id":"https:\/\/partneriot.com\/es\/#website"},"primaryImageOfPage":{"@id":"https:\/\/partneriot.com\/es\/productos-iot\/gestion-medioambiental\/medicion-amoniaco-en-aire\/#primaryimage"},"image":{"@id":"https:\/\/partneriot.com\/es\/productos-iot\/gestion-medioambiental\/medicion-amoniaco-en-aire\/#primaryimage"},"thumbnailUrl":"https:\/\/partneriot.com\/wp-content\/uploads\/deteccio-amoniac.jpg","datePublished":"2022-06-02T10:45:38+00:00","dateModified":"2022-06-09T14:35:58+00:00","description":"Dispositivo IoT para la detecci\u00f3n de amon\u00edaco en aire desarrollado especialmente para soportar entornos con altas cantidades de gas","breadcrumb":{"@id":"https:\/\/partneriot.com\/es\/productos-iot\/gestion-medioambiental\/medicion-amoniaco-en-aire\/#breadcrumb"},"inLanguage":"es","potentialAction":[{"@type":"ReadAction","target":["https:\/\/partneriot.com\/es\/productos-iot\/gestion-medioambiental\/medicion-amoniaco-en-aire\/"]}]},{"@type":"ImageObject","inLanguage":"es","@id":"https:\/\/partneriot.com\/es\/productos-iot\/gestion-medioambiental\/medicion-amoniaco-en-aire\/#primaryimage","url":"https:\/\/partneriot.com\/wp-content\/uploads\/deteccio-amoniac.jpg","contentUrl":"https:\/\/partneriot.com\/wp-content\/uploads\/deteccio-amoniac.jpg","width":720,"height":679,"caption":"Detecci\u00f3n de amon\u00edaco en aire - productos IoT"},{"@type":"BreadcrumbList","@id":"https:\/\/partneriot.com\/es\/productos-iot\/gestion-medioambiental\/medicion-amoniaco-en-aire\/#breadcrumb","itemListElement":[{"@type":"ListItem","position":1,"name":"Productes IoT","item":"https:\/\/partneriot.com\/productes-iot\/"},{"@type":"ListItem","position":2,"name":"Medici\u00f3n de amon\u00edaco en aire"}]},{"@type":"WebSite","@id":"https:\/\/partneriot.com\/es\/#website","url":"https:\/\/partneriot.com\/es\/","name":"Partner IoT","description":"Soluciones IoT para Smart Cities e Industria 4.0","publisher":{"@id":"https:\/\/partneriot.com\/es\/#organization"},"potentialAction":[{"@type":"SearchAction","target":{"@type":"EntryPoint","urlTemplate":"https:\/\/partneriot.com\/es\/?s={search_term_string}"},"query-input":"required name=search_term_string"}],"inLanguage":"es"},{"@type":"Organization","@id":"https:\/\/partneriot.com\/es\/#organization","name":"Partner IoT","url":"https:\/\/partneriot.com\/es\/","logo":{"@type":"ImageObject","inLanguage":"es","@id":"https:\/\/partneriot.com\/es\/#\/schema\/logo\/image\/","url":"https:\/\/partneriot.com\/wp-content\/uploads\/ParnerIoT-logo.svg","contentUrl":"https:\/\/partneriot.com\/wp-content\/uploads\/ParnerIoT-logo.svg","width":1,"height":1,"caption":"Partner IoT"},"image":{"@id":"https:\/\/partneriot.com\/es\/#\/schema\/logo\/image\/"}}]}},"_links":{"self":[{"href":"https:\/\/partneriot.com\/es\/wp-json\/wp\/v2\/product\/2841"}],"collection":[{"href":"https:\/\/partneriot.com\/es\/wp-json\/wp\/v2\/product"}],"about":[{"href":"https:\/\/partneriot.com\/es\/wp-json\/wp\/v2\/types\/product"}],"wp:featuredmedia":[{"embeddable":true,"href":"https:\/\/partneriot.com\/es\/wp-json\/wp\/v2\/media\/2840"}],"wp:attachment":[{"href":"https:\/\/partneriot.com\/es\/wp-json\/wp\/v2\/media?parent=2841"}],"wp:term":[{"taxonomy":"product_cat","embeddable":true,"href":"https:\/\/partneriot.com\/es\/wp-json\/wp\/v2\/product_cat?post=2841"},{"taxonomy":"product_tag","embeddable":true,"href":"https:\/\/partneriot.com\/es\/wp-json\/wp\/v2\/product_tag?post=2841"}],"curies":[{"name":"wp","href":"https:\/\/api.w.org\/{rel}","templated":true}]}}