{"id":2821,"date":"2022-06-02T11:58:55","date_gmt":"2022-06-02T09:58:55","guid":{"rendered":"https:\/\/partneriot.com\/productes-iot\/sin%20categor\u00eda\/cabalimetre-ultrasonic\/"},"modified":"2022-06-30T12:44:24","modified_gmt":"2022-06-30T10:44:24","slug":"caudalimetro-ultrasonico","status":"publish","type":"product","link":"https:\/\/partneriot.com\/es\/productos-iot\/infraestructuras\/caudalimetro-ultrasonico\/","title":{"rendered":"Caudal\u00edmetro ultras\u00f3nico"},"content":{"rendered":"<h2>Dispositivo IoT para la medici\u00f3n del caudal, volumen y velocidad de los fluidos de tuber\u00edas y l\u00edquidos<\/h2>\n<p>El caudal\u00edmetro ultras\u00f3nico de precisi\u00f3n no invasivo de Partner IoT est\u00e1 dise\u00f1ado para todo tipo de tuber\u00edas y l\u00edquidos, tanto conductores como no conductores.<\/p>\n<p>Est\u00e1 equipado con dos transductores que se instalan en las paredes externas de la tuber\u00eda y un convertidor que transforma las se\u00f1ales recibidas en valores visibles desde un display que muestra caudal instant\u00e1neo, volumen y velocidad del fluido.<\/p>\n<p>Las principales aplicaciones del caudal\u00edmetro ultras\u00f3nico se dan en tratamientos de aguas y procesos de bombeo, habituales en los sectores industriales y en la gesti\u00f3n p\u00fablica del agua de ciudades y municipios.<\/p>\n<p>El m\u00f3dulo de comunicaci\u00f3n integrado permite la conexi\u00f3n y el acceso a distancia desde m\u00f3viles, tablets y ordenadores al sistema de monitorizaci\u00f3n.<\/p>\n<p>La plataforma de gesti\u00f3n IoT mejora la fiabilidad de los datos obtenidos, aportando informaci\u00f3n \u00fatil para realizar el seguimiento del caudal de las tuber\u00edas y funciones como la visualizaci\u00f3n de datos en formato gr\u00e1fico.<\/p>\n","protected":false},"excerpt":{"rendered":"<p>El caudal\u00edmetro ultras\u00f3nico es un dispositivo IoT de precisi\u00f3n para la medici\u00f3n del caudal, volumen y velocidad de fluidos, dise\u00f1ado para todo tipo de tuber\u00edas y l\u00edquidos.<\/p>\n","protected":false},"featured_media":2820,"template":"","meta":{"om_disable_all_campaigns":false},"product_cat":[67],"product_tag":[82,83,85],"acf":[],"yoast_head":"<!-- This site is optimized with the Yoast SEO plugin v22.6 - https:\/\/yoast.com\/wordpress\/plugins\/seo\/ -->\n<title>Caudal\u00edmetro ultras\u00f3nico | Partner IoT<\/title>\n<meta name=\"description\" content=\"El caudal\u00edmetro ultras\u00f3nico es un dispositivo IoT para la medici\u00f3n del caudal, volumen y velocidad de fluidos, dise\u00f1ado para todo tipo de tuber\u00edas y l\u00edquidos\" \/>\n<meta name=\"robots\" content=\"index, follow, max-snippet:-1, max-image-preview:large, max-video-preview:-1\" \/>\n<link rel=\"canonical\" href=\"https:\/\/partneriot.com\/es\/productos-iot\/infraestructuras\/caudalimetro-ultrasonico\/\" \/>\n<meta property=\"og:locale\" content=\"es_ES\" \/>\n<meta property=\"og:type\" content=\"article\" \/>\n<meta property=\"og:title\" content=\"Caudal\u00edmetro ultras\u00f3nico | Partner IoT\" \/>\n<meta property=\"og:description\" content=\"El caudal\u00edmetro ultras\u00f3nico es un dispositivo IoT para la medici\u00f3n del caudal, volumen y velocidad de fluidos, dise\u00f1ado para todo tipo de tuber\u00edas y l\u00edquidos\" \/>\n<meta property=\"og:url\" content=\"https:\/\/partneriot.com\/es\/productos-iot\/infraestructuras\/caudalimetro-ultrasonico\/\" \/>\n<meta property=\"og:site_name\" content=\"Partner IoT\" \/>\n<meta property=\"article:modified_time\" content=\"2022-06-30T10:44:24+00:00\" \/>\n<meta property=\"og:image\" content=\"https:\/\/partneriot.com\/wp-content\/uploads\/cabalimetre-ultrasonico.jpg\" \/>\n\t<meta property=\"og:image:width\" content=\"720\" \/>\n\t<meta property=\"og:image:height\" content=\"679\" \/>\n\t<meta property=\"og:image:type\" content=\"image\/jpeg\" \/>\n<meta name=\"twitter:card\" content=\"summary_large_image\" \/>\n<meta name=\"twitter:label1\" content=\"Tiempo de lectura\" \/>\n\t<meta name=\"twitter:data1\" content=\"1 minuto\" \/>\n<script type=\"application\/ld+json\" class=\"yoast-schema-graph\">{\"@context\":\"https:\/\/schema.org\",\"@graph\":[{\"@type\":\"WebPage\",\"@id\":\"https:\/\/partneriot.com\/es\/productos-iot\/infraestructuras\/caudalimetro-ultrasonico\/\",\"url\":\"https:\/\/partneriot.com\/es\/productos-iot\/infraestructuras\/caudalimetro-ultrasonico\/\",\"name\":\"Caudal\u00edmetro ultras\u00f3nico | Partner IoT\",\"isPartOf\":{\"@id\":\"https:\/\/partneriot.com\/es\/#website\"},\"primaryImageOfPage\":{\"@id\":\"https:\/\/partneriot.com\/es\/productos-iot\/infraestructuras\/caudalimetro-ultrasonico\/#primaryimage\"},\"image\":{\"@id\":\"https:\/\/partneriot.com\/es\/productos-iot\/infraestructuras\/caudalimetro-ultrasonico\/#primaryimage\"},\"thumbnailUrl\":\"https:\/\/partneriot.com\/wp-content\/uploads\/cabalimetre-ultrasonico.jpg\",\"datePublished\":\"2022-06-02T09:58:55+00:00\",\"dateModified\":\"2022-06-30T10:44:24+00:00\",\"description\":\"El caudal\u00edmetro ultras\u00f3nico es un dispositivo IoT para la medici\u00f3n del caudal, volumen y velocidad de fluidos, dise\u00f1ado para todo tipo de tuber\u00edas y l\u00edquidos\",\"breadcrumb\":{\"@id\":\"https:\/\/partneriot.com\/es\/productos-iot\/infraestructuras\/caudalimetro-ultrasonico\/#breadcrumb\"},\"inLanguage\":\"es\",\"potentialAction\":[{\"@type\":\"ReadAction\",\"target\":[\"https:\/\/partneriot.com\/es\/productos-iot\/infraestructuras\/caudalimetro-ultrasonico\/\"]}]},{\"@type\":\"ImageObject\",\"inLanguage\":\"es\",\"@id\":\"https:\/\/partneriot.com\/es\/productos-iot\/infraestructuras\/caudalimetro-ultrasonico\/#primaryimage\",\"url\":\"https:\/\/partneriot.com\/wp-content\/uploads\/cabalimetre-ultrasonico.jpg\",\"contentUrl\":\"https:\/\/partneriot.com\/wp-content\/uploads\/cabalimetre-ultrasonico.jpg\",\"width\":720,\"height\":679,\"caption\":\"Cabal\u00edmetro ultras\u00f3nico IoT - productos IoT\"},{\"@type\":\"BreadcrumbList\",\"@id\":\"https:\/\/partneriot.com\/es\/productos-iot\/infraestructuras\/caudalimetro-ultrasonico\/#breadcrumb\",\"itemListElement\":[{\"@type\":\"ListItem\",\"position\":1,\"name\":\"Productes IoT\",\"item\":\"https:\/\/partneriot.com\/productes-iot\/\"},{\"@type\":\"ListItem\",\"position\":2,\"name\":\"Caudal\u00edmetro ultras\u00f3nico\"}]},{\"@type\":\"WebSite\",\"@id\":\"https:\/\/partneriot.com\/es\/#website\",\"url\":\"https:\/\/partneriot.com\/es\/\",\"name\":\"Partner IoT\",\"description\":\"Soluciones IoT para Smart Cities e Industria 4.0\",\"publisher\":{\"@id\":\"https:\/\/partneriot.com\/es\/#organization\"},\"potentialAction\":[{\"@type\":\"SearchAction\",\"target\":{\"@type\":\"EntryPoint\",\"urlTemplate\":\"https:\/\/partneriot.com\/es\/?s={search_term_string}\"},\"query-input\":\"required name=search_term_string\"}],\"inLanguage\":\"es\"},{\"@type\":\"Organization\",\"@id\":\"https:\/\/partneriot.com\/es\/#organization\",\"name\":\"Partner IoT\",\"url\":\"https:\/\/partneriot.com\/es\/\",\"logo\":{\"@type\":\"ImageObject\",\"inLanguage\":\"es\",\"@id\":\"https:\/\/partneriot.com\/es\/#\/schema\/logo\/image\/\",\"url\":\"https:\/\/partneriot.com\/wp-content\/uploads\/ParnerIoT-logo.svg\",\"contentUrl\":\"https:\/\/partneriot.com\/wp-content\/uploads\/ParnerIoT-logo.svg\",\"width\":1,\"height\":1,\"caption\":\"Partner IoT\"},\"image\":{\"@id\":\"https:\/\/partneriot.com\/es\/#\/schema\/logo\/image\/\"}}]}<\/script>\n<!-- \/ Yoast SEO plugin. -->","yoast_head_json":{"title":"Caudal\u00edmetro ultras\u00f3nico | Partner IoT","description":"El caudal\u00edmetro ultras\u00f3nico es un dispositivo IoT para la medici\u00f3n del caudal, volumen y velocidad de fluidos, dise\u00f1ado para todo tipo de tuber\u00edas y l\u00edquidos","robots":{"index":"index","follow":"follow","max-snippet":"max-snippet:-1","max-image-preview":"max-image-preview:large","max-video-preview":"max-video-preview:-1"},"canonical":"https:\/\/partneriot.com\/es\/productos-iot\/infraestructuras\/caudalimetro-ultrasonico\/","og_locale":"es_ES","og_type":"article","og_title":"Caudal\u00edmetro ultras\u00f3nico | Partner IoT","og_description":"El caudal\u00edmetro ultras\u00f3nico es un dispositivo IoT para la medici\u00f3n del caudal, volumen y velocidad de fluidos, dise\u00f1ado para todo tipo de tuber\u00edas y l\u00edquidos","og_url":"https:\/\/partneriot.com\/es\/productos-iot\/infraestructuras\/caudalimetro-ultrasonico\/","og_site_name":"Partner IoT","article_modified_time":"2022-06-30T10:44:24+00:00","og_image":[{"width":720,"height":679,"url":"https:\/\/partneriot.com\/wp-content\/uploads\/cabalimetre-ultrasonico.jpg","type":"image\/jpeg"}],"twitter_card":"summary_large_image","twitter_misc":{"Tiempo de lectura":"1 minuto"},"schema":{"@context":"https:\/\/schema.org","@graph":[{"@type":"WebPage","@id":"https:\/\/partneriot.com\/es\/productos-iot\/infraestructuras\/caudalimetro-ultrasonico\/","url":"https:\/\/partneriot.com\/es\/productos-iot\/infraestructuras\/caudalimetro-ultrasonico\/","name":"Caudal\u00edmetro ultras\u00f3nico | Partner IoT","isPartOf":{"@id":"https:\/\/partneriot.com\/es\/#website"},"primaryImageOfPage":{"@id":"https:\/\/partneriot.com\/es\/productos-iot\/infraestructuras\/caudalimetro-ultrasonico\/#primaryimage"},"image":{"@id":"https:\/\/partneriot.com\/es\/productos-iot\/infraestructuras\/caudalimetro-ultrasonico\/#primaryimage"},"thumbnailUrl":"https:\/\/partneriot.com\/wp-content\/uploads\/cabalimetre-ultrasonico.jpg","datePublished":"2022-06-02T09:58:55+00:00","dateModified":"2022-06-30T10:44:24+00:00","description":"El caudal\u00edmetro ultras\u00f3nico es un dispositivo IoT para la medici\u00f3n del caudal, volumen y velocidad de fluidos, dise\u00f1ado para todo tipo de tuber\u00edas y l\u00edquidos","breadcrumb":{"@id":"https:\/\/partneriot.com\/es\/productos-iot\/infraestructuras\/caudalimetro-ultrasonico\/#breadcrumb"},"inLanguage":"es","potentialAction":[{"@type":"ReadAction","target":["https:\/\/partneriot.com\/es\/productos-iot\/infraestructuras\/caudalimetro-ultrasonico\/"]}]},{"@type":"ImageObject","inLanguage":"es","@id":"https:\/\/partneriot.com\/es\/productos-iot\/infraestructuras\/caudalimetro-ultrasonico\/#primaryimage","url":"https:\/\/partneriot.com\/wp-content\/uploads\/cabalimetre-ultrasonico.jpg","contentUrl":"https:\/\/partneriot.com\/wp-content\/uploads\/cabalimetre-ultrasonico.jpg","width":720,"height":679,"caption":"Cabal\u00edmetro ultras\u00f3nico IoT - productos IoT"},{"@type":"BreadcrumbList","@id":"https:\/\/partneriot.com\/es\/productos-iot\/infraestructuras\/caudalimetro-ultrasonico\/#breadcrumb","itemListElement":[{"@type":"ListItem","position":1,"name":"Productes IoT","item":"https:\/\/partneriot.com\/productes-iot\/"},{"@type":"ListItem","position":2,"name":"Caudal\u00edmetro ultras\u00f3nico"}]},{"@type":"WebSite","@id":"https:\/\/partneriot.com\/es\/#website","url":"https:\/\/partneriot.com\/es\/","name":"Partner IoT","description":"Soluciones IoT para Smart Cities e Industria 4.0","publisher":{"@id":"https:\/\/partneriot.com\/es\/#organization"},"potentialAction":[{"@type":"SearchAction","target":{"@type":"EntryPoint","urlTemplate":"https:\/\/partneriot.com\/es\/?s={search_term_string}"},"query-input":"required name=search_term_string"}],"inLanguage":"es"},{"@type":"Organization","@id":"https:\/\/partneriot.com\/es\/#organization","name":"Partner IoT","url":"https:\/\/partneriot.com\/es\/","logo":{"@type":"ImageObject","inLanguage":"es","@id":"https:\/\/partneriot.com\/es\/#\/schema\/logo\/image\/","url":"https:\/\/partneriot.com\/wp-content\/uploads\/ParnerIoT-logo.svg","contentUrl":"https:\/\/partneriot.com\/wp-content\/uploads\/ParnerIoT-logo.svg","width":1,"height":1,"caption":"Partner IoT"},"image":{"@id":"https:\/\/partneriot.com\/es\/#\/schema\/logo\/image\/"}}]}},"_links":{"self":[{"href":"https:\/\/partneriot.com\/es\/wp-json\/wp\/v2\/product\/2821"}],"collection":[{"href":"https:\/\/partneriot.com\/es\/wp-json\/wp\/v2\/product"}],"about":[{"href":"https:\/\/partneriot.com\/es\/wp-json\/wp\/v2\/types\/product"}],"wp:featuredmedia":[{"embeddable":true,"href":"https:\/\/partneriot.com\/es\/wp-json\/wp\/v2\/media\/2820"}],"wp:attachment":[{"href":"https:\/\/partneriot.com\/es\/wp-json\/wp\/v2\/media?parent=2821"}],"wp:term":[{"taxonomy":"product_cat","embeddable":true,"href":"https:\/\/partneriot.com\/es\/wp-json\/wp\/v2\/product_cat?post=2821"},{"taxonomy":"product_tag","embeddable":true,"href":"https:\/\/partneriot.com\/es\/wp-json\/wp\/v2\/product_tag?post=2821"}],"curies":[{"name":"wp","href":"https:\/\/api.w.org\/{rel}","templated":true}]}}