{"id":2815,"date":"2022-06-02T10:18:27","date_gmt":"2022-06-02T08:18:27","guid":{"rendered":"https:\/\/partneriot.com\/productes-iot\/sin%20categor\u00eda\/alarma-de-gelades\/"},"modified":"2022-06-09T16:38:52","modified_gmt":"2022-06-09T14:38:52","slug":"alarma-de-heladas","status":"publish","type":"product","link":"https:\/\/partneriot.com\/es\/productos-iot\/gestion-medioambiental\/alarma-de-heladas\/","title":{"rendered":"Alarma de heladas"},"content":{"rendered":"<h2>Dispositivo IoT para la detecci\u00f3n de heladas<\/h2>\n<p>El dispositivo de detecci\u00f3n de heladas de Partner IoT, es un sensor de alta precisi\u00f3n, calibrado e integrado en un \u00fanico dispositivo compacto y resistente. Los sensores de temperatura, junto a las soluciones de conectividad, dan como resultado una eficaz herramienta para la detecci\u00f3n de heladas.<\/p>\n<p>El sistema de alarma de heladas integra un m\u00f3dulo de comunicaci\u00f3n LoRaWAN o NB-IoT, que permite el env\u00edo de datos a la plataforma IoT.<\/p>\n<p>La plataforma de gesti\u00f3n IoT mejora la fiabilidad de los datos obtenidos, aportando informaci\u00f3n en tiempo real para proteger la futura cosecha de los \u00e1rboles. Accede a distancia desde m\u00f3vil, tablet y ordenador al sistema de monitorizaci\u00f3n y visualizaci\u00f3n de datos.<\/p>\n","protected":false},"excerpt":{"rendered":"<p>Dispositivo IoT de alta precisi\u00f3n para la detecci\u00f3n de heladas, desarrollado especialmente para uso en exteriores.<\/p>\n","protected":false},"featured_media":2810,"template":"","meta":{"om_disable_all_campaigns":false},"product_cat":[71],"product_tag":[82,83],"acf":[],"yoast_head":"<!-- This site is optimized with the Yoast SEO plugin v22.6 - https:\/\/yoast.com\/wordpress\/plugins\/seo\/ -->\n<title>Alarma de heladas | Partner IoT, productes IoT<\/title>\n<meta name=\"description\" content=\"Dispositivo IoT de alta precisi\u00f3n para la detecci\u00f3n de heladas, desarrollado para uso en exteriores y ser de f\u00e1cil instalaci\u00f3n\" \/>\n<meta name=\"robots\" content=\"index, follow, max-snippet:-1, max-image-preview:large, max-video-preview:-1\" \/>\n<link rel=\"canonical\" href=\"https:\/\/partneriot.com\/es\/productos-iot\/gestion-medioambiental\/alarma-de-heladas\/\" \/>\n<meta property=\"og:locale\" content=\"es_ES\" \/>\n<meta property=\"og:type\" content=\"article\" \/>\n<meta property=\"og:title\" content=\"Alarma de heladas | Partner IoT, productes IoT\" \/>\n<meta property=\"og:description\" content=\"Dispositivo IoT de alta precisi\u00f3n para la detecci\u00f3n de heladas, desarrollado para uso en exteriores y ser de f\u00e1cil instalaci\u00f3n\" \/>\n<meta property=\"og:url\" content=\"https:\/\/partneriot.com\/es\/productos-iot\/gestion-medioambiental\/alarma-de-heladas\/\" \/>\n<meta property=\"og:site_name\" content=\"Partner IoT\" \/>\n<meta property=\"article:modified_time\" content=\"2022-06-09T14:38:52+00:00\" \/>\n<meta property=\"og:image\" content=\"https:\/\/partneriot.com\/wp-content\/uploads\/alarma-de-gelades.jpg\" \/>\n\t<meta property=\"og:image:width\" content=\"720\" \/>\n\t<meta property=\"og:image:height\" content=\"679\" \/>\n\t<meta property=\"og:image:type\" content=\"image\/jpeg\" \/>\n<meta name=\"twitter:card\" content=\"summary_large_image\" \/>\n<meta name=\"twitter:label1\" content=\"Tiempo de lectura\" \/>\n\t<meta name=\"twitter:data1\" content=\"1 minuto\" \/>\n<script type=\"application\/ld+json\" class=\"yoast-schema-graph\">{\"@context\":\"https:\/\/schema.org\",\"@graph\":[{\"@type\":\"WebPage\",\"@id\":\"https:\/\/partneriot.com\/es\/productos-iot\/gestion-medioambiental\/alarma-de-heladas\/\",\"url\":\"https:\/\/partneriot.com\/es\/productos-iot\/gestion-medioambiental\/alarma-de-heladas\/\",\"name\":\"Alarma de heladas | Partner IoT, productes IoT\",\"isPartOf\":{\"@id\":\"https:\/\/partneriot.com\/es\/#website\"},\"primaryImageOfPage\":{\"@id\":\"https:\/\/partneriot.com\/es\/productos-iot\/gestion-medioambiental\/alarma-de-heladas\/#primaryimage\"},\"image\":{\"@id\":\"https:\/\/partneriot.com\/es\/productos-iot\/gestion-medioambiental\/alarma-de-heladas\/#primaryimage\"},\"thumbnailUrl\":\"https:\/\/partneriot.com\/wp-content\/uploads\/alarma-de-gelades.jpg\",\"datePublished\":\"2022-06-02T08:18:27+00:00\",\"dateModified\":\"2022-06-09T14:38:52+00:00\",\"description\":\"Dispositivo IoT de alta precisi\u00f3n para la detecci\u00f3n de heladas, desarrollado para uso en exteriores y ser de f\u00e1cil instalaci\u00f3n\",\"breadcrumb\":{\"@id\":\"https:\/\/partneriot.com\/es\/productos-iot\/gestion-medioambiental\/alarma-de-heladas\/#breadcrumb\"},\"inLanguage\":\"es\",\"potentialAction\":[{\"@type\":\"ReadAction\",\"target\":[\"https:\/\/partneriot.com\/es\/productos-iot\/gestion-medioambiental\/alarma-de-heladas\/\"]}]},{\"@type\":\"ImageObject\",\"inLanguage\":\"es\",\"@id\":\"https:\/\/partneriot.com\/es\/productos-iot\/gestion-medioambiental\/alarma-de-heladas\/#primaryimage\",\"url\":\"https:\/\/partneriot.com\/wp-content\/uploads\/alarma-de-gelades.jpg\",\"contentUrl\":\"https:\/\/partneriot.com\/wp-content\/uploads\/alarma-de-gelades.jpg\",\"width\":720,\"height\":679,\"caption\":\"Alarma de heladas - productos IoT\"},{\"@type\":\"BreadcrumbList\",\"@id\":\"https:\/\/partneriot.com\/es\/productos-iot\/gestion-medioambiental\/alarma-de-heladas\/#breadcrumb\",\"itemListElement\":[{\"@type\":\"ListItem\",\"position\":1,\"name\":\"Productes IoT\",\"item\":\"https:\/\/partneriot.com\/productes-iot\/\"},{\"@type\":\"ListItem\",\"position\":2,\"name\":\"Alarma de heladas\"}]},{\"@type\":\"WebSite\",\"@id\":\"https:\/\/partneriot.com\/es\/#website\",\"url\":\"https:\/\/partneriot.com\/es\/\",\"name\":\"Partner IoT\",\"description\":\"Soluciones IoT para Smart Cities e Industria 4.0\",\"publisher\":{\"@id\":\"https:\/\/partneriot.com\/es\/#organization\"},\"potentialAction\":[{\"@type\":\"SearchAction\",\"target\":{\"@type\":\"EntryPoint\",\"urlTemplate\":\"https:\/\/partneriot.com\/es\/?s={search_term_string}\"},\"query-input\":\"required name=search_term_string\"}],\"inLanguage\":\"es\"},{\"@type\":\"Organization\",\"@id\":\"https:\/\/partneriot.com\/es\/#organization\",\"name\":\"Partner IoT\",\"url\":\"https:\/\/partneriot.com\/es\/\",\"logo\":{\"@type\":\"ImageObject\",\"inLanguage\":\"es\",\"@id\":\"https:\/\/partneriot.com\/es\/#\/schema\/logo\/image\/\",\"url\":\"https:\/\/partneriot.com\/wp-content\/uploads\/ParnerIoT-logo.svg\",\"contentUrl\":\"https:\/\/partneriot.com\/wp-content\/uploads\/ParnerIoT-logo.svg\",\"width\":1,\"height\":1,\"caption\":\"Partner IoT\"},\"image\":{\"@id\":\"https:\/\/partneriot.com\/es\/#\/schema\/logo\/image\/\"}}]}<\/script>\n<!-- \/ Yoast SEO plugin. -->","yoast_head_json":{"title":"Alarma de heladas | Partner IoT, productes IoT","description":"Dispositivo IoT de alta precisi\u00f3n para la detecci\u00f3n de heladas, desarrollado para uso en exteriores y ser de f\u00e1cil instalaci\u00f3n","robots":{"index":"index","follow":"follow","max-snippet":"max-snippet:-1","max-image-preview":"max-image-preview:large","max-video-preview":"max-video-preview:-1"},"canonical":"https:\/\/partneriot.com\/es\/productos-iot\/gestion-medioambiental\/alarma-de-heladas\/","og_locale":"es_ES","og_type":"article","og_title":"Alarma de heladas | Partner IoT, productes IoT","og_description":"Dispositivo IoT de alta precisi\u00f3n para la detecci\u00f3n de heladas, desarrollado para uso en exteriores y ser de f\u00e1cil instalaci\u00f3n","og_url":"https:\/\/partneriot.com\/es\/productos-iot\/gestion-medioambiental\/alarma-de-heladas\/","og_site_name":"Partner IoT","article_modified_time":"2022-06-09T14:38:52+00:00","og_image":[{"width":720,"height":679,"url":"https:\/\/partneriot.com\/wp-content\/uploads\/alarma-de-gelades.jpg","type":"image\/jpeg"}],"twitter_card":"summary_large_image","twitter_misc":{"Tiempo de lectura":"1 minuto"},"schema":{"@context":"https:\/\/schema.org","@graph":[{"@type":"WebPage","@id":"https:\/\/partneriot.com\/es\/productos-iot\/gestion-medioambiental\/alarma-de-heladas\/","url":"https:\/\/partneriot.com\/es\/productos-iot\/gestion-medioambiental\/alarma-de-heladas\/","name":"Alarma de heladas | Partner IoT, productes IoT","isPartOf":{"@id":"https:\/\/partneriot.com\/es\/#website"},"primaryImageOfPage":{"@id":"https:\/\/partneriot.com\/es\/productos-iot\/gestion-medioambiental\/alarma-de-heladas\/#primaryimage"},"image":{"@id":"https:\/\/partneriot.com\/es\/productos-iot\/gestion-medioambiental\/alarma-de-heladas\/#primaryimage"},"thumbnailUrl":"https:\/\/partneriot.com\/wp-content\/uploads\/alarma-de-gelades.jpg","datePublished":"2022-06-02T08:18:27+00:00","dateModified":"2022-06-09T14:38:52+00:00","description":"Dispositivo IoT de alta precisi\u00f3n para la detecci\u00f3n de heladas, desarrollado para uso en exteriores y ser de f\u00e1cil instalaci\u00f3n","breadcrumb":{"@id":"https:\/\/partneriot.com\/es\/productos-iot\/gestion-medioambiental\/alarma-de-heladas\/#breadcrumb"},"inLanguage":"es","potentialAction":[{"@type":"ReadAction","target":["https:\/\/partneriot.com\/es\/productos-iot\/gestion-medioambiental\/alarma-de-heladas\/"]}]},{"@type":"ImageObject","inLanguage":"es","@id":"https:\/\/partneriot.com\/es\/productos-iot\/gestion-medioambiental\/alarma-de-heladas\/#primaryimage","url":"https:\/\/partneriot.com\/wp-content\/uploads\/alarma-de-gelades.jpg","contentUrl":"https:\/\/partneriot.com\/wp-content\/uploads\/alarma-de-gelades.jpg","width":720,"height":679,"caption":"Alarma de heladas - productos IoT"},{"@type":"BreadcrumbList","@id":"https:\/\/partneriot.com\/es\/productos-iot\/gestion-medioambiental\/alarma-de-heladas\/#breadcrumb","itemListElement":[{"@type":"ListItem","position":1,"name":"Productes IoT","item":"https:\/\/partneriot.com\/productes-iot\/"},{"@type":"ListItem","position":2,"name":"Alarma de heladas"}]},{"@type":"WebSite","@id":"https:\/\/partneriot.com\/es\/#website","url":"https:\/\/partneriot.com\/es\/","name":"Partner IoT","description":"Soluciones IoT para Smart Cities e Industria 4.0","publisher":{"@id":"https:\/\/partneriot.com\/es\/#organization"},"potentialAction":[{"@type":"SearchAction","target":{"@type":"EntryPoint","urlTemplate":"https:\/\/partneriot.com\/es\/?s={search_term_string}"},"query-input":"required name=search_term_string"}],"inLanguage":"es"},{"@type":"Organization","@id":"https:\/\/partneriot.com\/es\/#organization","name":"Partner IoT","url":"https:\/\/partneriot.com\/es\/","logo":{"@type":"ImageObject","inLanguage":"es","@id":"https:\/\/partneriot.com\/es\/#\/schema\/logo\/image\/","url":"https:\/\/partneriot.com\/wp-content\/uploads\/ParnerIoT-logo.svg","contentUrl":"https:\/\/partneriot.com\/wp-content\/uploads\/ParnerIoT-logo.svg","width":1,"height":1,"caption":"Partner IoT"},"image":{"@id":"https:\/\/partneriot.com\/es\/#\/schema\/logo\/image\/"}}]}},"_links":{"self":[{"href":"https:\/\/partneriot.com\/es\/wp-json\/wp\/v2\/product\/2815"}],"collection":[{"href":"https:\/\/partneriot.com\/es\/wp-json\/wp\/v2\/product"}],"about":[{"href":"https:\/\/partneriot.com\/es\/wp-json\/wp\/v2\/types\/product"}],"wp:featuredmedia":[{"embeddable":true,"href":"https:\/\/partneriot.com\/es\/wp-json\/wp\/v2\/media\/2810"}],"wp:attachment":[{"href":"https:\/\/partneriot.com\/es\/wp-json\/wp\/v2\/media?parent=2815"}],"wp:term":[{"taxonomy":"product_cat","embeddable":true,"href":"https:\/\/partneriot.com\/es\/wp-json\/wp\/v2\/product_cat?post=2815"},{"taxonomy":"product_tag","embeddable":true,"href":"https:\/\/partneriot.com\/es\/wp-json\/wp\/v2\/product_tag?post=2815"}],"curies":[{"name":"wp","href":"https:\/\/api.w.org\/{rel}","templated":true}]}}