{"id":2777,"date":"2022-06-01T17:45:07","date_gmt":"2022-06-01T15:45:07","guid":{"rendered":"https:\/\/partneriot.com\/productes-iot\/sin%20categor\u00eda\/mesurament-de-sitges-i-diposits\/"},"modified":"2022-06-08T16:54:59","modified_gmt":"2022-06-08T14:54:59","slug":"medicion-de-silos-y-depositos","status":"publish","type":"product","link":"https:\/\/partneriot.com\/es\/productos-iot\/infraestructuras\/medicion-de-silos-y-depositos\/","title":{"rendered":"Medici\u00f3n de silos y dep\u00f3sitos"},"content":{"rendered":"<h2>Dispositivo IoT para la medici\u00f3n y monitorizaci\u00f3n de silos y dep\u00f3sitos<\/h2>\n<p>El sistema de medici\u00f3n y monitorizaci\u00f3n de silos y dep\u00f3sitos de Partner IoT permite el seguimiento en tiempo real del nivel de llenado y de carga de todos los silos y dep\u00f3sitos conectados a la plataforma IoT.<\/p>\n<p>Este sistema utiliza tecnolog\u00eda ultras\u00f3nica l\u00e1ser o radar para las lecturas de distancia. Adicionalmente, puede incluir un m\u00f3dulo de seguimiento de la temperatura y humedad interna.<\/p>\n<p>El sensor de medici\u00f3n de silos y dep\u00f3sitos integra un m\u00f3dulo de comunicaci\u00f3n con conectividad LoRaWAN, que permite el env\u00edo de los datos a la plataforma IoT.<\/p>\n<p>Accede a distancia desde m\u00f3viles, tablets y ordenadores al sistema de monitorizaci\u00f3n y visualizaci\u00f3n de datos en formato gr\u00e1fico, para consultar los niveles de alimentos, l\u00edquidos o productos almacenados.<\/p>\n<p>La plataforma IoT mejora la fiabilidad de los datos obtenidos y aporta informaci\u00f3n \u00fatil para realizar el seguimiento del estado taques, minimizando el riesgo de accidentes derivados del exceso de volumen, humedad o temperatura y mejorado la seguridad y rentabilidad de sus silos y dep\u00f3sitos.<\/p>\n","protected":false},"excerpt":{"rendered":"<p>Sistema IoT para la medici\u00f3n y monitorizaci\u00f3n de silos y dep\u00f3sitos, permitiendo el seguimiento del nivel de llenado y de carga.<\/p>\n","protected":false},"featured_media":2534,"template":"","meta":{"om_disable_all_campaigns":false},"product_cat":[67],"product_tag":[79],"acf":[],"yoast_head":"<!-- This site is optimized with the Yoast SEO plugin v22.6 - https:\/\/yoast.com\/wordpress\/plugins\/seo\/ -->\n<title>Medici\u00f3n de silos y dep\u00f3sitos | Partner IoT<\/title>\n<meta name=\"description\" content=\"Sistema IoT para la medici\u00f3n y monitorizaci\u00f3n de silos y dep\u00f3sitos, permitiendo el seguimiento del nivel de llenado y de carga.\" \/>\n<meta name=\"robots\" content=\"index, follow, max-snippet:-1, max-image-preview:large, max-video-preview:-1\" \/>\n<link rel=\"canonical\" href=\"https:\/\/partneriot.com\/es\/productos-iot\/infraestructuras\/medicion-de-silos-y-depositos\/\" \/>\n<meta property=\"og:locale\" content=\"es_ES\" \/>\n<meta property=\"og:type\" content=\"article\" \/>\n<meta property=\"og:title\" content=\"Medici\u00f3n de silos y dep\u00f3sitos | Partner IoT\" \/>\n<meta property=\"og:description\" content=\"Sistema IoT para la medici\u00f3n y monitorizaci\u00f3n de silos y dep\u00f3sitos, permitiendo el seguimiento del nivel de llenado y de carga.\" \/>\n<meta property=\"og:url\" content=\"https:\/\/partneriot.com\/es\/productos-iot\/infraestructuras\/medicion-de-silos-y-depositos\/\" \/>\n<meta property=\"og:site_name\" content=\"Partner IoT\" \/>\n<meta property=\"article:modified_time\" content=\"2022-06-08T14:54:59+00:00\" \/>\n<meta property=\"og:image\" content=\"https:\/\/partneriot.com\/wp-content\/uploads\/mesurament-distancia.jpg\" \/>\n\t<meta property=\"og:image:width\" content=\"720\" \/>\n\t<meta property=\"og:image:height\" content=\"679\" \/>\n\t<meta property=\"og:image:type\" content=\"image\/jpeg\" \/>\n<meta name=\"twitter:card\" content=\"summary_large_image\" \/>\n<meta name=\"twitter:label1\" content=\"Tiempo de lectura\" \/>\n\t<meta name=\"twitter:data1\" content=\"1 minuto\" \/>\n<script type=\"application\/ld+json\" class=\"yoast-schema-graph\">{\"@context\":\"https:\/\/schema.org\",\"@graph\":[{\"@type\":\"WebPage\",\"@id\":\"https:\/\/partneriot.com\/es\/productos-iot\/infraestructuras\/medicion-de-silos-y-depositos\/\",\"url\":\"https:\/\/partneriot.com\/es\/productos-iot\/infraestructuras\/medicion-de-silos-y-depositos\/\",\"name\":\"Medici\u00f3n de silos y dep\u00f3sitos | Partner IoT\",\"isPartOf\":{\"@id\":\"https:\/\/partneriot.com\/es\/#website\"},\"primaryImageOfPage\":{\"@id\":\"https:\/\/partneriot.com\/es\/productos-iot\/infraestructuras\/medicion-de-silos-y-depositos\/#primaryimage\"},\"image\":{\"@id\":\"https:\/\/partneriot.com\/es\/productos-iot\/infraestructuras\/medicion-de-silos-y-depositos\/#primaryimage\"},\"thumbnailUrl\":\"https:\/\/partneriot.com\/wp-content\/uploads\/mesurament-distancia.jpg\",\"datePublished\":\"2022-06-01T15:45:07+00:00\",\"dateModified\":\"2022-06-08T14:54:59+00:00\",\"description\":\"Sistema IoT para la medici\u00f3n y monitorizaci\u00f3n de silos y dep\u00f3sitos, permitiendo el seguimiento del nivel de llenado y de carga.\",\"breadcrumb\":{\"@id\":\"https:\/\/partneriot.com\/es\/productos-iot\/infraestructuras\/medicion-de-silos-y-depositos\/#breadcrumb\"},\"inLanguage\":\"es\",\"potentialAction\":[{\"@type\":\"ReadAction\",\"target\":[\"https:\/\/partneriot.com\/es\/productos-iot\/infraestructuras\/medicion-de-silos-y-depositos\/\"]}]},{\"@type\":\"ImageObject\",\"inLanguage\":\"es\",\"@id\":\"https:\/\/partneriot.com\/es\/productos-iot\/infraestructuras\/medicion-de-silos-y-depositos\/#primaryimage\",\"url\":\"https:\/\/partneriot.com\/wp-content\/uploads\/mesurament-distancia.jpg\",\"contentUrl\":\"https:\/\/partneriot.com\/wp-content\/uploads\/mesurament-distancia.jpg\",\"width\":720,\"height\":679,\"caption\":\"Mesurament de sitges i dip\u00f2sits - productes IoT\"},{\"@type\":\"BreadcrumbList\",\"@id\":\"https:\/\/partneriot.com\/es\/productos-iot\/infraestructuras\/medicion-de-silos-y-depositos\/#breadcrumb\",\"itemListElement\":[{\"@type\":\"ListItem\",\"position\":1,\"name\":\"Productes IoT\",\"item\":\"https:\/\/partneriot.com\/productes-iot\/\"},{\"@type\":\"ListItem\",\"position\":2,\"name\":\"Medici\u00f3n de silos y dep\u00f3sitos\"}]},{\"@type\":\"WebSite\",\"@id\":\"https:\/\/partneriot.com\/es\/#website\",\"url\":\"https:\/\/partneriot.com\/es\/\",\"name\":\"Partner IoT\",\"description\":\"Soluciones IoT para Smart Cities e Industria 4.0\",\"publisher\":{\"@id\":\"https:\/\/partneriot.com\/es\/#organization\"},\"potentialAction\":[{\"@type\":\"SearchAction\",\"target\":{\"@type\":\"EntryPoint\",\"urlTemplate\":\"https:\/\/partneriot.com\/es\/?s={search_term_string}\"},\"query-input\":\"required name=search_term_string\"}],\"inLanguage\":\"es\"},{\"@type\":\"Organization\",\"@id\":\"https:\/\/partneriot.com\/es\/#organization\",\"name\":\"Partner IoT\",\"url\":\"https:\/\/partneriot.com\/es\/\",\"logo\":{\"@type\":\"ImageObject\",\"inLanguage\":\"es\",\"@id\":\"https:\/\/partneriot.com\/es\/#\/schema\/logo\/image\/\",\"url\":\"https:\/\/partneriot.com\/wp-content\/uploads\/ParnerIoT-logo.svg\",\"contentUrl\":\"https:\/\/partneriot.com\/wp-content\/uploads\/ParnerIoT-logo.svg\",\"width\":1,\"height\":1,\"caption\":\"Partner IoT\"},\"image\":{\"@id\":\"https:\/\/partneriot.com\/es\/#\/schema\/logo\/image\/\"}}]}<\/script>\n<!-- \/ Yoast SEO plugin. -->","yoast_head_json":{"title":"Medici\u00f3n de silos y dep\u00f3sitos | Partner IoT","description":"Sistema IoT para la medici\u00f3n y monitorizaci\u00f3n de silos y dep\u00f3sitos, permitiendo el seguimiento del nivel de llenado y de carga.","robots":{"index":"index","follow":"follow","max-snippet":"max-snippet:-1","max-image-preview":"max-image-preview:large","max-video-preview":"max-video-preview:-1"},"canonical":"https:\/\/partneriot.com\/es\/productos-iot\/infraestructuras\/medicion-de-silos-y-depositos\/","og_locale":"es_ES","og_type":"article","og_title":"Medici\u00f3n de silos y dep\u00f3sitos | Partner IoT","og_description":"Sistema IoT para la medici\u00f3n y monitorizaci\u00f3n de silos y dep\u00f3sitos, permitiendo el seguimiento del nivel de llenado y de carga.","og_url":"https:\/\/partneriot.com\/es\/productos-iot\/infraestructuras\/medicion-de-silos-y-depositos\/","og_site_name":"Partner IoT","article_modified_time":"2022-06-08T14:54:59+00:00","og_image":[{"width":720,"height":679,"url":"https:\/\/partneriot.com\/wp-content\/uploads\/mesurament-distancia.jpg","type":"image\/jpeg"}],"twitter_card":"summary_large_image","twitter_misc":{"Tiempo de lectura":"1 minuto"},"schema":{"@context":"https:\/\/schema.org","@graph":[{"@type":"WebPage","@id":"https:\/\/partneriot.com\/es\/productos-iot\/infraestructuras\/medicion-de-silos-y-depositos\/","url":"https:\/\/partneriot.com\/es\/productos-iot\/infraestructuras\/medicion-de-silos-y-depositos\/","name":"Medici\u00f3n de silos y dep\u00f3sitos | Partner IoT","isPartOf":{"@id":"https:\/\/partneriot.com\/es\/#website"},"primaryImageOfPage":{"@id":"https:\/\/partneriot.com\/es\/productos-iot\/infraestructuras\/medicion-de-silos-y-depositos\/#primaryimage"},"image":{"@id":"https:\/\/partneriot.com\/es\/productos-iot\/infraestructuras\/medicion-de-silos-y-depositos\/#primaryimage"},"thumbnailUrl":"https:\/\/partneriot.com\/wp-content\/uploads\/mesurament-distancia.jpg","datePublished":"2022-06-01T15:45:07+00:00","dateModified":"2022-06-08T14:54:59+00:00","description":"Sistema IoT para la medici\u00f3n y monitorizaci\u00f3n de silos y dep\u00f3sitos, permitiendo el seguimiento del nivel de llenado y de carga.","breadcrumb":{"@id":"https:\/\/partneriot.com\/es\/productos-iot\/infraestructuras\/medicion-de-silos-y-depositos\/#breadcrumb"},"inLanguage":"es","potentialAction":[{"@type":"ReadAction","target":["https:\/\/partneriot.com\/es\/productos-iot\/infraestructuras\/medicion-de-silos-y-depositos\/"]}]},{"@type":"ImageObject","inLanguage":"es","@id":"https:\/\/partneriot.com\/es\/productos-iot\/infraestructuras\/medicion-de-silos-y-depositos\/#primaryimage","url":"https:\/\/partneriot.com\/wp-content\/uploads\/mesurament-distancia.jpg","contentUrl":"https:\/\/partneriot.com\/wp-content\/uploads\/mesurament-distancia.jpg","width":720,"height":679,"caption":"Mesurament de sitges i dip\u00f2sits - productes IoT"},{"@type":"BreadcrumbList","@id":"https:\/\/partneriot.com\/es\/productos-iot\/infraestructuras\/medicion-de-silos-y-depositos\/#breadcrumb","itemListElement":[{"@type":"ListItem","position":1,"name":"Productes IoT","item":"https:\/\/partneriot.com\/productes-iot\/"},{"@type":"ListItem","position":2,"name":"Medici\u00f3n de silos y dep\u00f3sitos"}]},{"@type":"WebSite","@id":"https:\/\/partneriot.com\/es\/#website","url":"https:\/\/partneriot.com\/es\/","name":"Partner IoT","description":"Soluciones IoT para Smart Cities e Industria 4.0","publisher":{"@id":"https:\/\/partneriot.com\/es\/#organization"},"potentialAction":[{"@type":"SearchAction","target":{"@type":"EntryPoint","urlTemplate":"https:\/\/partneriot.com\/es\/?s={search_term_string}"},"query-input":"required name=search_term_string"}],"inLanguage":"es"},{"@type":"Organization","@id":"https:\/\/partneriot.com\/es\/#organization","name":"Partner IoT","url":"https:\/\/partneriot.com\/es\/","logo":{"@type":"ImageObject","inLanguage":"es","@id":"https:\/\/partneriot.com\/es\/#\/schema\/logo\/image\/","url":"https:\/\/partneriot.com\/wp-content\/uploads\/ParnerIoT-logo.svg","contentUrl":"https:\/\/partneriot.com\/wp-content\/uploads\/ParnerIoT-logo.svg","width":1,"height":1,"caption":"Partner IoT"},"image":{"@id":"https:\/\/partneriot.com\/es\/#\/schema\/logo\/image\/"}}]}},"_links":{"self":[{"href":"https:\/\/partneriot.com\/es\/wp-json\/wp\/v2\/product\/2777"}],"collection":[{"href":"https:\/\/partneriot.com\/es\/wp-json\/wp\/v2\/product"}],"about":[{"href":"https:\/\/partneriot.com\/es\/wp-json\/wp\/v2\/types\/product"}],"wp:featuredmedia":[{"embeddable":true,"href":"https:\/\/partneriot.com\/es\/wp-json\/wp\/v2\/media\/2534"}],"wp:attachment":[{"href":"https:\/\/partneriot.com\/es\/wp-json\/wp\/v2\/media?parent=2777"}],"wp:term":[{"taxonomy":"product_cat","embeddable":true,"href":"https:\/\/partneriot.com\/es\/wp-json\/wp\/v2\/product_cat?post=2777"},{"taxonomy":"product_tag","embeddable":true,"href":"https:\/\/partneriot.com\/es\/wp-json\/wp\/v2\/product_tag?post=2777"}],"curies":[{"name":"wp","href":"https:\/\/api.w.org\/{rel}","templated":true}]}}