{"id":1953,"date":"2020-08-20T11:02:38","date_gmt":"2020-08-20T11:02:38","guid":{"rendered":"https:\/\/partneriot.com\/politica-de-cookies\/"},"modified":"2022-07-19T17:22:24","modified_gmt":"2022-07-19T15:22:24","slug":"politica-de-cookies","status":"publish","type":"page","link":"https:\/\/partneriot.com\/es\/politica-de-cookies\/","title":{"rendered":"Pol\u00edtica de cookies"},"content":{"rendered":"\t\t<div data-elementor-type=\"wp-page\" data-elementor-id=\"1953\" class=\"elementor elementor-1953 elementor-877\" data-elementor-post-type=\"page\">\n\t\t\t\t\t\t<section class=\"elementor-section elementor-top-section elementor-element elementor-element-2429a03 elementor-section-boxed elementor-section-height-default elementor-section-height-default\" data-id=\"2429a03\" data-element_type=\"section\">\n\t\t\t\t\t\t<div class=\"elementor-container elementor-column-gap-default\">\n\t\t\t\t\t<div class=\"elementor-column elementor-col-100 elementor-top-column elementor-element elementor-element-e5ec6b2\" data-id=\"e5ec6b2\" data-element_type=\"column\">\n\t\t\t<div class=\"elementor-widget-wrap elementor-element-populated\">\n\t\t\t\t\t\t<div class=\"elementor-element elementor-element-66da413 elementor-widget elementor-widget-text-editor\" data-id=\"66da413\" data-element_type=\"widget\" data-widget_type=\"text-editor.default\">\n\t\t\t\t<div class=\"elementor-widget-container\">\n\t\t\t\t\t\t\t\t\t<div>\n<p><span style=\"color: var( --e-global-color-text ); font-family: var( --e-global-typography-text-font-family ), Sans-serif; font-size: 1rem;\">Partner IoT:&nbsp;<\/span><span style=\"color: var( --e-global-color-text ); font-family: var( --e-global-typography-text-font-family ), Sans-serif; font-size: 1rem;\">en adelante la Empresa<\/span><\/p>\n<p>La web de la Empresa tiene por objeto facilitar el conocimiento de los productos y servicios ofrecidos y prestados por La Empresa as\u00ed como proporcionar diferentes servicios a sus clientes.<\/p>\n<p>Todos los contenidos del sitio web de la Empresa, incluidos, sin car\u00e1cter limitativo, textos, gr\u00e1ficos, logotipos, iconos de botones, im\u00e1genes, archivos de audio y software, etc. son bien propiedad de la Empresa, bien de sociedades del grupo al que la Empresa pertenece, bien de los clientes o proveedores, y est\u00e1n protegidos por las normas nacionales e internacionales de propiedad industrial e intelectual.<\/p>\n<p>La compilaci\u00f3n (entendi\u00e9ndose como tal la recopilaci\u00f3n, ordenaci\u00f3n y montaje) de todo el contenido del sitio web la Empresa es propiedad exclusiva de la Empresa y se encuentra protegida por las normas nacionales e internacionales de propiedad industrial e intelectual.<\/p>\n<p>Todo el software utilizado en el sitio web de la Empresa es de la Empresa o de sus proveedores de software, y se encuentra protegido por las leyes nacionales e internacionales de propiedad industrial e intelectual.<\/p>\n<p>Queda terminantemente prohibida cualquier clase de utilizaci\u00f3n del contenido de este sitio web, incluidas la reproducci\u00f3n, modificaci\u00f3n, distribuci\u00f3n, transmisi\u00f3n, posterior publicaci\u00f3n, exhibici\u00f3n o representaci\u00f3n total o parcial del mismo, sin consentimiento expreso de la Empresa o de sus proveedores.<\/p>\n<p>La Empresa y otras denominaciones de productos, servicios, gr\u00e1ficos y logotipos de la Empresa son marcas protegidas por la Empresa. Las denominaciones de otros productos, servicios y compa\u00f1\u00edas mencionadas en este documento pueden ser marcas registradas de sus respectivos propietarios.<\/p>\n<p>La reproducci\u00f3n, modificaci\u00f3n, copia, uso, distribuci\u00f3n, comercializaci\u00f3n, comunicaci\u00f3n p\u00fablica o cualquier otra utilizaci\u00f3n de la informaci\u00f3n contenida en el sitio Web de la Empresa (incluidos su propio dise\u00f1o, configuraci\u00f3n y forma de exposici\u00f3n del sitio Web) que se realice sin autorizaci\u00f3n de la Empresa constituye una infracci\u00f3n de la legislaci\u00f3n vigente en materia de propiedad intelectual.<\/p>\n<p>La Empresa se reserva todos los derechos para modificar, limitar o cancelar el acceso y contenidos del web en cualquier momento, no asumiendo responsabilidad alguna sobre su actualizaci\u00f3n. Asimismo, la Empresa se reserva la facultad de efectuar modificaciones en la configuraci\u00f3n o presentaci\u00f3n de su web, pudiendo hacer uso de tal facultad sin previo aviso.<\/p>\n<p>Tanto el acceso al web de la Empresa como el uso de cualquier informaci\u00f3n contenida en el mismo es de exclusiva responsabilidad de la persona que accede o lo usa, no respondiendo la Empresa de ninguna consecuencia, da\u00f1o o perjuicio que pudiera derivarse del acceso o uso de la informaci\u00f3n. La Empresa no garantiza que la informaci\u00f3n, texto, gr\u00e1ficos, v\u00ednculos, o cualquier otro contenido de su web sean exactos o completos, excluyendo especialmente, cualquier responsabilidad que pudiera derivarse de los contenidos y servicios comerciales o de otra \u00edndole de webs que se pudieran enlazar electr\u00f3nicamente (link), directa o indirectamente, a trav\u00e9s de la web de La Empresa. Para facilitar su acceso, puede que la Empresa incluya v\u00ednculos a p\u00e1ginas de Internet pertenecientes o gestionados por terceros. Al entrar en esos sitios, revisar\u00e1 y aceptar\u00e1 usted las normas de uso de esta p\u00e1gina antes de utilizarla. Tambi\u00e9n aceptar\u00e1 que la Empresa no tiene ning\u00fan control sobre el contenido de estas p\u00e1ginas y que no puede asumir responsabilidad alguna por ning\u00fan material creado o publicado por los mismos. Adem\u00e1s, el v\u00ednculo a un sitio ajeno a la Empresa no implica que la Empresa apruebe dicho sitio, ni los productos o servicios a los que se hace referencia.<\/p>\n<p>El hecho de que en la web de la Empresa se haga referencia a productos, servicios, marcas, nombres comerciales, fabricantes, suministradores, etc., propiedad de terceros no constituye patrocinio o recomendaci\u00f3n de los mismos por parte de ninguna de las entidades del grupo de la Empresa.<\/p>\n<p>La Empresa excluye y declina cualquier responsabilidad que pudiera derivarse de la transmisi\u00f3n de informaci\u00f3n entre usuarios a trav\u00e9s de la red Internet y no adquiere ninguna responsabilidad por causa de problemas t\u00e9cnicos o fallos mec\u00e1nicos en los equipos inform\u00e1ticos producidos durante la conexi\u00f3n a la red, ya sea a trav\u00e9s de la web de la Empresa o de webs de terceros.<\/p>\n<p>La Empresa no se responsabiliza de los virus que tengan su origen en una transmisi\u00f3n telem\u00e1tica infiltrados por terceras partes (por ejemplo, los macros de procesadores de texto, los applets de Java y los programas ActiveX), generados con la finalidad de obtener resultados negativos para un sistema inform\u00e1tico.<\/p>\n<p>La informaci\u00f3n de la informaci\u00f3n de esta web s\u00f3lo tiene car\u00e1cter informativo y ning\u00fan caso tiene car\u00e1cter contractual por parte de La Empresa.<\/p>\n<p>La Empresa garantiza la absoluta confidencialidad de los datos personales de los usuarios de la web de la Empresa. Los datos proporcionados ser\u00e1n incorporados a una base de datos gestionada bajo la exclusiva responsabilidad de la Empresa, creada para facilitar a los usuarios la utilizaci\u00f3n de los servicios ofrecidos por esta as\u00ed como para informarles sobre los productos y servicios que puedan ser de su inter\u00e9s. En cumplimiento de lo dispuesto en la Ley Org\u00e1nica 15\/1999 de 13 de diciembre de Protecci\u00f3n de Datos de car\u00e1cter personal, el usuario podr\u00e1 en todo momento ejercitar los derechos que la ley le confiere relativos al acceso, rectificaci\u00f3n, cancelaci\u00f3n y oposici\u00f3n a la cesi\u00f3n de sus datos al fichero de propiedad exclusiva de la Empresa enviando un e-mail a:&nbsp;<span style=\"color: var( --e-global-color-text ); font-family: var( --e-global-typography-text-font-family ), Sans-serif; font-size: 1rem;\">hola@partneriot.com<\/span><\/p>\n<\/div>\t\t\t\t\t\t\t\t<\/div>\n\t\t\t\t<\/div>\n\t\t\t\t\t<\/div>\n\t\t<\/div>\n\t\t\t\t\t<\/div>\n\t\t<\/section>\n\t\t\t\t<\/div>\n\t\t","protected":false},"excerpt":{"rendered":"<p>Partner IoT:&nbsp;en adelante la Empresa La web de la Empresa tiene por objeto facilitar el conocimiento de los productos y servicios ofrecidos y prestados por La Empresa as\u00ed como proporcionar diferentes servicios a sus clientes. Todos los contenidos del sitio web de la Empresa, incluidos, sin car\u00e1cter limitativo, textos, gr\u00e1ficos, logotipos, iconos de botones, im\u00e1genes, [&hellip;]<\/p>\n","protected":false},"author":1,"featured_media":0,"parent":0,"menu_order":13,"comment_status":"closed","ping_status":"closed","template":"elementor_header_footer","meta":{"om_disable_all_campaigns":false,"footnotes":""},"acf":[],"yoast_head":"<!-- This site is optimized with the Yoast SEO plugin v22.6 - https:\/\/yoast.com\/wordpress\/plugins\/seo\/ -->\n<title>Pol\u00edtica de cookies | Partner IoT<\/title>\n<meta name=\"robots\" content=\"noindex, nofollow\" \/>\n<meta property=\"og:locale\" content=\"es_ES\" \/>\n<meta property=\"og:type\" content=\"article\" \/>\n<meta property=\"og:title\" content=\"Pol\u00edtica de cookies | Partner IoT\" \/>\n<meta property=\"og:description\" content=\"Partner IoT:&nbsp;en adelante la Empresa La web de la Empresa tiene por objeto facilitar el conocimiento de los productos y servicios ofrecidos y prestados por La Empresa as\u00ed como proporcionar diferentes servicios a sus clientes. Todos los contenidos del sitio web de la Empresa, incluidos, sin car\u00e1cter limitativo, textos, gr\u00e1ficos, logotipos, iconos de botones, im\u00e1genes, [&hellip;]\" \/>\n<meta property=\"og:url\" content=\"https:\/\/partneriot.com\/es\/politica-de-cookies\/\" \/>\n<meta property=\"og:site_name\" content=\"Partner IoT\" \/>\n<meta property=\"article:modified_time\" content=\"2022-07-19T15:22:24+00:00\" \/>\n<meta name=\"twitter:card\" content=\"summary_large_image\" \/>\n<meta name=\"twitter:label1\" content=\"Tiempo de lectura\" \/>\n\t<meta name=\"twitter:data1\" content=\"5 minutos\" \/>\n<script type=\"application\/ld+json\" class=\"yoast-schema-graph\">{\"@context\":\"https:\/\/schema.org\",\"@graph\":[{\"@type\":\"WebPage\",\"@id\":\"https:\/\/partneriot.com\/es\/politica-de-cookies\/\",\"url\":\"https:\/\/partneriot.com\/es\/politica-de-cookies\/\",\"name\":\"Pol\u00edtica de cookies | Partner IoT\",\"isPartOf\":{\"@id\":\"https:\/\/partneriot.com\/es\/#website\"},\"datePublished\":\"2020-08-20T11:02:38+00:00\",\"dateModified\":\"2022-07-19T15:22:24+00:00\",\"inLanguage\":\"es\",\"potentialAction\":[{\"@type\":\"ReadAction\",\"target\":[\"https:\/\/partneriot.com\/es\/politica-de-cookies\/\"]}]},{\"@type\":\"WebSite\",\"@id\":\"https:\/\/partneriot.com\/es\/#website\",\"url\":\"https:\/\/partneriot.com\/es\/\",\"name\":\"Partner IoT\",\"description\":\"Soluciones IoT para Smart Cities e Industria 4.0\",\"publisher\":{\"@id\":\"https:\/\/partneriot.com\/es\/#organization\"},\"potentialAction\":[{\"@type\":\"SearchAction\",\"target\":{\"@type\":\"EntryPoint\",\"urlTemplate\":\"https:\/\/partneriot.com\/es\/?s={search_term_string}\"},\"query-input\":\"required name=search_term_string\"}],\"inLanguage\":\"es\"},{\"@type\":\"Organization\",\"@id\":\"https:\/\/partneriot.com\/es\/#organization\",\"name\":\"Partner IoT\",\"url\":\"https:\/\/partneriot.com\/es\/\",\"logo\":{\"@type\":\"ImageObject\",\"inLanguage\":\"es\",\"@id\":\"https:\/\/partneriot.com\/es\/#\/schema\/logo\/image\/\",\"url\":\"https:\/\/partneriot.com\/wp-content\/uploads\/ParnerIoT-logo.svg\",\"contentUrl\":\"https:\/\/partneriot.com\/wp-content\/uploads\/ParnerIoT-logo.svg\",\"width\":1,\"height\":1,\"caption\":\"Partner IoT\"},\"image\":{\"@id\":\"https:\/\/partneriot.com\/es\/#\/schema\/logo\/image\/\"}}]}<\/script>\n<!-- \/ Yoast SEO plugin. -->","yoast_head_json":{"title":"Pol\u00edtica de cookies | Partner IoT","robots":{"index":"noindex","follow":"nofollow"},"og_locale":"es_ES","og_type":"article","og_title":"Pol\u00edtica de cookies | Partner IoT","og_description":"Partner IoT:&nbsp;en adelante la Empresa La web de la Empresa tiene por objeto facilitar el conocimiento de los productos y servicios ofrecidos y prestados por La Empresa as\u00ed como proporcionar diferentes servicios a sus clientes. Todos los contenidos del sitio web de la Empresa, incluidos, sin car\u00e1cter limitativo, textos, gr\u00e1ficos, logotipos, iconos de botones, im\u00e1genes, [&hellip;]","og_url":"https:\/\/partneriot.com\/es\/politica-de-cookies\/","og_site_name":"Partner IoT","article_modified_time":"2022-07-19T15:22:24+00:00","twitter_card":"summary_large_image","twitter_misc":{"Tiempo de lectura":"5 minutos"},"schema":{"@context":"https:\/\/schema.org","@graph":[{"@type":"WebPage","@id":"https:\/\/partneriot.com\/es\/politica-de-cookies\/","url":"https:\/\/partneriot.com\/es\/politica-de-cookies\/","name":"Pol\u00edtica de cookies | Partner IoT","isPartOf":{"@id":"https:\/\/partneriot.com\/es\/#website"},"datePublished":"2020-08-20T11:02:38+00:00","dateModified":"2022-07-19T15:22:24+00:00","inLanguage":"es","potentialAction":[{"@type":"ReadAction","target":["https:\/\/partneriot.com\/es\/politica-de-cookies\/"]}]},{"@type":"WebSite","@id":"https:\/\/partneriot.com\/es\/#website","url":"https:\/\/partneriot.com\/es\/","name":"Partner IoT","description":"Soluciones IoT para Smart Cities e Industria 4.0","publisher":{"@id":"https:\/\/partneriot.com\/es\/#organization"},"potentialAction":[{"@type":"SearchAction","target":{"@type":"EntryPoint","urlTemplate":"https:\/\/partneriot.com\/es\/?s={search_term_string}"},"query-input":"required name=search_term_string"}],"inLanguage":"es"},{"@type":"Organization","@id":"https:\/\/partneriot.com\/es\/#organization","name":"Partner IoT","url":"https:\/\/partneriot.com\/es\/","logo":{"@type":"ImageObject","inLanguage":"es","@id":"https:\/\/partneriot.com\/es\/#\/schema\/logo\/image\/","url":"https:\/\/partneriot.com\/wp-content\/uploads\/ParnerIoT-logo.svg","contentUrl":"https:\/\/partneriot.com\/wp-content\/uploads\/ParnerIoT-logo.svg","width":1,"height":1,"caption":"Partner IoT"},"image":{"@id":"https:\/\/partneriot.com\/es\/#\/schema\/logo\/image\/"}}]}},"_links":{"self":[{"href":"https:\/\/partneriot.com\/es\/wp-json\/wp\/v2\/pages\/1953"}],"collection":[{"href":"https:\/\/partneriot.com\/es\/wp-json\/wp\/v2\/pages"}],"about":[{"href":"https:\/\/partneriot.com\/es\/wp-json\/wp\/v2\/types\/page"}],"author":[{"embeddable":true,"href":"https:\/\/partneriot.com\/es\/wp-json\/wp\/v2\/users\/1"}],"replies":[{"embeddable":true,"href":"https:\/\/partneriot.com\/es\/wp-json\/wp\/v2\/comments?post=1953"}],"version-history":[{"count":0,"href":"https:\/\/partneriot.com\/es\/wp-json\/wp\/v2\/pages\/1953\/revisions"}],"wp:attachment":[{"href":"https:\/\/partneriot.com\/es\/wp-json\/wp\/v2\/media?parent=1953"}],"curies":[{"name":"wp","href":"https:\/\/api.w.org\/{rel}","templated":true}]}}