{"id":1950,"date":"2020-07-05T15:38:04","date_gmt":"2020-07-05T13:38:04","guid":{"rendered":"https:\/\/partneriot.com\/contacta\/"},"modified":"2025-10-16T13:45:00","modified_gmt":"2025-10-16T11:45:00","slug":"contactanos","status":"publish","type":"page","link":"https:\/\/partneriot.com\/es\/contactanos\/","title":{"rendered":"Cont\u00e1ctanos"},"content":{"rendered":"\t\t<div data-elementor-type=\"wp-page\" data-elementor-id=\"1950\" class=\"elementor elementor-1950 elementor-882\" data-elementor-post-type=\"page\">\n\t\t\t\t\t\t<section class=\"elementor-section elementor-top-section elementor-element elementor-element-738a79b elementor-section-full_width elementor-section-height-min-height elementor-section-height-default elementor-section-items-middle\" data-id=\"738a79b\" data-element_type=\"section\" data-settings=\"{&quot;background_background&quot;:&quot;classic&quot;}\">\n\t\t\t\t\t\t\t<div class=\"elementor-background-overlay\"><\/div>\n\t\t\t\t\t\t\t<div class=\"elementor-container elementor-column-gap-default\">\n\t\t\t\t\t<div class=\"elementor-column elementor-col-100 elementor-top-column elementor-element elementor-element-961f216\" data-id=\"961f216\" data-element_type=\"column\">\n\t\t\t<div class=\"elementor-widget-wrap elementor-element-populated\">\n\t\t\t\t\t\t<section class=\"elementor-section elementor-inner-section elementor-element elementor-element-f327322 elementor-section-boxed elementor-section-height-default elementor-section-height-default\" data-id=\"f327322\" data-element_type=\"section\">\n\t\t\t\t\t\t<div class=\"elementor-container elementor-column-gap-default\">\n\t\t\t\t\t<div class=\"elementor-column elementor-col-100 elementor-inner-column elementor-element elementor-element-610ad40\" data-id=\"610ad40\" data-element_type=\"column\">\n\t\t\t<div class=\"elementor-widget-wrap elementor-element-populated\">\n\t\t\t\t\t\t<div class=\"elementor-element elementor-element-4f23ffc elementor-widget elementor-widget-heading\" data-id=\"4f23ffc\" data-element_type=\"widget\" data-widget_type=\"heading.default\">\n\t\t\t\t<div class=\"elementor-widget-container\">\n\t\t\t\t\t<h2 class=\"elementor-heading-title elementor-size-default\">La tecnologia IoT ofereix nous models de gesti\u00f3 digitals que permeten augmentar l\u2019efici\u00e8ncia i la connectivitat<\/h2>\t\t\t\t<\/div>\n\t\t\t\t<\/div>\n\t\t\t\t\t<\/div>\n\t\t<\/div>\n\t\t\t\t\t<\/div>\n\t\t<\/section>\n\t\t\t\t\t<\/div>\n\t\t<\/div>\n\t\t\t\t\t<\/div>\n\t\t<\/section>\n\t\t\t\t<section class=\"elementor-section elementor-top-section elementor-element elementor-element-bb98688 elementor-section-height-min-height elementor-section-items-top elementor-section-boxed elementor-section-height-default\" data-id=\"bb98688\" data-element_type=\"section\">\n\t\t\t\t\t\t<div class=\"elementor-container elementor-column-gap-default\">\n\t\t\t\t\t<div class=\"elementor-column elementor-col-100 elementor-top-column elementor-element elementor-element-1448d17\" data-id=\"1448d17\" data-element_type=\"column\">\n\t\t\t<div class=\"elementor-widget-wrap elementor-element-populated\">\n\t\t\t\t\t\t<div class=\"elementor-element elementor-element-7aee7bb elementor-widget elementor-widget-text-editor\" data-id=\"7aee7bb\" data-element_type=\"widget\" data-widget_type=\"text-editor.default\">\n\t\t\t\t<div class=\"elementor-widget-container\">\n\t\t\t\t\t\t\t\t\t<p><span style=\"color: var( --e-global-color-text ); font-family: var( --e-global-typography-text-font-family ), Sans-serif; font-size: 1rem;\">Des de <b>Partner IoT<\/b> donem <b>suport per implementar la tecnologia IoT<\/b> de manera eficient.<\/span><\/p>\n\t\t\t\t\t\t\t\t<\/div>\n\t\t\t\t<\/div>\n\t\t\t\t<div class=\"elementor-element elementor-element-9a3fbbf elementor-button-align-stretch elementor-widget elementor-widget-form\" data-id=\"9a3fbbf\" data-element_type=\"widget\" data-settings=\"{&quot;step_next_label&quot;:&quot;Siguiente&quot;,&quot;step_previous_label&quot;:&quot;Anterior&quot;,&quot;button_width&quot;:&quot;100&quot;,&quot;step_type&quot;:&quot;number_text&quot;,&quot;step_icon_shape&quot;:&quot;circle&quot;}\" data-widget_type=\"form.default\">\n\t\t\t\t<div class=\"elementor-widget-container\">\n\t\t\t\t\t\t\t<form class=\"elementor-form\" method=\"post\" name=\"Formulari de contacte\">\n\t\t\t<input type=\"hidden\" name=\"post_id\" value=\"1950\"\/>\n\t\t\t<input type=\"hidden\" name=\"form_id\" value=\"9a3fbbf\"\/>\n\t\t\t<input type=\"hidden\" name=\"referer_title\" value=\"Partner IoT\" \/>\n\n\t\t\t\n\t\t\t<div class=\"elementor-form-fields-wrapper elementor-labels-\">\n\t\t\t\t\t\t\t\t<div class=\"elementor-field-type-text elementor-field-group elementor-column elementor-field-group-nombre elementor-col-100\">\n\t\t\t\t\t\t\t\t\t\t\t\t<label for=\"form-field-nombre\" class=\"elementor-field-label elementor-screen-only\">\n\t\t\t\t\t\t\t\tNombre\t\t\t\t\t\t\t<\/label>\n\t\t\t\t\t\t\t\t\t\t\t\t\t\t<input size=\"1\" type=\"text\" name=\"form_fields[nombre]\" id=\"form-field-nombre\" class=\"elementor-field elementor-size-md  elementor-field-textual\" placeholder=\"Nom\">\n\t\t\t\t\t\t\t\t\t\t\t<\/div>\n\t\t\t\t\t\t\t\t<div class=\"elementor-field-type-email elementor-field-group elementor-column elementor-field-group-email elementor-col-50 elementor-field-required\">\n\t\t\t\t\t\t\t\t\t\t\t\t<label for=\"form-field-email\" class=\"elementor-field-label elementor-screen-only\">\n\t\t\t\t\t\t\t\tEmail\t\t\t\t\t\t\t<\/label>\n\t\t\t\t\t\t\t\t\t\t\t\t\t\t<input size=\"1\" type=\"email\" name=\"form_fields[email]\" id=\"form-field-email\" class=\"elementor-field elementor-size-md  elementor-field-textual\" placeholder=\"Email\" required=\"required\">\n\t\t\t\t\t\t\t\t\t\t\t<\/div>\n\t\t\t\t\t\t\t\t<div class=\"elementor-field-type-text elementor-field-group elementor-column elementor-field-group-telefono elementor-col-50\">\n\t\t\t\t\t\t\t\t\t\t\t\t<label for=\"form-field-telefono\" class=\"elementor-field-label elementor-screen-only\">\n\t\t\t\t\t\t\t\tTelefono\t\t\t\t\t\t\t<\/label>\n\t\t\t\t\t\t\t\t\t\t\t\t\t\t<input size=\"1\" type=\"text\" name=\"form_fields[telefono]\" id=\"form-field-telefono\" class=\"elementor-field elementor-size-md  elementor-field-textual\" placeholder=\"Tel\u00e8fon\">\n\t\t\t\t\t\t\t\t\t\t\t<\/div>\n\t\t\t\t\t\t\t\t<div class=\"elementor-field-type-textarea elementor-field-group elementor-column elementor-field-group-mensaje elementor-col-100\">\n\t\t\t\t\t\t\t\t\t\t\t\t<label for=\"form-field-mensaje\" class=\"elementor-field-label elementor-screen-only\">\n\t\t\t\t\t\t\t\tMensaje\t\t\t\t\t\t\t<\/label>\n\t\t\t\t\t\t<textarea class=\"elementor-field-textual elementor-field  elementor-size-md\" name=\"form_fields[mensaje]\" id=\"form-field-mensaje\" rows=\"7\" placeholder=\"Missatge\"><\/textarea>\t\t\t\t<\/div>\n\t\t\t\t\t\t\t\t<div class=\"elementor-field-type-acceptance elementor-field-group elementor-column elementor-field-group-field_4b2bf1a elementor-col-100 elementor-field-required\">\n\t\t\t\t\t\t\t<div class=\"elementor-field-subgroup\">\n\t\t\t<span class=\"elementor-field-option\">\n\t\t\t\t<input type=\"checkbox\" name=\"form_fields[field_4b2bf1a]\" id=\"form-field-field_4b2bf1a\" class=\"elementor-field elementor-size-md  elementor-acceptance-field\" required=\"required\">\n\t\t\t\t<label for=\"form-field-field_4b2bf1a\"><span style=\"font-size:13px; top:-4px; position: relative;\">He llegit i accepto l' <a class=\"v-link\" href=\"\/aviso-legal\/\" rel=\"nofollow\" target=\"_blank\">Av\u00eds legal<\/a> i <a class=\"v-link\" href=\"\/politica-de-privacidad\/\" rel=\"nofollow\" target=\"_blank\">Pol\u00edtica de privacitat<\/a> del lloc web.<\/span>\n<\/label>\t\t\t<\/span>\n\t\t<\/div>\n\t\t\t\t\t\t<\/div>\n\t\t\t\t\t\t\t\t<div class=\"elementor-field-type-recaptcha_v3 elementor-field-group elementor-column elementor-field-group-field_0f1d4e3 elementor-col-100 recaptcha_v3-bottomright\">\n\t\t\t\t\t<div class=\"elementor-field\" id=\"form-field-field_0f1d4e3\"><div class=\"elementor-g-recaptcha\" data-sitekey=\"6LeODPsbAAAAAA-DQJgfr4Ns7kcm2EJO7cNKnkHV\" data-type=\"v3\" data-action=\"Form\" data-badge=\"bottomright\" data-size=\"invisible\"><\/div><\/div>\t\t\t\t<\/div>\n\t\t\t\t\t\t\t\t<div class=\"elementor-field-type-text\">\n\t\t\t\t\t<input size=\"1\" type=\"text\" name=\"form_fields[field_26a32a5]\" id=\"form-field-field_26a32a5\" class=\"elementor-field elementor-size-md \" style=\"display:none !important;\">\t\t\t\t<\/div>\n\t\t\t\t\t\t\t\t<div class=\"elementor-field-group elementor-column elementor-field-type-submit elementor-col-100 e-form__buttons\">\n\t\t\t\t\t<button class=\"elementor-button elementor-size-md\" type=\"submit\">\n\t\t\t\t\t\t<span class=\"elementor-button-content-wrapper\">\n\t\t\t\t\t\t\t\t\t\t\t\t\t\t\t\t\t\t\t\t\t\t<span class=\"elementor-button-text\">Enviar<\/span>\n\t\t\t\t\t\t\t\t\t\t\t\t\t<\/span>\n\t\t\t\t\t<\/button>\n\t\t\t\t<\/div>\n\t\t\t<\/div>\n\t\t<\/form>\n\t\t\t\t\t\t<\/div>\n\t\t\t\t<\/div>\n\t\t\t\t\t<\/div>\n\t\t<\/div>\n\t\t\t\t\t<\/div>\n\t\t<\/section>\n\t\t\t\t<section class=\"elementor-section elementor-top-section elementor-element elementor-element-f157608 elementor-section-boxed elementor-section-height-default elementor-section-height-default\" data-id=\"f157608\" data-element_type=\"section\">\n\t\t\t\t\t\t<div class=\"elementor-container elementor-column-gap-default\">\n\t\t\t\t\t<div class=\"elementor-column elementor-col-100 elementor-top-column elementor-element elementor-element-6ae2b16\" data-id=\"6ae2b16\" data-element_type=\"column\">\n\t\t\t<div class=\"elementor-widget-wrap elementor-element-populated\">\n\t\t\t\t\t\t<div class=\"elementor-element elementor-element-1f8a6f0 elementor-widget elementor-widget-spacer\" data-id=\"1f8a6f0\" data-element_type=\"widget\" data-widget_type=\"spacer.default\">\n\t\t\t\t<div class=\"elementor-widget-container\">\n\t\t\t\t\t\t\t<div class=\"elementor-spacer\">\n\t\t\t<div class=\"elementor-spacer-inner\"><\/div>\n\t\t<\/div>\n\t\t\t\t\t\t<\/div>\n\t\t\t\t<\/div>\n\t\t\t\t\t<\/div>\n\t\t<\/div>\n\t\t\t\t\t<\/div>\n\t\t<\/section>\n\t\t\t\t<\/div>\n\t\t","protected":false},"excerpt":{"rendered":"<p>La tecnologia IoT ofereix nous models de gesti\u00f3 digitals que permeten augmentar l\u2019efici\u00e8ncia i la connectivitat Des de Partner IoT donem suport per implementar la tecnologia IoT de manera eficient.<\/p>\n","protected":false},"author":1,"featured_media":0,"parent":0,"menu_order":5,"comment_status":"closed","ping_status":"closed","template":"","meta":{"om_disable_all_campaigns":false,"footnotes":""},"acf":[],"yoast_head":"<!-- This site is optimized with the Yoast SEO plugin v22.6 - https:\/\/yoast.com\/wordpress\/plugins\/seo\/ -->\n<title>Cont\u00e1ctanos | Partner IoT<\/title>\n<meta name=\"description\" content=\"Consultor\u00eda en soluciones IoT, instalaci\u00f3n e implementaci\u00f3n de tecnolog\u00eda IoT y mantenimiento de sistemas IoT\" \/>\n<meta name=\"robots\" content=\"index, follow, max-snippet:-1, max-image-preview:large, max-video-preview:-1\" \/>\n<link rel=\"canonical\" href=\"https:\/\/partneriot.com\/es\/contactanos\/\" \/>\n<meta property=\"og:locale\" content=\"es_ES\" \/>\n<meta property=\"og:type\" content=\"article\" \/>\n<meta property=\"og:title\" content=\"Cont\u00e1ctanos | Partner IoT\" \/>\n<meta property=\"og:description\" content=\"Consultor\u00eda en soluciones IoT, instalaci\u00f3n e implementaci\u00f3n de tecnolog\u00eda IoT y mantenimiento de sistemas IoT\" \/>\n<meta property=\"og:url\" content=\"https:\/\/partneriot.com\/es\/contactanos\/\" \/>\n<meta property=\"og:site_name\" content=\"Partner IoT\" \/>\n<meta property=\"article:modified_time\" content=\"2025-10-16T11:45:00+00:00\" \/>\n<meta name=\"twitter:card\" content=\"summary_large_image\" \/>\n<meta name=\"twitter:label1\" content=\"Tiempo de lectura\" \/>\n\t<meta name=\"twitter:data1\" content=\"1 minuto\" \/>\n<script type=\"application\/ld+json\" class=\"yoast-schema-graph\">{\"@context\":\"https:\/\/schema.org\",\"@graph\":[{\"@type\":\"WebPage\",\"@id\":\"https:\/\/partneriot.com\/es\/contactanos\/\",\"url\":\"https:\/\/partneriot.com\/es\/contactanos\/\",\"name\":\"Cont\u00e1ctanos | Partner IoT\",\"isPartOf\":{\"@id\":\"https:\/\/partneriot.com\/es\/#website\"},\"datePublished\":\"2020-07-05T13:38:04+00:00\",\"dateModified\":\"2025-10-16T11:45:00+00:00\",\"description\":\"Consultor\u00eda en soluciones IoT, instalaci\u00f3n e implementaci\u00f3n de tecnolog\u00eda IoT y mantenimiento de sistemas IoT\",\"inLanguage\":\"es\",\"potentialAction\":[{\"@type\":\"ReadAction\",\"target\":[\"https:\/\/partneriot.com\/es\/contactanos\/\"]}]},{\"@type\":\"WebSite\",\"@id\":\"https:\/\/partneriot.com\/es\/#website\",\"url\":\"https:\/\/partneriot.com\/es\/\",\"name\":\"Partner IoT\",\"description\":\"Soluciones IoT para Smart Cities e Industria 4.0\",\"publisher\":{\"@id\":\"https:\/\/partneriot.com\/es\/#organization\"},\"potentialAction\":[{\"@type\":\"SearchAction\",\"target\":{\"@type\":\"EntryPoint\",\"urlTemplate\":\"https:\/\/partneriot.com\/es\/?s={search_term_string}\"},\"query-input\":\"required name=search_term_string\"}],\"inLanguage\":\"es\"},{\"@type\":\"Organization\",\"@id\":\"https:\/\/partneriot.com\/es\/#organization\",\"name\":\"Partner IoT\",\"url\":\"https:\/\/partneriot.com\/es\/\",\"logo\":{\"@type\":\"ImageObject\",\"inLanguage\":\"es\",\"@id\":\"https:\/\/partneriot.com\/es\/#\/schema\/logo\/image\/\",\"url\":\"https:\/\/partneriot.com\/wp-content\/uploads\/ParnerIoT-logo.svg\",\"contentUrl\":\"https:\/\/partneriot.com\/wp-content\/uploads\/ParnerIoT-logo.svg\",\"width\":1,\"height\":1,\"caption\":\"Partner IoT\"},\"image\":{\"@id\":\"https:\/\/partneriot.com\/es\/#\/schema\/logo\/image\/\"}}]}<\/script>\n<!-- \/ Yoast SEO plugin. -->","yoast_head_json":{"title":"Cont\u00e1ctanos | Partner IoT","description":"Consultor\u00eda en soluciones IoT, instalaci\u00f3n e implementaci\u00f3n de tecnolog\u00eda IoT y mantenimiento de sistemas IoT","robots":{"index":"index","follow":"follow","max-snippet":"max-snippet:-1","max-image-preview":"max-image-preview:large","max-video-preview":"max-video-preview:-1"},"canonical":"https:\/\/partneriot.com\/es\/contactanos\/","og_locale":"es_ES","og_type":"article","og_title":"Cont\u00e1ctanos | Partner IoT","og_description":"Consultor\u00eda en soluciones IoT, instalaci\u00f3n e implementaci\u00f3n de tecnolog\u00eda IoT y mantenimiento de sistemas IoT","og_url":"https:\/\/partneriot.com\/es\/contactanos\/","og_site_name":"Partner IoT","article_modified_time":"2025-10-16T11:45:00+00:00","twitter_card":"summary_large_image","twitter_misc":{"Tiempo de lectura":"1 minuto"},"schema":{"@context":"https:\/\/schema.org","@graph":[{"@type":"WebPage","@id":"https:\/\/partneriot.com\/es\/contactanos\/","url":"https:\/\/partneriot.com\/es\/contactanos\/","name":"Cont\u00e1ctanos | Partner IoT","isPartOf":{"@id":"https:\/\/partneriot.com\/es\/#website"},"datePublished":"2020-07-05T13:38:04+00:00","dateModified":"2025-10-16T11:45:00+00:00","description":"Consultor\u00eda en soluciones IoT, instalaci\u00f3n e implementaci\u00f3n de tecnolog\u00eda IoT y mantenimiento de sistemas IoT","inLanguage":"es","potentialAction":[{"@type":"ReadAction","target":["https:\/\/partneriot.com\/es\/contactanos\/"]}]},{"@type":"WebSite","@id":"https:\/\/partneriot.com\/es\/#website","url":"https:\/\/partneriot.com\/es\/","name":"Partner IoT","description":"Soluciones IoT para Smart Cities e Industria 4.0","publisher":{"@id":"https:\/\/partneriot.com\/es\/#organization"},"potentialAction":[{"@type":"SearchAction","target":{"@type":"EntryPoint","urlTemplate":"https:\/\/partneriot.com\/es\/?s={search_term_string}"},"query-input":"required name=search_term_string"}],"inLanguage":"es"},{"@type":"Organization","@id":"https:\/\/partneriot.com\/es\/#organization","name":"Partner IoT","url":"https:\/\/partneriot.com\/es\/","logo":{"@type":"ImageObject","inLanguage":"es","@id":"https:\/\/partneriot.com\/es\/#\/schema\/logo\/image\/","url":"https:\/\/partneriot.com\/wp-content\/uploads\/ParnerIoT-logo.svg","contentUrl":"https:\/\/partneriot.com\/wp-content\/uploads\/ParnerIoT-logo.svg","width":1,"height":1,"caption":"Partner IoT"},"image":{"@id":"https:\/\/partneriot.com\/es\/#\/schema\/logo\/image\/"}}]}},"_links":{"self":[{"href":"https:\/\/partneriot.com\/es\/wp-json\/wp\/v2\/pages\/1950"}],"collection":[{"href":"https:\/\/partneriot.com\/es\/wp-json\/wp\/v2\/pages"}],"about":[{"href":"https:\/\/partneriot.com\/es\/wp-json\/wp\/v2\/types\/page"}],"author":[{"embeddable":true,"href":"https:\/\/partneriot.com\/es\/wp-json\/wp\/v2\/users\/1"}],"replies":[{"embeddable":true,"href":"https:\/\/partneriot.com\/es\/wp-json\/wp\/v2\/comments?post=1950"}],"version-history":[{"count":1,"href":"https:\/\/partneriot.com\/es\/wp-json\/wp\/v2\/pages\/1950\/revisions"}],"predecessor-version":[{"id":3510,"href":"https:\/\/partneriot.com\/es\/wp-json\/wp\/v2\/pages\/1950\/revisions\/3510"}],"wp:attachment":[{"href":"https:\/\/partneriot.com\/es\/wp-json\/wp\/v2\/media?parent=1950"}],"curies":[{"name":"wp","href":"https:\/\/api.w.org\/{rel}","templated":true}]}}